{"id":934,"date":"2021-04-28T22:10:51","date_gmt":"2021-04-28T22:10:51","guid":{"rendered":"http:\/\/diknetsecurite.com\/?page_id=934"},"modified":"2021-05-18T22:15:23","modified_gmt":"2021-05-18T22:15:23","slug":"notre-vision","status":"publish","type":"page","link":"https:\/\/diknetsecurite.com\/index.php\/notre-vision\/","title":{"rendered":"NOTRE VISION"},"content":{"rendered":"\t\t<div data-elementor-type=\"wp-page\" data-elementor-id=\"934\" class=\"elementor elementor-934\" data-elementor-settings=\"[]\">\n\t\t\t\t\t\t\t<div class=\"elementor-section-wrap\">\n\t\t\t\t\t\t\t<section class=\"elementor-section elementor-top-section elementor-element elementor-element-c60571e elementor-section-boxed elementor-section-height-default elementor-section-height-default\" data-id=\"c60571e\" data-element_type=\"section\" data-settings=\"{&quot;_ha_eqh_enable&quot;:false}\">\n\t\t\t\t\t\t<div class=\"elementor-container elementor-column-gap-default\">\n\t\t\t\t\t<div class=\"elementor-column elementor-col-50 elementor-top-column elementor-element elementor-element-d8320db\" data-id=\"d8320db\" data-element_type=\"column\">\n\t\t\t<div class=\"elementor-widget-wrap elementor-element-populated\">\n\t\t\t\t\t\t\t\t<div class=\"elementor-element elementor-element-8e9805f elementor-widget elementor-widget-heading\" data-id=\"8e9805f\" data-element_type=\"widget\" data-widget_type=\"heading.default\">\n\t\t\t\t<div class=\"elementor-widget-container\">\n\t\t\t<h4 class=\"elementor-heading-title elementor-size-default\">VISION DE LA SOCIETE DIK NET SECURITE<\/h4>\t\t<\/div>\n\t\t\t\t<\/div>\n\t\t\t\t<div class=\"elementor-element elementor-element-a5125d9 elementor-view-stacked elementor-shape-circle elementor-widget elementor-widget-icon\" data-id=\"a5125d9\" data-element_type=\"widget\" data-widget_type=\"icon.default\">\n\t\t\t\t<div class=\"elementor-widget-container\">\n\t\t\t\t\t<div class=\"elementor-icon-wrapper\">\n\t\t\t<div class=\"elementor-icon\">\n\t\t\t<i aria-hidden=\"true\" class=\"fab fa-tripadvisor\"><\/i>\t\t\t<\/div>\n\t\t<\/div>\n\t\t\t\t<\/div>\n\t\t\t\t<\/div>\n\t\t\t\t<div class=\"elementor-element elementor-element-0de3b95 elementor-widget elementor-widget-text-editor\" data-id=\"0de3b95\" data-element_type=\"widget\" data-widget_type=\"text-editor.default\">\n\t\t\t\t<div class=\"elementor-widget-container\">\n\t\t\t\t\t\t\t\t<p>Nous envisageons un monde dans lequel les personnes et leurs biens sont toujours en s\u00e9curit\u00e9. Pour faire de cette vision une r\u00e9alit\u00e9, nous comptons devenir le principal fournisseur de services de s\u00e9curit\u00e9, de solutions de protection et \u00e9tendrons un partenariat de confiance avec des entreprises, des clients priv\u00e9s et du gouvernement \u00e0 qui nous offrirons des services de s\u00e9curit\u00e9 fiables et enti\u00e8rement cr\u00e9dible sur toute l\u2019\u00e9tendue du territoire Guin\u00e9en.<\/p><p><strong>La SOCIETE DIK NET SECURITE <\/strong>se propose donc de couvrir les domaines ci-dessous :<\/p><ul><li>Protection des personnes ( population) et leurs biens ;<\/li><li>Surveillance des Banques, entrep\u00f4ts, usines, chantiers, centres commerciaux et parkings ;<\/li><li>Assurance des investisseurs pour la protection de leurs investissements ;<\/li><li>Protection rapproch\u00e9e durant les r\u00e9ceptions, f\u00eates, foires, concerts et grandes manifestations de tout genre ;<\/li><li>R\u00e9duction de la criminalit\u00e9 et des attaques \u00e0 mains arm\u00e9es ;<\/li><li>Protection des b\u00e2timents contre toute \u00e9ventuelle intrusion, les risques de cambriolage, les d\u00e9gradations ou sabotages des outils de production, les incendies et les inondations.<\/li><\/ul>\t\t\t\t\t\t<\/div>\n\t\t\t\t<\/div>\n\t\t\t\t\t<\/div>\n\t\t<\/div>\n\t\t\t\t<div class=\"elementor-column elementor-col-50 elementor-top-column elementor-element elementor-element-2e3f033\" data-id=\"2e3f033\" data-element_type=\"column\">\n\t\t\t<div class=\"elementor-widget-wrap elementor-element-populated\">\n\t\t\t\t\t\t\t\t<div class=\"elementor-element elementor-element-9b71d03 elementor-widget elementor-widget-heading\" data-id=\"9b71d03\" data-element_type=\"widget\" data-widget_type=\"heading.default\">\n\t\t\t\t<div class=\"elementor-widget-container\">\n\t\t\t<h4 class=\"elementor-heading-title elementor-size-default\">BIBLIOTH\u00c9QUE D\u2019IMAGES<\/h4>\t\t<\/div>\n\t\t\t\t<\/div>\n\t\t\t\t<div class=\"elementor-element elementor-element-d30da2b elementor-arrows-position-inside elementor-pagination-position-outside elementor-widget elementor-widget-image-carousel\" data-id=\"d30da2b\" data-element_type=\"widget\" data-settings=\"{&quot;slides_to_show&quot;:&quot;1&quot;,&quot;navigation&quot;:&quot;both&quot;,&quot;autoplay&quot;:&quot;yes&quot;,&quot;pause_on_hover&quot;:&quot;yes&quot;,&quot;pause_on_interaction&quot;:&quot;yes&quot;,&quot;autoplay_speed&quot;:5000,&quot;infinite&quot;:&quot;yes&quot;,&quot;effect&quot;:&quot;slide&quot;,&quot;speed&quot;:500}\" data-widget_type=\"image-carousel.default\">\n\t\t\t\t<div class=\"elementor-widget-container\">\n\t\t\t\t\t<div class=\"elementor-image-carousel-wrapper swiper-container\" dir=\"ltr\">\n\t\t\t<div class=\"elementor-image-carousel swiper-wrapper\">\n\t\t\t\t<div class=\"swiper-slide\"><figure class=\"swiper-slide-inner\"><img class=\"swiper-slide-image\" src=\"https:\/\/diknetsecurite.com\/wp-content\/uploads\/2021\/04\/unnamed.jpg\" alt=\"unnamed\" \/><\/figure><\/div><div class=\"swiper-slide\"><figure class=\"swiper-slide-inner\"><img class=\"swiper-slide-image\" src=\"https:\/\/diknetsecurite.com\/wp-content\/uploads\/2021\/04\/img8.jpg\" alt=\"img8\" \/><\/figure><\/div><div class=\"swiper-slide\"><figure class=\"swiper-slide-inner\"><img class=\"swiper-slide-image\" src=\"https:\/\/diknetsecurite.com\/wp-content\/uploads\/2021\/04\/img20.jpg\" alt=\"PHOTO FRANCOIS DESTOC \/ LE TELEGRAMME LORIENT (56) : coronavirus Covid-19 fermeture des magasins agent de s\u00e9curit\u00e9\" \/><\/figure><\/div><div class=\"swiper-slide\"><figure class=\"swiper-slide-inner\"><img class=\"swiper-slide-image\" src=\"https:\/\/diknetsecurite.com\/wp-content\/uploads\/2021\/04\/agent-de-securite.jpg\" alt=\"agent-de-s\u00e9curit\u00e9\" \/><\/figure><\/div><div class=\"swiper-slide\"><figure class=\"swiper-slide-inner\"><img class=\"swiper-slide-image\" src=\"https:\/\/diknetsecurite.com\/wp-content\/uploads\/2021\/04\/lmg10.jpg\" alt=\"lmg10\" \/><\/figure><\/div><div class=\"swiper-slide\"><figure class=\"swiper-slide-inner\"><img class=\"swiper-slide-image\" src=\"https:\/\/diknetsecurite.com\/wp-content\/uploads\/2021\/05\/img1.jpg\" alt=\"img1\" \/><\/figure><\/div>\t\t\t<\/div>\n\t\t\t\t\t\t\t\t\t\t\t\t<div class=\"swiper-pagination\"><\/div>\n\t\t\t\t\t\t\t\t\t\t\t\t\t<div class=\"elementor-swiper-button elementor-swiper-button-prev\">\n\t\t\t\t\t\t<i class=\"eicon-chevron-left\" aria-hidden=\"true\"><\/i>\n\t\t\t\t\t\t<span class=\"elementor-screen-only\">Pr\u00e9c\u00e9dent<\/span>\n\t\t\t\t\t<\/div>\n\t\t\t\t\t<div class=\"elementor-swiper-button elementor-swiper-button-next\">\n\t\t\t\t\t\t<i class=\"eicon-chevron-right\" aria-hidden=\"true\"><\/i>\n\t\t\t\t\t\t<span class=\"elementor-screen-only\">Suivant<\/span>\n\t\t\t\t\t<\/div>\n\t\t\t\t\t\t\t\t\t<\/div>\n\t\t\t\t<\/div>\n\t\t\t\t<\/div>\n\t\t\t\t<div class=\"elementor-element elementor-element-a062438 elementor-widget elementor-widget-google_maps\" data-id=\"a062438\" data-element_type=\"widget\" data-widget_type=\"google_maps.default\">\n\t\t\t\t<div class=\"elementor-widget-container\">\n\t\t\t<div class=\"elementor-custom-embed\"><iframe frameborder=\"0\" scrolling=\"no\" marginheight=\"0\" marginwidth=\"0\" src=\"https:\/\/maps.google.com\/maps?q=Nongo%20Conakry%2C%20Conakry%2C%20Guin%C3%A9e&amp;t=m&amp;z=10&amp;output=embed&amp;iwloc=near\" title=\"Nongo Conakry, Conakry, Guin\u00e9e\" aria-label=\"Nongo Conakry, Conakry, Guin\u00e9e\"><\/iframe><\/div>\t\t<\/div>\n\t\t\t\t<\/div>\n\t\t\t\t<div class=\"elementor-element elementor-element-ecf2f95 elementor-widget elementor-widget-text-editor\" data-id=\"ecf2f95\" data-element_type=\"widget\" data-widget_type=\"text-editor.default\">\n\t\t\t\t<div class=\"elementor-widget-container\">\n\t\t\t\t\t\t\t\t<div data-id=\"2b1e928\" data-element_type=\"widget\" data-widget_type=\"heading.default\"><div><h2>Adresse<\/h2><\/div><\/div><div data-id=\"d8caeaa\" data-element_type=\"widget\" data-widget_type=\"heading.default\"><div><p>Pays : Guin\u00e9e<br \/>Ville : Conakry<br \/>Lieux : Commune de Ratoma (Nongo)<br \/>Tel : + 224 623 31 60 90<br \/>Email : <a href=\"http:\/\/diknetsecurite.com\/index.php\/contact\/\"><span class=\"qu\" tabindex=\"-1\" role=\"gridcell\" translate=\"no\"><span class=\"go\">infos@diknetsecurite.com<\/span><\/span><\/a><\/p><\/div><\/div>\t\t\t\t\t\t<\/div>\n\t\t\t\t<\/div>\n\t\t\t\t\t<\/div>\n\t\t<\/div>\n\t\t\t\t\t\t\t<\/div>\n\t\t<\/section>\n\t\t\t\t\t\t<\/div>\n\t\t\t\t\t<\/div>\n\t\t","protected":false},"excerpt":{"rendered":"<p>VISION DE LA SOCIETE DIK NET SECURITE Nous envisageons un monde dans lequel les personnes et leurs biens sont toujours en s\u00e9curit\u00e9. Pour faire de cette vision une r\u00e9alit\u00e9, nous comptons devenir le principal fournisseur de services de s\u00e9curit\u00e9, de solutions de protection et \u00e9tendrons un partenariat de confiance avec des entreprises, des clients priv\u00e9s &hellip;<\/p>\n<p class=\"read-more\"> <a class=\"\" href=\"https:\/\/diknetsecurite.com\/index.php\/notre-vision\/\"> <span class=\"screen-reader-text\">NOTRE VISION<\/span> Lire la suite\u00a0\u00bb<\/a><\/p>\n","protected":false},"author":1,"featured_media":0,"parent":0,"menu_order":0,"comment_status":"closed","ping_status":"closed","template":"","meta":[],"_links":{"self":[{"href":"https:\/\/diknetsecurite.com\/index.php\/wp-json\/wp\/v2\/pages\/934"}],"collection":[{"href":"https:\/\/diknetsecurite.com\/index.php\/wp-json\/wp\/v2\/pages"}],"about":[{"href":"https:\/\/diknetsecurite.com\/index.php\/wp-json\/wp\/v2\/types\/page"}],"author":[{"embeddable":true,"href":"https:\/\/diknetsecurite.com\/index.php\/wp-json\/wp\/v2\/users\/1"}],"replies":[{"embeddable":true,"href":"https:\/\/diknetsecurite.com\/index.php\/wp-json\/wp\/v2\/comments?post=934"}],"version-history":[{"count":35,"href":"https:\/\/diknetsecurite.com\/index.php\/wp-json\/wp\/v2\/pages\/934\/revisions"}],"predecessor-version":[{"id":2422,"href":"https:\/\/diknetsecurite.com\/index.php\/wp-json\/wp\/v2\/pages\/934\/revisions\/2422"}],"wp:attachment":[{"href":"https:\/\/diknetsecurite.com\/index.php\/wp-json\/wp\/v2\/media?parent=934"}],"curies":[{"name":"wp","href":"https:\/\/api.w.org\/{rel}","templated":true}]}}