{"id":933,"date":"2021-04-28T22:10:24","date_gmt":"2021-04-28T22:10:24","guid":{"rendered":"http:\/\/diknetsecurite.com\/?page_id=933"},"modified":"2021-05-18T22:17:52","modified_gmt":"2021-05-18T22:17:52","slug":"notre-expertise","status":"publish","type":"page","link":"https:\/\/diknetsecurite.com\/index.php\/notre-expertise\/","title":{"rendered":"NOTRE EXPERTISE"},"content":{"rendered":"\t\t<div data-elementor-type=\"wp-page\" data-elementor-id=\"933\" class=\"elementor elementor-933\" data-elementor-settings=\"[]\">\n\t\t\t\t\t\t\t<div class=\"elementor-section-wrap\">\n\t\t\t\t\t\t\t<section class=\"elementor-section elementor-top-section elementor-element elementor-element-c60571e elementor-section-boxed elementor-section-height-default elementor-section-height-default\" data-id=\"c60571e\" data-element_type=\"section\" data-settings=\"{&quot;_ha_eqh_enable&quot;:false}\">\n\t\t\t\t\t\t<div class=\"elementor-container elementor-column-gap-default\">\n\t\t\t\t\t<div class=\"elementor-column elementor-col-50 elementor-top-column elementor-element elementor-element-d8320db\" data-id=\"d8320db\" data-element_type=\"column\">\n\t\t\t<div class=\"elementor-widget-wrap elementor-element-populated\">\n\t\t\t\t\t\t\t\t<div class=\"elementor-element elementor-element-ea8d48c elementor-widget elementor-widget-heading\" data-id=\"ea8d48c\" data-element_type=\"widget\" data-widget_type=\"heading.default\">\n\t\t\t\t<div class=\"elementor-widget-container\">\n\t\t\t<h4 class=\"elementor-heading-title elementor-size-default\">NOTRE EXPERTISE<\/h4>\t\t<\/div>\n\t\t\t\t<\/div>\n\t\t\t\t<div class=\"elementor-element elementor-element-5768c0d elementor-view-stacked elementor-shape-circle elementor-widget elementor-widget-icon\" data-id=\"5768c0d\" data-element_type=\"widget\" data-widget_type=\"icon.default\">\n\t\t\t\t<div class=\"elementor-widget-container\">\n\t\t\t\t\t<div class=\"elementor-icon-wrapper\">\n\t\t\t<div class=\"elementor-icon\">\n\t\t\t<i aria-hidden=\"true\" class=\"fas fa-briefcase\"><\/i>\t\t\t<\/div>\n\t\t<\/div>\n\t\t\t\t<\/div>\n\t\t\t\t<\/div>\n\t\t\t\t<div class=\"elementor-element elementor-element-0de3b95 elementor-widget elementor-widget-text-editor\" data-id=\"0de3b95\" data-element_type=\"widget\" data-widget_type=\"text-editor.default\">\n\t\t\t\t<div class=\"elementor-widget-container\">\n\t\t\t\t\t\t\t\t<p>En toute s\u00e9curit\u00e9, <strong>la SOCIETE DIK NET SECURITE<\/strong>, sp\u00e9cialis\u00e9e dans la s\u00e9curit\u00e9 des personnes et leurs biens, propose des solutions adapt\u00e9es et ad\u00e9quates aux besoins de sa client\u00e8le en mettant \u00e0 disposition une \u00e9quipe compl\u00e8te d\u2019agents de s\u00e9curit\u00e9 et de gardiennage.<\/p><p>En effet, les agents de notre soci\u00e9t\u00e9 sont honn\u00eates, ponctuels, patients, rigoureux, poss\u00e9dant l\u2019esprit d\u2019\u00e9quipes et maitrisent parfaitement le terrain et leur discipline. Outre des comp\u00e9tences professionnelles, nos agents de s\u00e9curit\u00e9 ont un casier judiciaire exempt\u00e9 de toute mention contradictoire, les dipl\u00f4mes ainsi qu\u2019une carte d\u2019identit\u00e9 nationale ou professionnelle obligatoire d\u00e9livr\u00e9e par les autorit\u00e9s comp\u00e9tentes<em>. <\/em><\/p><p>C\u2019est pourquoi, <strong>DIK NET SECURITE<\/strong> dans sa phase de recrutement s\u00e9lectionne rigoureusement ses agents de s\u00e9curit\u00e9.<\/p><p>Ces qualit\u00e9s sont sp\u00e9cifiques \u00e0 nos agents, elles sont n\u00e9cessaires pour effectuer au mieux leurs fonctions en assurant la surveillance et la s\u00e9curit\u00e9 g\u00e9n\u00e9rale des sites et des personnes.<\/p><p>Ainsi gr\u00e2ce au professionnalisme de nos agents de s\u00e9curit\u00e9 votre site est s\u00e9curis\u00e9, et ce par soucis d\u2019efficacit\u00e9, nos agents de s\u00e9curit\u00e9 se conformeront aux respects des valeurs et des missions qui leur seront confi\u00e9es.<\/p><p>\u00a0Nous disposons de l\u2019ensemble des mat\u00e9riels indispensables \u00e0 la bonne ex\u00e9cution de la prestation, notamment :<\/p><ul><li>\u00c9metteurs\u00a0r\u00e9cepteur VHF\u00a0;<\/li><li>Armes blanches\u00a0;<\/li><li>Lampes torses\u00a0;<\/li><li>Battons de police\u00a0;\u00a0<\/li><li>Menottes\u00a0;<\/li><li>A\u00e9rosols\u00a0de s\u00e9curit\u00e9\u00a0;\u00a0<\/li><li>D\u00e9tecteur de m\u00e9tal,<\/li><li>Syst\u00e8me de vid\u00e9osurveillance,<\/li><li>Syst\u00e8me de t\u00e9l\u00e9surveillance,<\/li><li>Syst\u00e8me de contr\u00f4le d\u2019acc\u00e8s,<\/li><li>Syst\u00e8me d\u2019alarme intrusion,<\/li><li>Syst\u00e8me d\u2019alarme incendie.<\/li><\/ul>\t\t\t\t\t\t<\/div>\n\t\t\t\t<\/div>\n\t\t\t\t\t<\/div>\n\t\t<\/div>\n\t\t\t\t<div class=\"elementor-column elementor-col-50 elementor-top-column elementor-element elementor-element-2e3f033\" data-id=\"2e3f033\" data-element_type=\"column\">\n\t\t\t<div class=\"elementor-widget-wrap elementor-element-populated\">\n\t\t\t\t\t\t\t\t<div class=\"elementor-element elementor-element-9b71d03 elementor-widget elementor-widget-heading\" data-id=\"9b71d03\" data-element_type=\"widget\" data-widget_type=\"heading.default\">\n\t\t\t\t<div class=\"elementor-widget-container\">\n\t\t\t<h4 class=\"elementor-heading-title elementor-size-default\">BIBLIOTH\u00c8QUE D'IMAGES<\/h4>\t\t<\/div>\n\t\t\t\t<\/div>\n\t\t\t\t<div class=\"elementor-element elementor-element-61b172e elementor-arrows-position-inside elementor-pagination-position-outside elementor-widget elementor-widget-image-carousel\" data-id=\"61b172e\" data-element_type=\"widget\" data-settings=\"{&quot;slides_to_show&quot;:&quot;1&quot;,&quot;navigation&quot;:&quot;both&quot;,&quot;autoplay&quot;:&quot;yes&quot;,&quot;pause_on_hover&quot;:&quot;yes&quot;,&quot;pause_on_interaction&quot;:&quot;yes&quot;,&quot;autoplay_speed&quot;:5000,&quot;infinite&quot;:&quot;yes&quot;,&quot;effect&quot;:&quot;slide&quot;,&quot;speed&quot;:500}\" data-widget_type=\"image-carousel.default\">\n\t\t\t\t<div class=\"elementor-widget-container\">\n\t\t\t\t\t<div class=\"elementor-image-carousel-wrapper swiper-container\" dir=\"ltr\">\n\t\t\t<div class=\"elementor-image-carousel swiper-wrapper\">\n\t\t\t\t<div class=\"swiper-slide\"><figure class=\"swiper-slide-inner\"><img class=\"swiper-slide-image\" src=\"https:\/\/diknetsecurite.com\/wp-content\/uploads\/2021\/04\/unnamed.jpg\" alt=\"unnamed\" \/><\/figure><\/div><div class=\"swiper-slide\"><figure class=\"swiper-slide-inner\"><img class=\"swiper-slide-image\" src=\"https:\/\/diknetsecurite.com\/wp-content\/uploads\/2021\/04\/img8.jpg\" alt=\"img8\" \/><\/figure><\/div><div class=\"swiper-slide\"><figure class=\"swiper-slide-inner\"><img class=\"swiper-slide-image\" src=\"https:\/\/diknetsecurite.com\/wp-content\/uploads\/2021\/04\/img20.jpg\" alt=\"PHOTO FRANCOIS DESTOC \/ LE TELEGRAMME LORIENT (56) : coronavirus Covid-19 fermeture des magasins agent de s\u00e9curit\u00e9\" \/><\/figure><\/div><div class=\"swiper-slide\"><figure class=\"swiper-slide-inner\"><img class=\"swiper-slide-image\" src=\"https:\/\/diknetsecurite.com\/wp-content\/uploads\/2021\/04\/agent-de-securite.jpg\" alt=\"agent-de-s\u00e9curit\u00e9\" \/><\/figure><\/div><div class=\"swiper-slide\"><figure class=\"swiper-slide-inner\"><img class=\"swiper-slide-image\" src=\"https:\/\/diknetsecurite.com\/wp-content\/uploads\/2021\/04\/lmg10.jpg\" alt=\"lmg10\" \/><\/figure><\/div><div class=\"swiper-slide\"><figure class=\"swiper-slide-inner\"><img class=\"swiper-slide-image\" src=\"https:\/\/diknetsecurite.com\/wp-content\/uploads\/2021\/05\/img1.jpg\" alt=\"img1\" \/><\/figure><\/div>\t\t\t<\/div>\n\t\t\t\t\t\t\t\t\t\t\t\t<div class=\"swiper-pagination\"><\/div>\n\t\t\t\t\t\t\t\t\t\t\t\t\t<div class=\"elementor-swiper-button elementor-swiper-button-prev\">\n\t\t\t\t\t\t<i class=\"eicon-chevron-left\" aria-hidden=\"true\"><\/i>\n\t\t\t\t\t\t<span class=\"elementor-screen-only\">Pr\u00e9c\u00e9dent<\/span>\n\t\t\t\t\t<\/div>\n\t\t\t\t\t<div class=\"elementor-swiper-button elementor-swiper-button-next\">\n\t\t\t\t\t\t<i class=\"eicon-chevron-right\" aria-hidden=\"true\"><\/i>\n\t\t\t\t\t\t<span class=\"elementor-screen-only\">Suivant<\/span>\n\t\t\t\t\t<\/div>\n\t\t\t\t\t\t\t\t\t<\/div>\n\t\t\t\t<\/div>\n\t\t\t\t<\/div>\n\t\t\t\t<div class=\"elementor-element elementor-element-c8f401f elementor-widget elementor-widget-google_maps\" data-id=\"c8f401f\" data-element_type=\"widget\" data-widget_type=\"google_maps.default\">\n\t\t\t\t<div class=\"elementor-widget-container\">\n\t\t\t<div class=\"elementor-custom-embed\"><iframe frameborder=\"0\" scrolling=\"no\" marginheight=\"0\" marginwidth=\"0\" src=\"https:\/\/maps.google.com\/maps?q=Nongo%20Conakry%2C%20Conakry%2C%20Guin%C3%A9e&amp;t=m&amp;z=10&amp;output=embed&amp;iwloc=near\" title=\"Nongo Conakry, Conakry, Guin\u00e9e\" aria-label=\"Nongo Conakry, Conakry, Guin\u00e9e\"><\/iframe><\/div>\t\t<\/div>\n\t\t\t\t<\/div>\n\t\t\t\t<div class=\"elementor-element elementor-element-f21c998 elementor-widget elementor-widget-text-editor\" data-id=\"f21c998\" data-element_type=\"widget\" data-widget_type=\"text-editor.default\">\n\t\t\t\t<div class=\"elementor-widget-container\">\n\t\t\t\t\t\t\t\t<div data-id=\"2b1e928\" data-element_type=\"widget\" data-widget_type=\"heading.default\"><div><h2>Adresse<\/h2><\/div><\/div><div data-id=\"d8caeaa\" data-element_type=\"widget\" data-widget_type=\"heading.default\"><div><p>Pays : Guin\u00e9e<br \/>Ville : Conakry<br \/>Lieux : Commune de Ratoma (Nongo)<br \/>Tel : + 224 623 31 60 90<br \/>Email : <a href=\"http:\/\/diknetsecurite.com\/index.php\/contact\/\"><span class=\"qu\" tabindex=\"-1\" role=\"gridcell\" translate=\"no\"><span class=\"go\">infos@diknetsecurite.com<\/span><\/span><\/a><\/p><\/div><\/div>\t\t\t\t\t\t<\/div>\n\t\t\t\t<\/div>\n\t\t\t\t\t<\/div>\n\t\t<\/div>\n\t\t\t\t\t\t\t<\/div>\n\t\t<\/section>\n\t\t\t\t\t\t<\/div>\n\t\t\t\t\t<\/div>\n\t\t","protected":false},"excerpt":{"rendered":"<p>NOTRE EXPERTISE En toute s\u00e9curit\u00e9, la SOCIETE DIK NET SECURITE, sp\u00e9cialis\u00e9e dans la s\u00e9curit\u00e9 des personnes et leurs biens, propose des solutions adapt\u00e9es et ad\u00e9quates aux besoins de sa client\u00e8le en mettant \u00e0 disposition une \u00e9quipe compl\u00e8te d\u2019agents de s\u00e9curit\u00e9 et de gardiennage. En effet, les agents de notre soci\u00e9t\u00e9 sont honn\u00eates, ponctuels, patients, rigoureux, &hellip;<\/p>\n<p class=\"read-more\"> <a class=\"\" href=\"https:\/\/diknetsecurite.com\/index.php\/notre-expertise\/\"> <span class=\"screen-reader-text\">NOTRE EXPERTISE<\/span> Lire la suite\u00a0\u00bb<\/a><\/p>\n","protected":false},"author":1,"featured_media":0,"parent":0,"menu_order":0,"comment_status":"closed","ping_status":"closed","template":"","meta":[],"_links":{"self":[{"href":"https:\/\/diknetsecurite.com\/index.php\/wp-json\/wp\/v2\/pages\/933"}],"collection":[{"href":"https:\/\/diknetsecurite.com\/index.php\/wp-json\/wp\/v2\/pages"}],"about":[{"href":"https:\/\/diknetsecurite.com\/index.php\/wp-json\/wp\/v2\/types\/page"}],"author":[{"embeddable":true,"href":"https:\/\/diknetsecurite.com\/index.php\/wp-json\/wp\/v2\/users\/1"}],"replies":[{"embeddable":true,"href":"https:\/\/diknetsecurite.com\/index.php\/wp-json\/wp\/v2\/comments?post=933"}],"version-history":[{"count":49,"href":"https:\/\/diknetsecurite.com\/index.php\/wp-json\/wp\/v2\/pages\/933\/revisions"}],"predecessor-version":[{"id":2425,"href":"https:\/\/diknetsecurite.com\/index.php\/wp-json\/wp\/v2\/pages\/933\/revisions\/2425"}],"wp:attachment":[{"href":"https:\/\/diknetsecurite.com\/index.php\/wp-json\/wp\/v2\/media?parent=933"}],"curies":[{"name":"wp","href":"https:\/\/api.w.org\/{rel}","templated":true}]}}