{"id":915,"date":"2021-04-28T21:47:53","date_gmt":"2021-04-28T21:47:53","guid":{"rendered":"http:\/\/diknetsecurite.com\/?page_id=915"},"modified":"2021-08-04T22:49:49","modified_gmt":"2021-08-04T22:49:49","slug":"agent-de-gardiennage","status":"publish","type":"page","link":"https:\/\/diknetsecurite.com\/index.php\/agent-de-gardiennage\/","title":{"rendered":"AGENT DE GARDIENNAGE"},"content":{"rendered":"\t\t<div data-elementor-type=\"wp-page\" data-elementor-id=\"915\" class=\"elementor elementor-915\" data-elementor-settings=\"[]\">\n\t\t\t\t\t\t\t<div class=\"elementor-section-wrap\">\n\t\t\t\t\t\t\t<section class=\"elementor-section elementor-top-section elementor-element elementor-element-22625ef elementor-section-boxed elementor-section-height-default elementor-section-height-default\" data-id=\"22625ef\" data-element_type=\"section\" data-settings=\"{&quot;_ha_eqh_enable&quot;:false}\">\n\t\t\t\t\t\t<div class=\"elementor-container elementor-column-gap-default\">\n\t\t\t\t\t<div class=\"elementor-column elementor-col-33 elementor-top-column elementor-element elementor-element-efde84e\" data-id=\"efde84e\" data-element_type=\"column\">\n\t\t\t<div class=\"elementor-widget-wrap elementor-element-populated\">\n\t\t\t\t\t\t\t\t<div class=\"elementor-element elementor-element-963c1c0 elementor-view-default elementor-widget elementor-widget-icon\" data-id=\"963c1c0\" data-element_type=\"widget\" data-widget_type=\"icon.default\">\n\t\t\t\t<div class=\"elementor-widget-container\">\n\t\t\t\t\t<div class=\"elementor-icon-wrapper\">\n\t\t\t<div class=\"elementor-icon\">\n\t\t\t<i aria-hidden=\"true\" class=\"fas fa-thumbs-up\"><\/i>\t\t\t<\/div>\n\t\t<\/div>\n\t\t\t\t<\/div>\n\t\t\t\t<\/div>\n\t\t\t\t\t<\/div>\n\t\t<\/div>\n\t\t\t\t<div class=\"elementor-column elementor-col-33 elementor-top-column elementor-element elementor-element-da2dbbd\" data-id=\"da2dbbd\" data-element_type=\"column\">\n\t\t\t<div class=\"elementor-widget-wrap elementor-element-populated\">\n\t\t\t\t\t\t\t\t<div class=\"elementor-element elementor-element-12a1e12 elementor-widget elementor-widget-heading\" data-id=\"12a1e12\" data-element_type=\"widget\" data-widget_type=\"heading.default\">\n\t\t\t\t<div class=\"elementor-widget-container\">\n\t\t\t<h5 class=\"elementor-heading-title elementor-size-default\">Nos agents sont rev\u00eatus des tenues r\u00e9glementaires d\u2019usage et porteurs d\u2019un badge d\u2019identification personnel.<\/h5>\t\t<\/div>\n\t\t\t\t<\/div>\n\t\t\t\t\t<\/div>\n\t\t<\/div>\n\t\t\t\t<div class=\"elementor-column elementor-col-33 elementor-top-column elementor-element elementor-element-35f0b4c\" data-id=\"35f0b4c\" data-element_type=\"column\">\n\t\t\t<div class=\"elementor-widget-wrap\">\n\t\t\t\t\t\t\t\t\t<\/div>\n\t\t<\/div>\n\t\t\t\t\t\t\t<\/div>\n\t\t<\/section>\n\t\t\t\t<section class=\"elementor-section elementor-top-section elementor-element elementor-element-8185b1b elementor-section-boxed elementor-section-height-default elementor-section-height-default\" data-id=\"8185b1b\" data-element_type=\"section\" data-settings=\"{&quot;_ha_eqh_enable&quot;:false}\">\n\t\t\t\t\t\t<div class=\"elementor-container elementor-column-gap-default\">\n\t\t\t\t\t<div class=\"elementor-column elementor-col-50 elementor-top-column elementor-element elementor-element-a6db8b1\" data-id=\"a6db8b1\" data-element_type=\"column\">\n\t\t\t<div class=\"elementor-widget-wrap elementor-element-populated\">\n\t\t\t\t\t\t\t\t<div class=\"elementor-element elementor-element-061dc1a elementor-widget elementor-widget-heading\" data-id=\"061dc1a\" data-element_type=\"widget\" data-widget_type=\"heading.default\">\n\t\t\t\t<div class=\"elementor-widget-container\">\n\t\t\t<h6 class=\"elementor-heading-title elementor-size-default\"><a href=\"https:\/\/diknetsecurite.com\/index.php\/agent-de-gardiennage\/\">AGENT DE GARDIENNAGE<\/a><\/h6>\t\t<\/div>\n\t\t\t\t<\/div>\n\t\t\t\t<div class=\"elementor-element elementor-element-db2cba5 elementor-widget elementor-widget-heading\" data-id=\"db2cba5\" data-element_type=\"widget\" data-widget_type=\"heading.default\">\n\t\t\t\t<div class=\"elementor-widget-container\">\n\t\t\t<h6 class=\"elementor-heading-title elementor-size-default\"><a href=\"https:\/\/diknetsecurite.com\/index.php\/agent-de-surveillance\/\"><span class=\"eael-tab-title\">AGENT DE SURVEILLANCE<\/span><\/a><\/h6>\t\t<\/div>\n\t\t\t\t<\/div>\n\t\t\t\t<div class=\"elementor-element elementor-element-ab0fbed elementor-widget elementor-widget-heading\" data-id=\"ab0fbed\" data-element_type=\"widget\" data-widget_type=\"heading.default\">\n\t\t\t\t<div class=\"elementor-widget-container\">\n\t\t\t<h6 class=\"elementor-heading-title elementor-size-default\"><a href=\"https:\/\/diknetsecurite.com\/index.php\/securite-rapprochee\/\"><span class=\"eael-tab-title\">SECURITE RAPROCHEE<\/span><\/a><\/h6>\t\t<\/div>\n\t\t\t\t<\/div>\n\t\t\t\t<div class=\"elementor-element elementor-element-f9364b9 elementor-widget elementor-widget-heading\" data-id=\"f9364b9\" data-element_type=\"widget\" data-widget_type=\"heading.default\">\n\t\t\t\t<div class=\"elementor-widget-container\">\n\t\t\t<h6 class=\"elementor-heading-title elementor-size-default\"><a href=\"https:\/\/diknetsecurite.com\/index.php\/securite-des-evenements\/\"><span class=\"eael-tab-title\">SECURITE DES EVENEMENTS<\/span><\/a><\/h6>\t\t<\/div>\n\t\t\t\t<\/div>\n\t\t\t\t<div class=\"elementor-element elementor-element-b4c2889 elementor-widget elementor-widget-heading\" data-id=\"b4c2889\" data-element_type=\"widget\" data-widget_type=\"heading.default\">\n\t\t\t\t<div class=\"elementor-widget-container\">\n\t\t\t<h6 class=\"elementor-heading-title elementor-size-default\"><a href=\"https:\/\/diknetsecurite.com\/index.php\/agent-covid-19\/\"><span class=\"eael-tab-title\">AGENT COVID 19<\/span><\/a><\/h6>\t\t<\/div>\n\t\t\t\t<\/div>\n\t\t\t\t<div class=\"elementor-element elementor-element-02658a9 elementor-widget elementor-widget-heading\" data-id=\"02658a9\" data-element_type=\"widget\" data-widget_type=\"heading.default\">\n\t\t\t\t<div class=\"elementor-widget-container\">\n\t\t\t<h6 class=\"elementor-heading-title elementor-size-default\"><a href=\"https:\/\/diknetsecurite.com\/index.php\/maitre-chien\/\"><span class=\"eael-tab-title\">MAITRE CHIEN<\/span><\/a><\/h6>\t\t<\/div>\n\t\t\t\t<\/div>\n\t\t\t\t<div class=\"elementor-element elementor-element-fce8998 elementor-widget elementor-widget-heading\" data-id=\"fce8998\" data-element_type=\"widget\" data-widget_type=\"heading.default\">\n\t\t\t\t<div class=\"elementor-widget-container\">\n\t\t\t<h6 class=\"elementor-heading-title elementor-size-default\"><a href=\"https:\/\/diknetsecurite.com\/index.php\/transport-prestige-avec-chauffeur-prive\/\"><span class=\"eael-tab-title\">TRANSPORT PRESTIGE AVEC CHAUFFEUR PRIVE<\/span><\/a><\/h6>\t\t<\/div>\n\t\t\t\t<\/div>\n\t\t\t\t\t<\/div>\n\t\t<\/div>\n\t\t\t\t<div class=\"elementor-column elementor-col-50 elementor-top-column elementor-element elementor-element-ac6d197\" data-id=\"ac6d197\" data-element_type=\"column\">\n\t\t\t<div class=\"elementor-widget-wrap elementor-element-populated\">\n\t\t\t\t\t\t\t\t<div class=\"elementor-element elementor-element-eb3a56e elementor-widget elementor-widget-text-editor\" data-id=\"eb3a56e\" data-element_type=\"widget\" data-widget_type=\"text-editor.default\">\n\t\t\t\t<div class=\"elementor-widget-container\">\n\t\t\t\t\t\t\t\t<div class=\"clearfix active-default\"><h2>AGENTS DE GARDIENNAGE<\/h2><p><img loading=\"lazy\" class=\"alignnone wp-image-2593 size-full\" src=\"https:\/\/diknetsecurite.com\/wp-content\/uploads\/2021\/08\/img2.jpg\" alt=\"\" width=\"1032\" height=\"581\" srcset=\"https:\/\/diknetsecurite.com\/wp-content\/uploads\/2021\/08\/img2.jpg 1032w, https:\/\/diknetsecurite.com\/wp-content\/uploads\/2021\/08\/img2-300x169.jpg 300w, https:\/\/diknetsecurite.com\/wp-content\/uploads\/2021\/08\/img2-1024x576.jpg 1024w, https:\/\/diknetsecurite.com\/wp-content\/uploads\/2021\/08\/img2-768x432.jpg 768w\" sizes=\"(max-width: 1032px) 100vw, 1032px\" \/><\/p><p>Sp\u00e9cialistes du <strong>gardiennage et s\u00e9curit\u00e9<\/strong>, <strong>DIK NET SECURTE<\/strong> propose les meilleures prestations dans les domaines qui peuvent correspondre aux attentes vari\u00e9es des clients.<\/p><p>Nous avons une liste compl\u00e8te de service de gardiennage et s\u00e9curit\u00e9 incluant<\/p><ul><li>Agent de gardiennage et de s\u00e9curit\u00e9\u00a0;<\/li><li>S\u00e9curit\u00e9 des biens et personnes et la protection rapproch\u00e9e ;<\/li><li>Installation de syst\u00e8me de s\u00e9curit\u00e9 et d\u2019alarmes\u00a0;<\/li><li>Surveillance de magasins, supers march\u00e9s, banques et stations ;<\/li><li>S\u00e9curit\u00e9 \u00e9v\u00e8nementielle , mariage, conf\u00e9rences;<\/li><li>Ma\u00eetre-chien.<\/li><\/ul><p>Tous nos services sont assur\u00e9s par un personnel qualifi\u00e9, form\u00e9 selon les normes et les r\u00e8gles du m\u00e9tier. Nos agents de garde peuvent mener des interventions en toute circonstance et \u00e0 toute heure du jour et de la nuit.<\/p><p>Notre\u00a0<strong>service de s\u00e9curit\u00e9 et de gardiennage<\/strong> sont mis en place pour dissuader les personnes malveillantes et pour lutter contre les risques d\u2019incendie sur tout site donn\u00e9. Nous assurons la s\u00e9curit\u00e9 et le gardiennage des entreprises, des chantiers en construction en effectuant des rondes r\u00e9guli\u00e8rement.<\/p><p><b>Nos agents de garde sont op\u00e9rationnels 24h\/24 et 7J\/7 pour combler et satisfaire les attentes de nos clients.\u00a0 Vous pouvez aussi nous joindre au (+224) 623 31 60 90. E-mail: infos@diknetsecurite.com<\/b><\/p><\/div>\t\t\t\t\t\t<\/div>\n\t\t\t\t<\/div>\n\t\t\t\t\t<\/div>\n\t\t<\/div>\n\t\t\t\t\t\t\t<\/div>\n\t\t<\/section>\n\t\t\t\t\t\t<\/div>\n\t\t\t\t\t<\/div>\n\t\t","protected":false},"excerpt":{"rendered":"<p>Nos agents sont rev\u00eatus des tenues r\u00e9glementaires d\u2019usage et porteurs d\u2019un badge d\u2019identification personnel. AGENT DE GARDIENNAGE AGENT DE SURVEILLANCE SECURITE RAPROCHEE SECURITE DES EVENEMENTS AGENT COVID 19 MAITRE CHIEN TRANSPORT PRESTIGE AVEC CHAUFFEUR PRIVE AGENTS DE GARDIENNAGE Sp\u00e9cialistes du gardiennage et s\u00e9curit\u00e9, DIK NET SECURTE propose les meilleures prestations dans les domaines qui peuvent &hellip;<\/p>\n<p class=\"read-more\"> <a class=\"\" href=\"https:\/\/diknetsecurite.com\/index.php\/agent-de-gardiennage\/\"> <span class=\"screen-reader-text\">AGENT DE GARDIENNAGE<\/span> Lire la suite\u00a0\u00bb<\/a><\/p>\n","protected":false},"author":1,"featured_media":0,"parent":0,"menu_order":0,"comment_status":"closed","ping_status":"closed","template":"","meta":[],"_links":{"self":[{"href":"https:\/\/diknetsecurite.com\/index.php\/wp-json\/wp\/v2\/pages\/915"}],"collection":[{"href":"https:\/\/diknetsecurite.com\/index.php\/wp-json\/wp\/v2\/pages"}],"about":[{"href":"https:\/\/diknetsecurite.com\/index.php\/wp-json\/wp\/v2\/types\/page"}],"author":[{"embeddable":true,"href":"https:\/\/diknetsecurite.com\/index.php\/wp-json\/wp\/v2\/users\/1"}],"replies":[{"embeddable":true,"href":"https:\/\/diknetsecurite.com\/index.php\/wp-json\/wp\/v2\/comments?post=915"}],"version-history":[{"count":113,"href":"https:\/\/diknetsecurite.com\/index.php\/wp-json\/wp\/v2\/pages\/915\/revisions"}],"predecessor-version":[{"id":2596,"href":"https:\/\/diknetsecurite.com\/index.php\/wp-json\/wp\/v2\/pages\/915\/revisions\/2596"}],"wp:attachment":[{"href":"https:\/\/diknetsecurite.com\/index.php\/wp-json\/wp\/v2\/media?parent=915"}],"curies":[{"name":"wp","href":"https:\/\/api.w.org\/{rel}","templated":true}]}}