{"id":390,"date":"2021-04-22T23:49:44","date_gmt":"2021-04-22T23:49:44","guid":{"rendered":"http:\/\/diknetsecurite.com\/?page_id=390"},"modified":"2021-05-17T17:53:17","modified_gmt":"2021-05-17T17:53:17","slug":"actualites","status":"publish","type":"page","link":"https:\/\/diknetsecurite.com\/index.php\/actualites\/","title":{"rendered":"ACTUALIT\u00c9S"},"content":{"rendered":"\t\t<div data-elementor-type=\"wp-page\" data-elementor-id=\"390\" class=\"elementor elementor-390\" data-elementor-settings=\"[]\">\n\t\t\t\t\t\t\t<div class=\"elementor-section-wrap\">\n\t\t\t\t\t\t\t<section class=\"elementor-section elementor-top-section elementor-element elementor-element-fea8b63 elementor-section-boxed elementor-section-height-default elementor-section-height-default\" data-id=\"fea8b63\" data-element_type=\"section\" data-settings=\"{&quot;_ha_eqh_enable&quot;:false}\">\n\t\t\t\t\t\t<div class=\"elementor-container elementor-column-gap-default\">\n\t\t\t\t\t<div class=\"elementor-column elementor-col-50 elementor-top-column elementor-element elementor-element-20970b8\" data-id=\"20970b8\" data-element_type=\"column\">\n\t\t\t<div class=\"elementor-widget-wrap elementor-element-populated\">\n\t\t\t\t\t\t\t\t<div class=\"elementor-element elementor-element-8ba6e3a elementor-widget elementor-widget-heading\" data-id=\"8ba6e3a\" data-element_type=\"widget\" data-widget_type=\"heading.default\">\n\t\t\t\t<div class=\"elementor-widget-container\">\n\t\t\t<h2 class=\"elementor-heading-title elementor-size-default\">Derni\u00e8re Information<\/h2>\t\t<\/div>\n\t\t\t\t<\/div>\n\t\t\t\t<div class=\"elementor-element elementor-element-787043c elementor-grid-1 elementor-posts--thumbnail-left elementor-grid-tablet-2 elementor-grid-mobile-1 elementor-widget elementor-widget-posts\" data-id=\"787043c\" data-element_type=\"widget\" data-settings=\"{&quot;classic_columns&quot;:&quot;1&quot;,&quot;classic_row_gap&quot;:{&quot;unit&quot;:&quot;px&quot;,&quot;size&quot;:34,&quot;sizes&quot;:[]},&quot;classic_columns_tablet&quot;:&quot;2&quot;,&quot;classic_columns_mobile&quot;:&quot;1&quot;}\" data-widget_type=\"posts.classic\">\n\t\t\t\t<div class=\"elementor-widget-container\">\n\t\t\t\t\t<div class=\"elementor-posts-container elementor-posts elementor-posts--skin-classic elementor-grid\">\n\t\t\t\t<article class=\"elementor-post elementor-grid-item post-2697 post type-post status-publish format-standard has-post-thumbnail hentry category-securite-en-guinee-conakry\">\n\t\t\t\t<a class=\"elementor-post__thumbnail__link\" href=\"https:\/\/diknetsecurite.com\/index.php\/2022\/07\/31\/site-de-villa-sily-a-kankan\/\" >\n\t\t\t<div class=\"elementor-post__thumbnail\"><img width=\"300\" height=\"169\" src=\"https:\/\/diknetsecurite.com\/wp-content\/uploads\/2022\/07\/WhatsApp-Image-2022-06-05-at-15.37.38-300x169.jpeg\" class=\"attachment-medium size-medium\" alt=\"\" loading=\"lazy\" srcset=\"https:\/\/diknetsecurite.com\/wp-content\/uploads\/2022\/07\/WhatsApp-Image-2022-06-05-at-15.37.38-300x169.jpeg 300w, https:\/\/diknetsecurite.com\/wp-content\/uploads\/2022\/07\/WhatsApp-Image-2022-06-05-at-15.37.38-768x432.jpeg 768w, https:\/\/diknetsecurite.com\/wp-content\/uploads\/2022\/07\/WhatsApp-Image-2022-06-05-at-15.37.38.jpeg 1024w\" sizes=\"(max-width: 300px) 100vw, 300px\" \/><\/div>\n\t\t<\/a>\n\t\t\t\t<div class=\"elementor-post__text\">\n\t\t\t\t<h3 class=\"elementor-post__title\">\n\t\t\t<a href=\"https:\/\/diknetsecurite.com\/index.php\/2022\/07\/31\/site-de-villa-sily-a-kankan\/\" >\n\t\t\t\tSITE DE VILLA SILY A KANKAN\t\t\t<\/a>\n\t\t<\/h3>\n\t\t\t\t<div class=\"elementor-post__excerpt\">\n\t\t\t\t\t<\/div>\n\t\t\t\t\t<a class=\"elementor-post__read-more\" href=\"https:\/\/diknetsecurite.com\/index.php\/2022\/07\/31\/site-de-villa-sily-a-kankan\/\" >\n\t\t\t\tLire plus \u00bb\t\t\t<\/a>\n\t\t\t\t<\/div>\n\t\t\t\t<\/article>\n\t\t\t\t<\/div>\n\t\t\t\t<\/div>\n\t\t\t\t<\/div>\n\t\t\t\t\t<\/div>\n\t\t<\/div>\n\t\t\t\t<div class=\"elementor-column elementor-col-50 elementor-top-column elementor-element elementor-element-6e299ad\" data-id=\"6e299ad\" data-element_type=\"column\" data-settings=\"{&quot;background_background&quot;:&quot;classic&quot;}\">\n\t\t\t<div class=\"elementor-widget-wrap elementor-element-populated\">\n\t\t\t\t\t\t\t\t<div class=\"elementor-element elementor-element-8e2776a elementor-widget elementor-widget-wp-widget-archives\" data-id=\"8e2776a\" data-element_type=\"widget\" data-widget_type=\"wp-widget-archives.default\">\n\t\t\t\t<div class=\"elementor-widget-container\">\n\t\t\t<h5>VOIR ARCHIVES ICI<\/h5>\t\t<label class=\"screen-reader-text\" for=\"archives-dropdown-REPLACE_TO_ID\">VOIR ARCHIVES ICI<\/label>\n\t\t<select id=\"archives-dropdown-REPLACE_TO_ID\" name=\"archive-dropdown\">\n\t\t\t\n\t\t\t<option value=\"\">S\u00e9lectionner un mois<\/option>\n\t\t\t\t<option value='https:\/\/diknetsecurite.com\/index.php\/2022\/07\/'> juillet 2022 &nbsp;(5)<\/option>\n\t<option value='https:\/\/diknetsecurite.com\/index.php\/2021\/08\/'> ao\u00fbt 2021 &nbsp;(2)<\/option>\n\t<option value='https:\/\/diknetsecurite.com\/index.php\/2021\/06\/'> juin 2021 &nbsp;(1)<\/option>\n\t<option value='https:\/\/diknetsecurite.com\/index.php\/2021\/05\/'> mai 2021 &nbsp;(7)<\/option>\n\t<option value='https:\/\/diknetsecurite.com\/index.php\/2021\/04\/'> avril 2021 &nbsp;(6)<\/option>\n\n\t\t<\/select>\n\n<script>\n\/* <![CDATA[ *\/\n(function() {\n\tvar dropdown = document.getElementById( \"archives-dropdown-REPLACE_TO_ID\" );\n\tfunction onSelectChange() {\n\t\tif ( dropdown.options[ dropdown.selectedIndex ].value !== '' ) {\n\t\t\tdocument.location.href = this.options[ this.selectedIndex ].value;\n\t\t}\n\t}\n\tdropdown.onchange = onSelectChange;\n})();\n\/* ]]> *\/\n<\/script>\n\t\t\t\t\t<\/div>\n\t\t\t\t<\/div>\n\t\t\t\t\t<\/div>\n\t\t<\/div>\n\t\t\t\t\t\t\t<\/div>\n\t\t<\/section>\n\t\t\t\t<section class=\"elementor-section elementor-top-section elementor-element elementor-element-2b353c7 elementor-section-boxed elementor-section-height-default elementor-section-height-default\" data-id=\"2b353c7\" data-element_type=\"section\" data-settings=\"{&quot;_ha_eqh_enable&quot;:false}\">\n\t\t\t\t\t\t<div class=\"elementor-container elementor-column-gap-default\">\n\t\t\t\t\t<div class=\"elementor-column elementor-col-100 elementor-top-column elementor-element elementor-element-742df1d\" data-id=\"742df1d\" data-element_type=\"column\">\n\t\t\t<div class=\"elementor-widget-wrap elementor-element-populated\">\n\t\t\t\t\t\t\t\t<div class=\"elementor-element elementor-element-606d419 elementor-widget elementor-widget-spacer\" data-id=\"606d419\" data-element_type=\"widget\" data-widget_type=\"spacer.default\">\n\t\t\t\t<div class=\"elementor-widget-container\">\n\t\t\t\t\t<div class=\"elementor-spacer\">\n\t\t\t<div class=\"elementor-spacer-inner\"><\/div>\n\t\t<\/div>\n\t\t\t\t<\/div>\n\t\t\t\t<\/div>\n\t\t\t\t<div class=\"elementor-element elementor-element-9bcc8e6 elementor-grid-3 elementor-grid-tablet-2 elementor-grid-mobile-1 elementor-posts--thumbnail-top elementor-widget elementor-widget-posts\" data-id=\"9bcc8e6\" data-element_type=\"widget\" data-settings=\"{&quot;classic_row_gap&quot;:{&quot;unit&quot;:&quot;px&quot;,&quot;size&quot;:0,&quot;sizes&quot;:[]},&quot;classic_columns&quot;:&quot;3&quot;,&quot;classic_columns_tablet&quot;:&quot;2&quot;,&quot;classic_columns_mobile&quot;:&quot;1&quot;}\" data-widget_type=\"posts.classic\">\n\t\t\t\t<div class=\"elementor-widget-container\">\n\t\t\t\t\t<div class=\"elementor-posts-container elementor-posts elementor-posts--skin-classic elementor-grid\">\n\t\t\t\t<article class=\"elementor-post elementor-grid-item post-2697 post type-post status-publish format-standard has-post-thumbnail hentry category-securite-en-guinee-conakry\">\n\t\t\t\t<a class=\"elementor-post__thumbnail__link\" href=\"https:\/\/diknetsecurite.com\/index.php\/2022\/07\/31\/site-de-villa-sily-a-kankan\/\" >\n\t\t\t<div class=\"elementor-post__thumbnail\"><img width=\"300\" height=\"169\" src=\"https:\/\/diknetsecurite.com\/wp-content\/uploads\/2022\/07\/WhatsApp-Image-2022-06-05-at-15.37.38-300x169.jpeg\" class=\"attachment-medium size-medium\" alt=\"\" loading=\"lazy\" srcset=\"https:\/\/diknetsecurite.com\/wp-content\/uploads\/2022\/07\/WhatsApp-Image-2022-06-05-at-15.37.38-300x169.jpeg 300w, https:\/\/diknetsecurite.com\/wp-content\/uploads\/2022\/07\/WhatsApp-Image-2022-06-05-at-15.37.38-768x432.jpeg 768w, https:\/\/diknetsecurite.com\/wp-content\/uploads\/2022\/07\/WhatsApp-Image-2022-06-05-at-15.37.38.jpeg 1024w\" sizes=\"(max-width: 300px) 100vw, 300px\" \/><\/div>\n\t\t<\/a>\n\t\t\t\t<div class=\"elementor-post__text\">\n\t\t\t\t<h3 class=\"elementor-post__title\">\n\t\t\t<a href=\"https:\/\/diknetsecurite.com\/index.php\/2022\/07\/31\/site-de-villa-sily-a-kankan\/\" >\n\t\t\t\tSITE DE VILLA SILY A KANKAN\t\t\t<\/a>\n\t\t<\/h3>\n\t\t\t\t\t<a class=\"elementor-post__read-more\" href=\"https:\/\/diknetsecurite.com\/index.php\/2022\/07\/31\/site-de-villa-sily-a-kankan\/\" >\n\t\t\t\tLire plus \u00bb\t\t\t<\/a>\n\t\t\t\t<\/div>\n\t\t\t\t<\/article>\n\t\t\t\t<article class=\"elementor-post elementor-grid-item post-2689 post type-post status-publish format-standard has-post-thumbnail hentry category-securite-en-guinee-conakry\">\n\t\t\t\t<a class=\"elementor-post__thumbnail__link\" href=\"https:\/\/diknetsecurite.com\/index.php\/2022\/07\/31\/controle-des-sites\/\" >\n\t\t\t<div class=\"elementor-post__thumbnail\"><img width=\"225\" height=\"300\" src=\"https:\/\/diknetsecurite.com\/wp-content\/uploads\/2022\/07\/WhatsApp-Image-2022-06-09-at-15.56.38-225x300.jpeg\" class=\"attachment-medium size-medium\" alt=\"\" loading=\"lazy\" srcset=\"https:\/\/diknetsecurite.com\/wp-content\/uploads\/2022\/07\/WhatsApp-Image-2022-06-09-at-15.56.38-225x300.jpeg 225w, https:\/\/diknetsecurite.com\/wp-content\/uploads\/2022\/07\/WhatsApp-Image-2022-06-09-at-15.56.38.jpeg 767w\" sizes=\"(max-width: 225px) 100vw, 225px\" \/><\/div>\n\t\t<\/a>\n\t\t\t\t<div class=\"elementor-post__text\">\n\t\t\t\t<h3 class=\"elementor-post__title\">\n\t\t\t<a href=\"https:\/\/diknetsecurite.com\/index.php\/2022\/07\/31\/controle-des-sites\/\" >\n\t\t\t\tContr\u00f4le des sites\t\t\t<\/a>\n\t\t<\/h3>\n\t\t\t\t\t<a class=\"elementor-post__read-more\" href=\"https:\/\/diknetsecurite.com\/index.php\/2022\/07\/31\/controle-des-sites\/\" >\n\t\t\t\tLire plus \u00bb\t\t\t<\/a>\n\t\t\t\t<\/div>\n\t\t\t\t<\/article>\n\t\t\t\t<article class=\"elementor-post elementor-grid-item post-2682 post type-post status-publish format-standard has-post-thumbnail hentry category-securite-en-guinee-conakry\">\n\t\t\t\t<a class=\"elementor-post__thumbnail__link\" href=\"https:\/\/diknetsecurite.com\/index.php\/2022\/07\/31\/dik-net-securite-couvre-quelque-site-de-la-societe-guiter-sa\/\" >\n\t\t\t<div class=\"elementor-post__thumbnail\"><img width=\"300\" height=\"169\" src=\"https:\/\/diknetsecurite.com\/wp-content\/uploads\/2022\/07\/WhatsApp-Image-2022-06-05-at-15.36.04-300x169.jpeg\" class=\"attachment-medium size-medium\" alt=\"\" loading=\"lazy\" srcset=\"https:\/\/diknetsecurite.com\/wp-content\/uploads\/2022\/07\/WhatsApp-Image-2022-06-05-at-15.36.04-300x169.jpeg 300w, https:\/\/diknetsecurite.com\/wp-content\/uploads\/2022\/07\/WhatsApp-Image-2022-06-05-at-15.36.04-768x432.jpeg 768w, https:\/\/diknetsecurite.com\/wp-content\/uploads\/2022\/07\/WhatsApp-Image-2022-06-05-at-15.36.04.jpeg 1024w\" sizes=\"(max-width: 300px) 100vw, 300px\" \/><\/div>\n\t\t<\/a>\n\t\t\t\t<div class=\"elementor-post__text\">\n\t\t\t\t<h3 class=\"elementor-post__title\">\n\t\t\t<a href=\"https:\/\/diknetsecurite.com\/index.php\/2022\/07\/31\/dik-net-securite-couvre-quelque-site-de-la-societe-guiter-sa\/\" >\n\t\t\t\tDIK NET SECURITE COUVRE QUELQUE SITE DE LA SOCIETE GUITER SA\t\t\t<\/a>\n\t\t<\/h3>\n\t\t\t\t\t<a class=\"elementor-post__read-more\" href=\"https:\/\/diknetsecurite.com\/index.php\/2022\/07\/31\/dik-net-securite-couvre-quelque-site-de-la-societe-guiter-sa\/\" >\n\t\t\t\tLire plus \u00bb\t\t\t<\/a>\n\t\t\t\t<\/div>\n\t\t\t\t<\/article>\n\t\t\t\t<article class=\"elementor-post elementor-grid-item post-2677 post type-post status-publish format-standard has-post-thumbnail hentry category-securite-en-guinee-conakry\">\n\t\t\t\t<a class=\"elementor-post__thumbnail__link\" href=\"https:\/\/diknetsecurite.com\/index.php\/2022\/07\/31\/dik-net-securite-a-bafele-kankan\/\" >\n\t\t\t<div class=\"elementor-post__thumbnail\"><img width=\"300\" height=\"135\" src=\"https:\/\/diknetsecurite.com\/wp-content\/uploads\/2022\/07\/WhatsApp-Image-2022-06-05-at-15.30.38-3-300x135.jpeg\" class=\"attachment-medium size-medium\" alt=\"\" loading=\"lazy\" srcset=\"https:\/\/diknetsecurite.com\/wp-content\/uploads\/2022\/07\/WhatsApp-Image-2022-06-05-at-15.30.38-3-300x135.jpeg 300w, https:\/\/diknetsecurite.com\/wp-content\/uploads\/2022\/07\/WhatsApp-Image-2022-06-05-at-15.30.38-3-768x346.jpeg 768w, https:\/\/diknetsecurite.com\/wp-content\/uploads\/2022\/07\/WhatsApp-Image-2022-06-05-at-15.30.38-3.jpeg 1000w\" sizes=\"(max-width: 300px) 100vw, 300px\" \/><\/div>\n\t\t<\/a>\n\t\t\t\t<div class=\"elementor-post__text\">\n\t\t\t\t<h3 class=\"elementor-post__title\">\n\t\t\t<a href=\"https:\/\/diknetsecurite.com\/index.php\/2022\/07\/31\/dik-net-securite-a-bafele-kankan\/\" >\n\t\t\t\tDIK NET SECURITE \u00e0 BAF\u00c8L\u00c8 (KANKAN)\t\t\t<\/a>\n\t\t<\/h3>\n\t\t\t\t\t<a class=\"elementor-post__read-more\" href=\"https:\/\/diknetsecurite.com\/index.php\/2022\/07\/31\/dik-net-securite-a-bafele-kankan\/\" >\n\t\t\t\tLire plus \u00bb\t\t\t<\/a>\n\t\t\t\t<\/div>\n\t\t\t\t<\/article>\n\t\t\t\t<article class=\"elementor-post elementor-grid-item post-2672 post type-post status-publish format-standard has-post-thumbnail hentry category-securite-en-guinee-conakry\">\n\t\t\t\t<a class=\"elementor-post__thumbnail__link\" href=\"https:\/\/diknetsecurite.com\/index.php\/2022\/07\/31\/la-formation-continue-au-sein-de-dik-net-securite\/\" >\n\t\t\t<div class=\"elementor-post__thumbnail\"><img width=\"169\" height=\"300\" src=\"https:\/\/diknetsecurite.com\/wp-content\/uploads\/2022\/07\/WhatsApp-Image-2022-06-05-at-14.51.26-1-169x300.jpeg\" class=\"attachment-medium size-medium\" alt=\"\" loading=\"lazy\" srcset=\"https:\/\/diknetsecurite.com\/wp-content\/uploads\/2022\/07\/WhatsApp-Image-2022-06-05-at-14.51.26-1-169x300.jpeg 169w, https:\/\/diknetsecurite.com\/wp-content\/uploads\/2022\/07\/WhatsApp-Image-2022-06-05-at-14.51.26-1.jpeg 576w\" sizes=\"(max-width: 169px) 100vw, 169px\" \/><\/div>\n\t\t<\/a>\n\t\t\t\t<div class=\"elementor-post__text\">\n\t\t\t\t<h3 class=\"elementor-post__title\">\n\t\t\t<a href=\"https:\/\/diknetsecurite.com\/index.php\/2022\/07\/31\/la-formation-continue-au-sein-de-dik-net-securite\/\" >\n\t\t\t\tLa formation continue au sein de DIK NET S\u00c9CURIT\u00c9\t\t\t<\/a>\n\t\t<\/h3>\n\t\t\t\t\t<a class=\"elementor-post__read-more\" href=\"https:\/\/diknetsecurite.com\/index.php\/2022\/07\/31\/la-formation-continue-au-sein-de-dik-net-securite\/\" >\n\t\t\t\tLire plus \u00bb\t\t\t<\/a>\n\t\t\t\t<\/div>\n\t\t\t\t<\/article>\n\t\t\t\t<article class=\"elementor-post elementor-grid-item post-2643 post type-post status-publish format-standard has-post-thumbnail hentry category-securite-en-guinee-conakry\">\n\t\t\t\t<a class=\"elementor-post__thumbnail__link\" href=\"https:\/\/diknetsecurite.com\/index.php\/2021\/08\/08\/kankan-la-societe-de-gardiennage-dik-net-securite-lance-ses-activites\/\" >\n\t\t\t<div class=\"elementor-post__thumbnail\"><img width=\"300\" height=\"132\" src=\"https:\/\/diknetsecurite.com\/wp-content\/uploads\/2021\/08\/IMG-20210731-WA0011-300x132.jpg\" class=\"attachment-medium size-medium\" alt=\"\" loading=\"lazy\" srcset=\"https:\/\/diknetsecurite.com\/wp-content\/uploads\/2021\/08\/IMG-20210731-WA0011-300x132.jpg 300w, https:\/\/diknetsecurite.com\/wp-content\/uploads\/2021\/08\/IMG-20210731-WA0011-768x337.jpg 768w, https:\/\/diknetsecurite.com\/wp-content\/uploads\/2021\/08\/IMG-20210731-WA0011.jpg 984w\" sizes=\"(max-width: 300px) 100vw, 300px\" \/><\/div>\n\t\t<\/a>\n\t\t\t\t<div class=\"elementor-post__text\">\n\t\t\t\t<h3 class=\"elementor-post__title\">\n\t\t\t<a href=\"https:\/\/diknetsecurite.com\/index.php\/2021\/08\/08\/kankan-la-societe-de-gardiennage-dik-net-securite-lance-ses-activites\/\" >\n\t\t\t\tKANKAN : la soci\u00e9t\u00e9 de gardiennage DIK NET SECURITE lance ses activit\u00e9s\t\t\t<\/a>\n\t\t<\/h3>\n\t\t\t\t\t<a class=\"elementor-post__read-more\" href=\"https:\/\/diknetsecurite.com\/index.php\/2021\/08\/08\/kankan-la-societe-de-gardiennage-dik-net-securite-lance-ses-activites\/\" >\n\t\t\t\tLire plus \u00bb\t\t\t<\/a>\n\t\t\t\t<\/div>\n\t\t\t\t<\/article>\n\t\t\t\t<\/div>\n\t\t\t\t<\/div>\n\t\t\t\t<\/div>\n\t\t\t\t\t<\/div>\n\t\t<\/div>\n\t\t\t\t\t\t\t<\/div>\n\t\t<\/section>\n\t\t\t\t\t\t<\/div>\n\t\t\t\t\t<\/div>\n\t\t","protected":false},"excerpt":{"rendered":"<p>Derni\u00e8re Information<\/p>\n","protected":false},"author":1,"featured_media":0,"parent":0,"menu_order":0,"comment_status":"closed","ping_status":"closed","template":"","meta":[],"_links":{"self":[{"href":"https:\/\/diknetsecurite.com\/index.php\/wp-json\/wp\/v2\/pages\/390"}],"collection":[{"href":"https:\/\/diknetsecurite.com\/index.php\/wp-json\/wp\/v2\/pages"}],"about":[{"href":"https:\/\/diknetsecurite.com\/index.php\/wp-json\/wp\/v2\/types\/page"}],"author":[{"embeddable":true,"href":"https:\/\/diknetsecurite.com\/index.php\/wp-json\/wp\/v2\/users\/1"}],"replies":[{"embeddable":true,"href":"https:\/\/diknetsecurite.com\/index.php\/wp-json\/wp\/v2\/comments?post=390"}],"version-history":[{"count":101,"href":"https:\/\/diknetsecurite.com\/index.php\/wp-json\/wp\/v2\/pages\/390\/revisions"}],"predecessor-version":[{"id":2237,"href":"https:\/\/diknetsecurite.com\/index.php\/wp-json\/wp\/v2\/pages\/390\/revisions\/2237"}],"wp:attachment":[{"href":"https:\/\/diknetsecurite.com\/index.php\/wp-json\/wp\/v2\/media?parent=390"}],"curies":[{"name":"wp","href":"https:\/\/api.w.org\/{rel}","templated":true}]}}