{"id":2,"date":"2021-04-17T00:04:03","date_gmt":"2021-04-16T22:04:03","guid":{"rendered":"http:\/\/diknetsecurite.com\/?page_id=2"},"modified":"2021-04-25T00:46:43","modified_gmt":"2021-04-25T00:46:43","slug":"page-d-exemple","status":"publish","type":"page","link":"https:\/\/diknetsecurite.com\/index.php\/page-d-exemple\/","title":{"rendered":"A PROPOS DE NOUS"},"content":{"rendered":"\t\t<div data-elementor-type=\"wp-page\" data-elementor-id=\"2\" class=\"elementor elementor-2\" data-elementor-settings=\"[]\">\n\t\t\t\t\t\t\t<div class=\"elementor-section-wrap\">\n\t\t\t\t\t\t\t<section class=\"elementor-section elementor-top-section elementor-element elementor-element-c60571e elementor-section-boxed elementor-section-height-default elementor-section-height-default\" data-id=\"c60571e\" data-element_type=\"section\" data-settings=\"{&quot;_ha_eqh_enable&quot;:false}\">\n\t\t\t\t\t\t<div class=\"elementor-container elementor-column-gap-default\">\n\t\t\t\t\t<div class=\"elementor-column elementor-col-50 elementor-top-column elementor-element elementor-element-d8320db\" data-id=\"d8320db\" data-element_type=\"column\">\n\t\t\t<div class=\"elementor-widget-wrap elementor-element-populated\">\n\t\t\t\t\t\t\t\t<div class=\"elementor-element elementor-element-60ff6a7 elementor-arrows-position-inside elementor-pagination-position-outside elementor-widget elementor-widget-image-carousel\" data-id=\"60ff6a7\" data-element_type=\"widget\" data-settings=\"{&quot;navigation&quot;:&quot;both&quot;,&quot;autoplay&quot;:&quot;yes&quot;,&quot;pause_on_hover&quot;:&quot;yes&quot;,&quot;pause_on_interaction&quot;:&quot;yes&quot;,&quot;autoplay_speed&quot;:5000,&quot;infinite&quot;:&quot;yes&quot;,&quot;speed&quot;:500}\" data-widget_type=\"image-carousel.default\">\n\t\t\t\t<div class=\"elementor-widget-container\">\n\t\t\t\t\t<div class=\"elementor-image-carousel-wrapper swiper-container\" dir=\"ltr\">\n\t\t\t<div class=\"elementor-image-carousel swiper-wrapper\">\n\t\t\t\t<div class=\"swiper-slide\"><figure class=\"swiper-slide-inner\"><img class=\"swiper-slide-image\" src=\"https:\/\/diknetsecurite.com\/wp-content\/uploads\/elementor\/thumbs\/dik7-p67mlcbxktdbh2la2k2ecli61t57bdkfv93zcd15ws.jpg\" alt=\"dik7\" \/><\/figure><\/div>\t\t\t<\/div>\n\t\t\t\t\t<\/div>\n\t\t\t\t<\/div>\n\t\t\t\t<\/div>\n\t\t\t\t<div class=\"elementor-element elementor-element-0de3b95 elementor-widget elementor-widget-text-editor\" data-id=\"0de3b95\" data-element_type=\"widget\" data-widget_type=\"text-editor.default\">\n\t\t\t\t<div class=\"elementor-widget-container\">\n\t\t\t\t\t\t\t\t<p><strong>PRESENTATION DE LA SOCIETE D.I.K NET SECURITE<\/strong><\/p><p><strong>La soci\u00e9t\u00e9 DIK NET SECURITE<\/strong> est une entreprise de s\u00e9curit\u00e9 qui propose des prestations de surveillance et de gardiennage. Elle est au c\u0153ur du m\u00e9tier du gardiennage en offrant des prestations de haut niveau de professionnalisme. Nous nous assurons que nos services puissent r\u00e9pondre aux besoins de nos clients et d\u00e9passent m\u00eame leurs attentes. Choisir <strong>DIK NET SECURITE<\/strong>, c\u2019est b\u00e9n\u00e9ficier des agents de garde qualifi\u00e9, une s\u00e9curit\u00e9 maximale, une \u00e9coute professionnelle, un service de proximit\u00e9, la compr\u00e9hension de vos attentes, une rapidit\u00e9 d\u2019interventions et des prestations de qualit\u00e9.<\/p><p>Pour optimiser l\u2019efficacit\u00e9 de la chaine s\u00e9curitaire, <strong>DIK NET SECURITE<\/strong> propose une solution globale tant en ressource humaines qu\u2019en moyens technologiques, il s\u2019agit de proposer apr\u00e8s \u00e9tude et examen du site, les solutions technologiques les plus pointues et les mieux adapt\u00e9es aux besoins et au contexte dans les domaines de gardiennage, filtrage, t\u00e9l\u00e9 surveillance, vid\u00e9o surveillance, contr\u00f4le d\u2019acc\u00e8s, contr\u00f4le de stationnement de v\u00e9hicules, gestion des horaires et autres.<\/p><p><strong>MISSION DE LA SOCIETE D.I.K NET SECURITE<\/strong><\/p><p><strong>La soci\u00e9t\u00e9 DIK NET s\u00e9curit\u00e9 a pour mission\u00a0: c<\/strong>ontribuer \u00e0 rendre la vie de la population plus s\u00e9curis\u00e9e en prot\u00e9geant les personnes et leurs biens<\/p><div data-id=\"2b1e928\" data-element_type=\"widget\" data-widget_type=\"heading.default\"><div><h2>Adresse<\/h2><\/div><\/div><div data-id=\"d8caeaa\" data-element_type=\"widget\" data-widget_type=\"heading.default\"><div><p>Pays : Guin\u00e9e<br \/>Ville : Conakry<br \/>Lieux : Commune de Ratoma (Nongo)<br \/>Tel : + 224 621 95 90 62<br \/>Email : dianeibrahima@yahoo.com<\/p><\/div><\/div>\t\t\t\t\t\t<\/div>\n\t\t\t\t<\/div>\n\t\t\t\t\t<\/div>\n\t\t<\/div>\n\t\t\t\t<div class=\"elementor-column elementor-col-50 elementor-top-column elementor-element elementor-element-2e3f033\" data-id=\"2e3f033\" data-element_type=\"column\">\n\t\t\t<div class=\"elementor-widget-wrap elementor-element-populated\">\n\t\t\t\t\t\t\t\t<div class=\"elementor-element elementor-element-9b71d03 elementor-widget elementor-widget-heading\" data-id=\"9b71d03\" data-element_type=\"widget\" data-widget_type=\"heading.default\">\n\t\t\t\t<div class=\"elementor-widget-container\">\n\t\t\t<h2 class=\"elementor-heading-title elementor-size-default\">Biblioth\u00e8que d'image<\/h2>\t\t<\/div>\n\t\t\t\t<\/div>\n\t\t\t\t<div class=\"elementor-element elementor-element-0caaa8f elementor-arrows-position-inside elementor-pagination-position-outside elementor-widget elementor-widget-image-carousel\" data-id=\"0caaa8f\" data-element_type=\"widget\" data-settings=\"{&quot;slides_to_show&quot;:&quot;1&quot;,&quot;navigation&quot;:&quot;both&quot;,&quot;autoplay&quot;:&quot;yes&quot;,&quot;pause_on_hover&quot;:&quot;yes&quot;,&quot;pause_on_interaction&quot;:&quot;yes&quot;,&quot;autoplay_speed&quot;:5000,&quot;infinite&quot;:&quot;yes&quot;,&quot;effect&quot;:&quot;slide&quot;,&quot;speed&quot;:500}\" data-widget_type=\"image-carousel.default\">\n\t\t\t\t<div class=\"elementor-widget-container\">\n\t\t\t\t\t<div class=\"elementor-image-carousel-wrapper swiper-container\" dir=\"ltr\">\n\t\t\t<div class=\"elementor-image-carousel swiper-wrapper\">\n\t\t\t\t<div class=\"swiper-slide\"><figure class=\"swiper-slide-inner\"><img class=\"swiper-slide-image\" src=\"https:\/\/diknetsecurite.com\/wp-content\/uploads\/2021\/04\/img20.jpg\" alt=\"PHOTO FRANCOIS DESTOC \/ LE TELEGRAMME LORIENT (56) : coronavirus Covid-19 fermeture des magasins agent de s\u00e9curit\u00e9\" \/><\/figure><\/div><div class=\"swiper-slide\"><figure class=\"swiper-slide-inner\"><img class=\"swiper-slide-image\" src=\"https:\/\/diknetsecurite.com\/wp-content\/uploads\/2021\/04\/img8.jpg\" alt=\"img8\" \/><\/figure><\/div><div class=\"swiper-slide\"><figure class=\"swiper-slide-inner\"><img class=\"swiper-slide-image\" src=\"https:\/\/diknetsecurite.com\/wp-content\/uploads\/2021\/04\/img9.jpg\" alt=\"securitas poitiers\" \/><\/figure><\/div><div class=\"swiper-slide\"><figure class=\"swiper-slide-inner\"><img class=\"swiper-slide-image\" src=\"\" alt=\"\" \/><\/figure><\/div><div class=\"swiper-slide\"><figure class=\"swiper-slide-inner\"><img class=\"swiper-slide-image\" src=\"https:\/\/diknetsecurite.com\/wp-content\/uploads\/2021\/04\/agent-de-securite.jpg\" alt=\"agent-de-s\u00e9curit\u00e9\" \/><\/figure><\/div><div class=\"swiper-slide\"><figure class=\"swiper-slide-inner\"><img class=\"swiper-slide-image\" src=\"https:\/\/diknetsecurite.com\/wp-content\/uploads\/2021\/04\/unnamed.jpg\" alt=\"unnamed\" \/><\/figure><\/div><div class=\"swiper-slide\"><figure class=\"swiper-slide-inner\"><img class=\"swiper-slide-image\" src=\"https:\/\/diknetsecurite.com\/wp-content\/uploads\/2021\/04\/lmg10.jpg\" alt=\"lmg10\" \/><\/figure><\/div>\t\t\t<\/div>\n\t\t\t\t\t\t\t\t\t\t\t\t<div class=\"swiper-pagination\"><\/div>\n\t\t\t\t\t\t\t\t\t\t\t\t\t<div class=\"elementor-swiper-button elementor-swiper-button-prev\">\n\t\t\t\t\t\t<i class=\"eicon-chevron-left\" aria-hidden=\"true\"><\/i>\n\t\t\t\t\t\t<span class=\"elementor-screen-only\">Pr\u00e9c\u00e9dent<\/span>\n\t\t\t\t\t<\/div>\n\t\t\t\t\t<div class=\"elementor-swiper-button elementor-swiper-button-next\">\n\t\t\t\t\t\t<i class=\"eicon-chevron-right\" aria-hidden=\"true\"><\/i>\n\t\t\t\t\t\t<span class=\"elementor-screen-only\">Suivant<\/span>\n\t\t\t\t\t<\/div>\n\t\t\t\t\t\t\t\t\t<\/div>\n\t\t\t\t<\/div>\n\t\t\t\t<\/div>\n\t\t\t\t\t<\/div>\n\t\t<\/div>\n\t\t\t\t\t\t\t<\/div>\n\t\t<\/section>\n\t\t\t\t\t\t<\/div>\n\t\t\t\t\t<\/div>\n\t\t","protected":false},"excerpt":{"rendered":"<p>PRESENTATION DE LA SOCIETE D.I.K NET SECURITE La soci\u00e9t\u00e9 DIK NET SECURITE est une entreprise de s\u00e9curit\u00e9 qui propose des prestations de surveillance et de gardiennage. Elle est au c\u0153ur du m\u00e9tier du gardiennage en offrant des prestations de haut niveau de professionnalisme. Nous nous assurons que nos services puissent r\u00e9pondre aux besoins de nos &hellip;<\/p>\n<p class=\"read-more\"> <a class=\"\" href=\"https:\/\/diknetsecurite.com\/index.php\/page-d-exemple\/\"> <span class=\"screen-reader-text\">A PROPOS DE NOUS<\/span> Lire la suite\u00a0\u00bb<\/a><\/p>\n","protected":false},"author":1,"featured_media":0,"parent":0,"menu_order":0,"comment_status":"closed","ping_status":"open","template":"","meta":[],"_links":{"self":[{"href":"https:\/\/diknetsecurite.com\/index.php\/wp-json\/wp\/v2\/pages\/2"}],"collection":[{"href":"https:\/\/diknetsecurite.com\/index.php\/wp-json\/wp\/v2\/pages"}],"about":[{"href":"https:\/\/diknetsecurite.com\/index.php\/wp-json\/wp\/v2\/types\/page"}],"author":[{"embeddable":true,"href":"https:\/\/diknetsecurite.com\/index.php\/wp-json\/wp\/v2\/users\/1"}],"replies":[{"embeddable":true,"href":"https:\/\/diknetsecurite.com\/index.php\/wp-json\/wp\/v2\/comments?post=2"}],"version-history":[{"count":24,"href":"https:\/\/diknetsecurite.com\/index.php\/wp-json\/wp\/v2\/pages\/2\/revisions"}],"predecessor-version":[{"id":740,"href":"https:\/\/diknetsecurite.com\/index.php\/wp-json\/wp\/v2\/pages\/2\/revisions\/740"}],"wp:attachment":[{"href":"https:\/\/diknetsecurite.com\/index.php\/wp-json\/wp\/v2\/media?parent=2"}],"curies":[{"name":"wp","href":"https:\/\/api.w.org\/{rel}","templated":true}]}}