{"id":1983,"date":"2021-05-12T10:29:15","date_gmt":"2021-05-12T10:29:15","guid":{"rendered":"https:\/\/diknetsecurite.com\/?page_id=1983"},"modified":"2021-05-18T17:22:05","modified_gmt":"2021-05-18T17:22:05","slug":"services-de-protection-vip","status":"publish","type":"page","link":"https:\/\/diknetsecurite.com\/index.php\/services-de-protection-vip\/","title":{"rendered":"SERVICES DE PROTECTION VIP"},"content":{"rendered":"\t\t<div data-elementor-type=\"wp-page\" data-elementor-id=\"1983\" class=\"elementor elementor-1983\" data-elementor-settings=\"[]\">\n\t\t\t\t\t\t\t<div class=\"elementor-section-wrap\">\n\t\t\t\t\t\t\t<section class=\"elementor-section elementor-top-section elementor-element elementor-element-c60571e elementor-section-boxed elementor-section-height-default elementor-section-height-default\" data-id=\"c60571e\" data-element_type=\"section\" data-settings=\"{&quot;_ha_eqh_enable&quot;:false}\">\n\t\t\t\t\t\t<div class=\"elementor-container elementor-column-gap-default\">\n\t\t\t\t\t<div class=\"elementor-column elementor-col-50 elementor-top-column elementor-element elementor-element-d8320db\" data-id=\"d8320db\" data-element_type=\"column\">\n\t\t\t<div class=\"elementor-widget-wrap elementor-element-populated\">\n\t\t\t\t\t\t\t\t<div class=\"elementor-element elementor-element-ea8d48c elementor-widget elementor-widget-heading\" data-id=\"ea8d48c\" data-element_type=\"widget\" data-widget_type=\"heading.default\">\n\t\t\t\t<div class=\"elementor-widget-container\">\n\t\t\t<h4 class=\"elementor-heading-title elementor-size-default\">SERVICES DE PROTECTION VIP<\/h4>\t\t<\/div>\n\t\t\t\t<\/div>\n\t\t\t\t<div class=\"elementor-element elementor-element-66258cf elementor-widget elementor-widget-image\" data-id=\"66258cf\" data-element_type=\"widget\" data-widget_type=\"image.default\">\n\t\t\t\t<div class=\"elementor-widget-container\">\n\t\t\t\t\t\t\t\t\t\t\t\t\t\t\t<img width=\"684\" height=\"385\" src=\"https:\/\/diknetsecurite.com\/wp-content\/uploads\/2021\/04\/lmg10.jpg\" class=\"attachment-large size-large\" alt=\"\" loading=\"lazy\" srcset=\"https:\/\/diknetsecurite.com\/wp-content\/uploads\/2021\/04\/lmg10.jpg 684w, https:\/\/diknetsecurite.com\/wp-content\/uploads\/2021\/04\/lmg10-300x169.jpg 300w\" sizes=\"(max-width: 684px) 100vw, 684px\" \/>\t\t\t\t\t\t\t\t\t\t\t\t\t\t\t<\/div>\n\t\t\t\t<\/div>\n\t\t\t\t<div class=\"elementor-element elementor-element-0de3b95 elementor-widget elementor-widget-text-editor\" data-id=\"0de3b95\" data-element_type=\"widget\" data-widget_type=\"text-editor.default\">\n\t\t\t\t<div class=\"elementor-widget-container\">\n\t\t\t\t\t\t\t\t<p><strong>DIK NET SECURITE<\/strong> offre le meilleur de la protection VIP. Pour compl\u00e9ter ces services sp\u00e9cialis\u00e9s, nous proposons \u00e9galement des chauffeurs de s\u00e9curit\u00e9 qualifi\u00e9s et hautement exp\u00e9riment\u00e9s.<\/p><p>Protection de la qualit\u00e9 et confiance :<\/p><p>La n\u00e9cessit\u00e9 d&#8217;engager un agent de protection rapproch\u00e9e peut \u00eatre un peu complexe. Qui embaucher? combien, homme ou femme?, etc. ne sont que quelques-unes des questions que vous pourriez vous poser.<\/p><p>Le service de protection VIP de <strong>DIK NET SECURITE<\/strong> a \u00e9tabli la r\u00e9f\u00e9rence en mati\u00e8re de services de s\u00e9curit\u00e9 sp\u00e9cialis\u00e9s en R\u00e9publique de Guin\u00e9e. Avant d&#8217;embaucher un agent,\u00a0 nos chefs d&#8217;\u00e9quipes vous aideront \u00e0 trouver la meilleure strat\u00e9gie pour le projet en fonction de la nature de la demande, de l&#8217;emplacement, de l&#8217;itin\u00e9raire et des exigences op\u00e9rationnelles.<\/p><p>Nos clients preferent le service de <strong>DIK NET SECURITE<\/strong> parce que nous sommes une organisation de s\u00e9curit\u00e9 professionnelle et exp\u00e9riment\u00e9e qui offre le meilleur des agents de protection rapproch\u00e9e et nous en sommes extr\u00eamement fiers ! Nos \u00e9quipements, nos v\u00e9hicules et notre main-d&#8217;\u0153uvre sont au sommet de l&#8217;industrie et les clients pour lesquels nous travaillons le t\u00e9moignent.<\/p>\t\t\t\t\t\t<\/div>\n\t\t\t\t<\/div>\n\t\t\t\t\t<\/div>\n\t\t<\/div>\n\t\t\t\t<div class=\"elementor-column elementor-col-50 elementor-top-column elementor-element elementor-element-2e3f033\" data-id=\"2e3f033\" data-element_type=\"column\">\n\t\t\t<div class=\"elementor-widget-wrap elementor-element-populated\">\n\t\t\t\t\t\t\t\t<div class=\"elementor-element elementor-element-9b71d03 elementor-widget elementor-widget-heading\" data-id=\"9b71d03\" data-element_type=\"widget\" data-widget_type=\"heading.default\">\n\t\t\t\t<div class=\"elementor-widget-container\">\n\t\t\t<h4 class=\"elementor-heading-title elementor-size-default\">BIBLIOTH\u00c8QUE D\u2019IMAGES<\/h4>\t\t<\/div>\n\t\t\t\t<\/div>\n\t\t\t\t<div class=\"elementor-element elementor-element-0caaa8f elementor-arrows-position-inside elementor-pagination-position-outside elementor-widget elementor-widget-image-carousel\" data-id=\"0caaa8f\" data-element_type=\"widget\" data-settings=\"{&quot;slides_to_show&quot;:&quot;1&quot;,&quot;navigation&quot;:&quot;both&quot;,&quot;autoplay&quot;:&quot;yes&quot;,&quot;pause_on_hover&quot;:&quot;yes&quot;,&quot;pause_on_interaction&quot;:&quot;yes&quot;,&quot;autoplay_speed&quot;:5000,&quot;infinite&quot;:&quot;yes&quot;,&quot;effect&quot;:&quot;slide&quot;,&quot;speed&quot;:500}\" data-widget_type=\"image-carousel.default\">\n\t\t\t\t<div class=\"elementor-widget-container\">\n\t\t\t\t\t<div class=\"elementor-image-carousel-wrapper swiper-container\" dir=\"ltr\">\n\t\t\t<div class=\"elementor-image-carousel swiper-wrapper\">\n\t\t\t\t<div class=\"swiper-slide\"><figure class=\"swiper-slide-inner\"><img class=\"swiper-slide-image\" src=\"https:\/\/diknetsecurite.com\/wp-content\/uploads\/2021\/04\/img20.jpg\" alt=\"PHOTO FRANCOIS DESTOC \/ LE TELEGRAMME LORIENT (56) : coronavirus Covid-19 fermeture des magasins agent de s\u00e9curit\u00e9\" \/><\/figure><\/div><div class=\"swiper-slide\"><figure class=\"swiper-slide-inner\"><img class=\"swiper-slide-image\" src=\"https:\/\/diknetsecurite.com\/wp-content\/uploads\/2021\/04\/img8.jpg\" alt=\"img8\" \/><\/figure><\/div><div class=\"swiper-slide\"><figure class=\"swiper-slide-inner\"><img class=\"swiper-slide-image\" src=\"https:\/\/diknetsecurite.com\/wp-content\/uploads\/2021\/04\/img9.jpg\" alt=\"securitas poitiers\" \/><\/figure><\/div><div class=\"swiper-slide\"><figure class=\"swiper-slide-inner\"><img class=\"swiper-slide-image\" src=\"\" alt=\"\" \/><\/figure><\/div><div class=\"swiper-slide\"><figure class=\"swiper-slide-inner\"><img class=\"swiper-slide-image\" src=\"https:\/\/diknetsecurite.com\/wp-content\/uploads\/2021\/04\/agent-de-securite.jpg\" alt=\"agent-de-s\u00e9curit\u00e9\" \/><\/figure><\/div><div class=\"swiper-slide\"><figure class=\"swiper-slide-inner\"><img class=\"swiper-slide-image\" src=\"https:\/\/diknetsecurite.com\/wp-content\/uploads\/2021\/04\/unnamed.jpg\" alt=\"unnamed\" \/><\/figure><\/div><div class=\"swiper-slide\"><figure class=\"swiper-slide-inner\"><img class=\"swiper-slide-image\" src=\"https:\/\/diknetsecurite.com\/wp-content\/uploads\/2021\/04\/lmg10.jpg\" alt=\"lmg10\" \/><\/figure><\/div>\t\t\t<\/div>\n\t\t\t\t\t\t\t\t\t\t\t\t<div class=\"swiper-pagination\"><\/div>\n\t\t\t\t\t\t\t\t\t\t\t\t\t<div class=\"elementor-swiper-button elementor-swiper-button-prev\">\n\t\t\t\t\t\t<i class=\"eicon-chevron-left\" aria-hidden=\"true\"><\/i>\n\t\t\t\t\t\t<span class=\"elementor-screen-only\">Pr\u00e9c\u00e9dent<\/span>\n\t\t\t\t\t<\/div>\n\t\t\t\t\t<div class=\"elementor-swiper-button elementor-swiper-button-next\">\n\t\t\t\t\t\t<i class=\"eicon-chevron-right\" aria-hidden=\"true\"><\/i>\n\t\t\t\t\t\t<span class=\"elementor-screen-only\">Suivant<\/span>\n\t\t\t\t\t<\/div>\n\t\t\t\t\t\t\t\t\t<\/div>\n\t\t\t\t<\/div>\n\t\t\t\t<\/div>\n\t\t\t\t<div class=\"elementor-element elementor-element-f21c998 elementor-widget elementor-widget-text-editor\" data-id=\"f21c998\" data-element_type=\"widget\" data-widget_type=\"text-editor.default\">\n\t\t\t\t<div class=\"elementor-widget-container\">\n\t\t\t\t\t\t\t\t<div data-id=\"2b1e928\" data-element_type=\"widget\" data-widget_type=\"heading.default\"><div><h2>Adresse<\/h2><\/div><\/div><div data-id=\"d8caeaa\" data-element_type=\"widget\" data-widget_type=\"heading.default\"><div><p>Pays : Guin\u00e9e<br \/>Ville : Conakry<br \/>Lieux : Commune de Ratoma (Nongo)<br \/>Tel : + 224 623 31 60 90<br \/>Email : <a href=\"https:\/\/diknetsecurite.com\/index.php\/contact\/\"><span class=\"qu\" tabindex=\"-1\" role=\"gridcell\" translate=\"no\"><span class=\"go\">infos@diknetsecurite.com<\/span><\/span><\/a><\/p><\/div><\/div>\t\t\t\t\t\t<\/div>\n\t\t\t\t<\/div>\n\t\t\t\t<div class=\"elementor-element elementor-element-a973095 elementor-widget elementor-widget-heading\" data-id=\"a973095\" data-element_type=\"widget\" data-widget_type=\"heading.default\">\n\t\t\t\t<div class=\"elementor-widget-container\">\n\t\t\t<h2 class=\"elementor-heading-title elementor-size-default\">Voir aussi<\/h2>\t\t<\/div>\n\t\t\t\t<\/div>\n\t\t\t\t<div class=\"elementor-element elementor-element-cd3e2ad elementor-view-stacked elementor-vertical-align-top elementor-widget elementor-widget-icon-box\" data-id=\"cd3e2ad\" data-element_type=\"widget\" data-widget_type=\"icon-box.default\">\n\t\t\t\t<div class=\"elementor-widget-container\">\n\t\t\t\t\t<div class=\"elementor-icon-box-wrapper\">\n\t\t\t\t\t\t<div class=\"elementor-icon-box-content\">\n\t\t\t\t<h4 class=\"elementor-icon-box-title\">\n\t\t\t\t\t<a href=\"https:\/\/diknetsecurite.com\/index.php\/gesionnaire-de-securite-sur-site\">GESTIONNAIRES DE S\u00c9CURIT\u00c9 SUR SITE <\/a>\n\t\t\t\t<\/h4>\n\t\t\t\t\t\t\t<\/div>\n\t\t<\/div>\n\t\t\t\t<\/div>\n\t\t\t\t<\/div>\n\t\t\t\t<div class=\"elementor-element elementor-element-e262cc2 elementor-view-stacked elementor-vertical-align-top elementor-widget elementor-widget-icon-box\" data-id=\"e262cc2\" data-element_type=\"widget\" data-widget_type=\"icon-box.default\">\n\t\t\t\t<div class=\"elementor-widget-container\">\n\t\t\t\t\t<div class=\"elementor-icon-box-wrapper\">\n\t\t\t\t\t\t<div class=\"elementor-icon-box-content\">\n\t\t\t\t<h4 class=\"elementor-icon-box-title\">\n\t\t\t\t\t<a href=\"https:\/\/diknetsecurite.com\/index.php\/services-de-garde-industrielle\">SERVICES DE GARDE INDUSTRIELLE<\/a>\n\t\t\t\t<\/h4>\n\t\t\t\t\t\t\t<\/div>\n\t\t<\/div>\n\t\t\t\t<\/div>\n\t\t\t\t<\/div>\n\t\t\t\t<div class=\"elementor-element elementor-element-24d61ad elementor-view-stacked elementor-vertical-align-top elementor-widget elementor-widget-icon-box\" data-id=\"24d61ad\" data-element_type=\"widget\" data-widget_type=\"icon-box.default\">\n\t\t\t\t<div class=\"elementor-widget-container\">\n\t\t\t\t\t<div class=\"elementor-icon-box-wrapper\">\n\t\t\t\t\t\t<div class=\"elementor-icon-box-content\">\n\t\t\t\t<h4 class=\"elementor-icon-box-title\">\n\t\t\t\t\t<a href=\"https:\/\/diknetsecurite.com\/index.php\/securite-des-evenements-speciaux\">S\u00c9CURIT\u00c9 DES \u00c9V\u00c9NEMENTS SP\u00c9CIAUX<\/a>\n\t\t\t\t<\/h4>\n\t\t\t\t\t\t\t<\/div>\n\t\t<\/div>\n\t\t\t\t<\/div>\n\t\t\t\t<\/div>\n\t\t\t\t<div class=\"elementor-element elementor-element-f71be13 elementor-view-stacked elementor-vertical-align-top elementor-widget elementor-widget-icon-box\" data-id=\"f71be13\" data-element_type=\"widget\" data-widget_type=\"icon-box.default\">\n\t\t\t\t<div class=\"elementor-widget-container\">\n\t\t\t\t\t<div class=\"elementor-icon-box-wrapper\">\n\t\t\t\t\t\t<div class=\"elementor-icon-box-content\">\n\t\t\t\t<h4 class=\"elementor-icon-box-title\">\n\t\t\t\t\t<a href=\"https:\/\/diknetsecurite.com\/index.php\/services-de-protection-vip\">SERVICES DE PROTECTION VIP<\/a>\n\t\t\t\t<\/h4>\n\t\t\t\t\t\t\t<\/div>\n\t\t<\/div>\n\t\t\t\t<\/div>\n\t\t\t\t<\/div>\n\t\t\t\t\t<\/div>\n\t\t<\/div>\n\t\t\t\t\t\t\t<\/div>\n\t\t<\/section>\n\t\t\t\t\t\t<\/div>\n\t\t\t\t\t<\/div>\n\t\t","protected":false},"excerpt":{"rendered":"<p>SERVICES DE PROTECTION VIP DIK NET SECURITE offre le meilleur de la protection VIP. Pour compl\u00e9ter ces services sp\u00e9cialis\u00e9s, nous proposons \u00e9galement des chauffeurs de s\u00e9curit\u00e9 qualifi\u00e9s et hautement exp\u00e9riment\u00e9s. Protection de la qualit\u00e9 et confiance : La n\u00e9cessit\u00e9 d&#8217;engager un agent de protection rapproch\u00e9e peut \u00eatre un peu complexe. Qui embaucher? combien, homme ou &hellip;<\/p>\n<p class=\"read-more\"> <a class=\"\" href=\"https:\/\/diknetsecurite.com\/index.php\/services-de-protection-vip\/\"> <span class=\"screen-reader-text\">SERVICES DE PROTECTION VIP<\/span> Lire la suite\u00a0\u00bb<\/a><\/p>\n","protected":false},"author":1,"featured_media":0,"parent":0,"menu_order":0,"comment_status":"closed","ping_status":"closed","template":"","meta":[],"_links":{"self":[{"href":"https:\/\/diknetsecurite.com\/index.php\/wp-json\/wp\/v2\/pages\/1983"}],"collection":[{"href":"https:\/\/diknetsecurite.com\/index.php\/wp-json\/wp\/v2\/pages"}],"about":[{"href":"https:\/\/diknetsecurite.com\/index.php\/wp-json\/wp\/v2\/types\/page"}],"author":[{"embeddable":true,"href":"https:\/\/diknetsecurite.com\/index.php\/wp-json\/wp\/v2\/users\/1"}],"replies":[{"embeddable":true,"href":"https:\/\/diknetsecurite.com\/index.php\/wp-json\/wp\/v2\/comments?post=1983"}],"version-history":[{"count":28,"href":"https:\/\/diknetsecurite.com\/index.php\/wp-json\/wp\/v2\/pages\/1983\/revisions"}],"predecessor-version":[{"id":2410,"href":"https:\/\/diknetsecurite.com\/index.php\/wp-json\/wp\/v2\/pages\/1983\/revisions\/2410"}],"wp:attachment":[{"href":"https:\/\/diknetsecurite.com\/index.php\/wp-json\/wp\/v2\/media?parent=1983"}],"curies":[{"name":"wp","href":"https:\/\/api.w.org\/{rel}","templated":true}]}}