{"id":1977,"date":"2021-05-12T10:21:54","date_gmt":"2021-05-12T10:21:54","guid":{"rendered":"https:\/\/diknetsecurite.com\/?page_id=1977"},"modified":"2021-05-18T17:21:17","modified_gmt":"2021-05-18T17:21:17","slug":"securite-des-evenements-speciaux","status":"publish","type":"page","link":"https:\/\/diknetsecurite.com\/index.php\/securite-des-evenements-speciaux\/","title":{"rendered":"S\u00c9CURIT\u00c9 DES \u00c9V\u00c9NEMENTS SP\u00c9CIAUX"},"content":{"rendered":"\t\t<div data-elementor-type=\"wp-page\" data-elementor-id=\"1977\" class=\"elementor elementor-1977\" data-elementor-settings=\"[]\">\n\t\t\t\t\t\t\t<div class=\"elementor-section-wrap\">\n\t\t\t\t\t\t\t<section class=\"elementor-section elementor-top-section elementor-element elementor-element-c60571e elementor-section-boxed elementor-section-height-default elementor-section-height-default\" data-id=\"c60571e\" data-element_type=\"section\" data-settings=\"{&quot;_ha_eqh_enable&quot;:false}\">\n\t\t\t\t\t\t<div class=\"elementor-container elementor-column-gap-default\">\n\t\t\t\t\t<div class=\"elementor-column elementor-col-50 elementor-top-column elementor-element elementor-element-d8320db\" data-id=\"d8320db\" data-element_type=\"column\">\n\t\t\t<div class=\"elementor-widget-wrap elementor-element-populated\">\n\t\t\t\t\t\t\t\t<div class=\"elementor-element elementor-element-ea8d48c elementor-widget elementor-widget-heading\" data-id=\"ea8d48c\" data-element_type=\"widget\" data-widget_type=\"heading.default\">\n\t\t\t\t<div class=\"elementor-widget-container\">\n\t\t\t<h4 class=\"elementor-heading-title elementor-size-default\">S\u00c9CURIT\u00c9 DES \u00c9V\u00c9NEMENTS SP\u00c9CIAUX<\/h4>\t\t<\/div>\n\t\t\t\t<\/div>\n\t\t\t\t<div class=\"elementor-element elementor-element-66258cf elementor-widget elementor-widget-image\" data-id=\"66258cf\" data-element_type=\"widget\" data-widget_type=\"image.default\">\n\t\t\t\t<div class=\"elementor-widget-container\">\n\t\t\t\t\t\t\t\t\t\t\t\t\t\t\t<img width=\"500\" height=\"334\" src=\"https:\/\/diknetsecurite.com\/wp-content\/uploads\/2021\/04\/unnamed.jpg\" class=\"attachment-large size-large\" alt=\"\" loading=\"lazy\" srcset=\"https:\/\/diknetsecurite.com\/wp-content\/uploads\/2021\/04\/unnamed.jpg 500w, https:\/\/diknetsecurite.com\/wp-content\/uploads\/2021\/04\/unnamed-300x200.jpg 300w\" sizes=\"(max-width: 500px) 100vw, 500px\" \/>\t\t\t\t\t\t\t\t\t\t\t\t\t\t\t<\/div>\n\t\t\t\t<\/div>\n\t\t\t\t<div class=\"elementor-element elementor-element-0de3b95 elementor-widget elementor-widget-text-editor\" data-id=\"0de3b95\" data-element_type=\"widget\" data-widget_type=\"text-editor.default\">\n\t\t\t\t<div class=\"elementor-widget-container\">\n\t\t\t\t\t\t\t\t<p>DIK NET SECURITE fournit une solution de s\u00e9curit\u00e9 compl\u00e8te pour votre \u00e9v\u00e9nement, quelle que soit sa taille. Votre \u00e9v\u00e9nement et le bon d\u00e9roulement de celui-ci sont en jeu, tout comme notre nom et notre r\u00e9putation\u2026 nous ne prenons pas de raccourcis et c&#8217;est pourquoi DIK NET SECURITE est largement consid\u00e9r\u00e9 comme la principale soci\u00e9t\u00e9 ind\u00e9pendante de s\u00e9curit\u00e9 \u00e9v\u00e9nementielle en Guin\u00e9e.<\/p><p>Notre division de gestion d&#8217;\u00e9v\u00e9nements, avec nos exp\u00e9riences dans la s\u00e9curit\u00e9 \u00e9v\u00e9nementielle, la mise en \u0153uvre de notre expertise, permet le bon d\u00e9roulement de tout \u00e9v\u00e9nement . Nos gestionnaires de contr\u00f4le d&#8217;\u00e9v\u00e9nements aident nos clients \u00e0 fournir les chiffres corrects et les comp\u00e9tences d&#8217;experts pour toutes les exigences de gestion de foule et de logistique.<\/p><p><strong>Notre capacit\u00e9 \u00e0 planifier, revoir, d\u00e9ployer et g\u00e9rer un \u00e9v\u00e9nement est incomparable: des concerts de musique, de la s\u00e9curit\u00e9 du stade, des fonctions d&#8217;entreprise, des tournages de films, des \u00e9v\u00e9nements communautaires, des ar\u00e8nes, des affaires du tapis rouge, des \u00e9v\u00e9nements scolaires, des mariages et des f\u00eates priv\u00e9es, DIK NET SECURITE est la bonne porte \u00e0 taper\u00a0 !<\/strong><\/p><p>Nous avons acquis cette r\u00e9putation en fournissant constamment une gestion de haut niveau avec des agents de s\u00e9curit\u00e9 exp\u00e9riment\u00e9s et bien form\u00e9s, des \u00e9quipes de gestion de foules et des agents de protection rapproch\u00e9e.<\/p><p>Services de s\u00e9curit\u00e9s \u00e9v\u00e9nementielles :<\/p><ul><li>\u00a0\u00a0\u00a0 S\u00e9curit\u00e9 des talents, des joueurs et des artistes;<\/li><li>\u00a0\u00a0\u00a0 S\u00e9curit\u00e9 du parking;<\/li><li>\u00a0\u00a0\u00a0 S\u00e9curit\u00e9 de l&#8217;emplacement;<\/li><li>\u00a0\u00a0\u00a0 Protection VIP;<\/li><li>\u00a0\u00a0\u00a0 Unit\u00e9s de r\u00e9action;<\/li><li>\u00a0\u00a0\u00a0 Les stewards;<\/li><li>\u00a0\u00a0\u00a0 Les portiers;<\/li><li>\u00a0\u00a0\u00a0 Barri\u00e8res humaines;<\/li><li>\u00a0\u00a0\u00a0 Agents de gestion des foules;<\/li><li>\u00a0\u00a0\u00a0 Contr\u00f4le d&#8217;acc\u00e8s;<\/li><li>\u00a0\u00a0\u00a0 \u00c9quipes m\u00e9dicales.<\/li><\/ul>\t\t\t\t\t\t<\/div>\n\t\t\t\t<\/div>\n\t\t\t\t\t<\/div>\n\t\t<\/div>\n\t\t\t\t<div class=\"elementor-column elementor-col-50 elementor-top-column elementor-element elementor-element-2e3f033\" data-id=\"2e3f033\" data-element_type=\"column\">\n\t\t\t<div class=\"elementor-widget-wrap elementor-element-populated\">\n\t\t\t\t\t\t\t\t<div class=\"elementor-element elementor-element-9b71d03 elementor-widget elementor-widget-heading\" data-id=\"9b71d03\" data-element_type=\"widget\" data-widget_type=\"heading.default\">\n\t\t\t\t<div class=\"elementor-widget-container\">\n\t\t\t<h4 class=\"elementor-heading-title elementor-size-default\">BIBLIOTH\u00c8QUE D\u2019IMAGES<\/h4>\t\t<\/div>\n\t\t\t\t<\/div>\n\t\t\t\t<div class=\"elementor-element elementor-element-0caaa8f elementor-arrows-position-inside elementor-pagination-position-outside elementor-widget elementor-widget-image-carousel\" data-id=\"0caaa8f\" data-element_type=\"widget\" data-settings=\"{&quot;slides_to_show&quot;:&quot;1&quot;,&quot;navigation&quot;:&quot;both&quot;,&quot;autoplay&quot;:&quot;yes&quot;,&quot;pause_on_hover&quot;:&quot;yes&quot;,&quot;pause_on_interaction&quot;:&quot;yes&quot;,&quot;autoplay_speed&quot;:5000,&quot;infinite&quot;:&quot;yes&quot;,&quot;effect&quot;:&quot;slide&quot;,&quot;speed&quot;:500}\" data-widget_type=\"image-carousel.default\">\n\t\t\t\t<div class=\"elementor-widget-container\">\n\t\t\t\t\t<div class=\"elementor-image-carousel-wrapper swiper-container\" dir=\"ltr\">\n\t\t\t<div class=\"elementor-image-carousel swiper-wrapper\">\n\t\t\t\t<div class=\"swiper-slide\"><figure class=\"swiper-slide-inner\"><img class=\"swiper-slide-image\" src=\"https:\/\/diknetsecurite.com\/wp-content\/uploads\/2021\/04\/img20.jpg\" alt=\"PHOTO FRANCOIS DESTOC \/ LE TELEGRAMME LORIENT (56) : coronavirus Covid-19 fermeture des magasins agent de s\u00e9curit\u00e9\" \/><\/figure><\/div><div class=\"swiper-slide\"><figure class=\"swiper-slide-inner\"><img class=\"swiper-slide-image\" src=\"https:\/\/diknetsecurite.com\/wp-content\/uploads\/2021\/04\/img8.jpg\" alt=\"img8\" \/><\/figure><\/div><div class=\"swiper-slide\"><figure class=\"swiper-slide-inner\"><img class=\"swiper-slide-image\" src=\"https:\/\/diknetsecurite.com\/wp-content\/uploads\/2021\/04\/img9.jpg\" alt=\"securitas poitiers\" \/><\/figure><\/div><div class=\"swiper-slide\"><figure class=\"swiper-slide-inner\"><img class=\"swiper-slide-image\" src=\"\" alt=\"\" \/><\/figure><\/div><div class=\"swiper-slide\"><figure class=\"swiper-slide-inner\"><img class=\"swiper-slide-image\" src=\"https:\/\/diknetsecurite.com\/wp-content\/uploads\/2021\/04\/agent-de-securite.jpg\" alt=\"agent-de-s\u00e9curit\u00e9\" \/><\/figure><\/div><div class=\"swiper-slide\"><figure class=\"swiper-slide-inner\"><img class=\"swiper-slide-image\" src=\"https:\/\/diknetsecurite.com\/wp-content\/uploads\/2021\/04\/unnamed.jpg\" alt=\"unnamed\" \/><\/figure><\/div><div class=\"swiper-slide\"><figure class=\"swiper-slide-inner\"><img class=\"swiper-slide-image\" src=\"https:\/\/diknetsecurite.com\/wp-content\/uploads\/2021\/04\/lmg10.jpg\" alt=\"lmg10\" \/><\/figure><\/div>\t\t\t<\/div>\n\t\t\t\t\t\t\t\t\t\t\t\t<div class=\"swiper-pagination\"><\/div>\n\t\t\t\t\t\t\t\t\t\t\t\t\t<div class=\"elementor-swiper-button elementor-swiper-button-prev\">\n\t\t\t\t\t\t<i class=\"eicon-chevron-left\" aria-hidden=\"true\"><\/i>\n\t\t\t\t\t\t<span class=\"elementor-screen-only\">Pr\u00e9c\u00e9dent<\/span>\n\t\t\t\t\t<\/div>\n\t\t\t\t\t<div class=\"elementor-swiper-button elementor-swiper-button-next\">\n\t\t\t\t\t\t<i class=\"eicon-chevron-right\" aria-hidden=\"true\"><\/i>\n\t\t\t\t\t\t<span class=\"elementor-screen-only\">Suivant<\/span>\n\t\t\t\t\t<\/div>\n\t\t\t\t\t\t\t\t\t<\/div>\n\t\t\t\t<\/div>\n\t\t\t\t<\/div>\n\t\t\t\t<div class=\"elementor-element elementor-element-f21c998 elementor-widget elementor-widget-text-editor\" data-id=\"f21c998\" data-element_type=\"widget\" data-widget_type=\"text-editor.default\">\n\t\t\t\t<div class=\"elementor-widget-container\">\n\t\t\t\t\t\t\t\t<div data-id=\"2b1e928\" data-element_type=\"widget\" data-widget_type=\"heading.default\"><div><h2>Adresse<\/h2><\/div><\/div><div data-id=\"d8caeaa\" data-element_type=\"widget\" data-widget_type=\"heading.default\"><div><p>Pays : Guin\u00e9e<br \/>Ville : Conakry<br \/>Lieux : Commune de Ratoma (Nongo)<br \/>Tel : + 224 623 31 60 90<br \/>Email : <a href=\"https:\/\/diknetsecurite.com\/index.php\/contact\/\">infos@diknetsecurite.com<\/a><\/p><\/div><\/div>\t\t\t\t\t\t<\/div>\n\t\t\t\t<\/div>\n\t\t\t\t<div class=\"elementor-element elementor-element-a973095 elementor-widget elementor-widget-heading\" data-id=\"a973095\" data-element_type=\"widget\" data-widget_type=\"heading.default\">\n\t\t\t\t<div class=\"elementor-widget-container\">\n\t\t\t<h2 class=\"elementor-heading-title elementor-size-default\">Voir aussi<\/h2>\t\t<\/div>\n\t\t\t\t<\/div>\n\t\t\t\t<div class=\"elementor-element elementor-element-cd3e2ad elementor-view-stacked elementor-vertical-align-top elementor-widget elementor-widget-icon-box\" data-id=\"cd3e2ad\" data-element_type=\"widget\" data-widget_type=\"icon-box.default\">\n\t\t\t\t<div class=\"elementor-widget-container\">\n\t\t\t\t\t<div class=\"elementor-icon-box-wrapper\">\n\t\t\t\t\t\t<div class=\"elementor-icon-box-content\">\n\t\t\t\t<h4 class=\"elementor-icon-box-title\">\n\t\t\t\t\t<a href=\"https:\/\/diknetsecurite.com\/index.php\/gesionnaire-de-securite-sur-site\">GESTIONNAIRES DE S\u00c9CURIT\u00c9 SUR SITE <\/a>\n\t\t\t\t<\/h4>\n\t\t\t\t\t\t\t<\/div>\n\t\t<\/div>\n\t\t\t\t<\/div>\n\t\t\t\t<\/div>\n\t\t\t\t<div class=\"elementor-element elementor-element-e262cc2 elementor-view-stacked elementor-vertical-align-top elementor-widget elementor-widget-icon-box\" data-id=\"e262cc2\" data-element_type=\"widget\" data-widget_type=\"icon-box.default\">\n\t\t\t\t<div class=\"elementor-widget-container\">\n\t\t\t\t\t<div class=\"elementor-icon-box-wrapper\">\n\t\t\t\t\t\t<div class=\"elementor-icon-box-content\">\n\t\t\t\t<h4 class=\"elementor-icon-box-title\">\n\t\t\t\t\t<a href=\"https:\/\/diknetsecurite.com\/index.php\/services-de-garde-industrielle\">SERVICES DE GARDE INDUSTRIELLE<\/a>\n\t\t\t\t<\/h4>\n\t\t\t\t\t\t\t<\/div>\n\t\t<\/div>\n\t\t\t\t<\/div>\n\t\t\t\t<\/div>\n\t\t\t\t<div class=\"elementor-element elementor-element-24d61ad elementor-view-stacked elementor-vertical-align-top elementor-widget elementor-widget-icon-box\" data-id=\"24d61ad\" data-element_type=\"widget\" data-widget_type=\"icon-box.default\">\n\t\t\t\t<div class=\"elementor-widget-container\">\n\t\t\t\t\t<div class=\"elementor-icon-box-wrapper\">\n\t\t\t\t\t\t<div class=\"elementor-icon-box-content\">\n\t\t\t\t<h4 class=\"elementor-icon-box-title\">\n\t\t\t\t\t<a href=\"https:\/\/diknetsecurite.com\/index.php\/securite-des-evenements-speciaux\">S\u00c9CURIT\u00c9 DES \u00c9V\u00c9NEMENTS SP\u00c9CIAUX<\/a>\n\t\t\t\t<\/h4>\n\t\t\t\t\t\t\t<\/div>\n\t\t<\/div>\n\t\t\t\t<\/div>\n\t\t\t\t<\/div>\n\t\t\t\t<div class=\"elementor-element elementor-element-f71be13 elementor-view-stacked elementor-vertical-align-top elementor-widget elementor-widget-icon-box\" data-id=\"f71be13\" data-element_type=\"widget\" data-widget_type=\"icon-box.default\">\n\t\t\t\t<div class=\"elementor-widget-container\">\n\t\t\t\t\t<div class=\"elementor-icon-box-wrapper\">\n\t\t\t\t\t\t<div class=\"elementor-icon-box-content\">\n\t\t\t\t<h4 class=\"elementor-icon-box-title\">\n\t\t\t\t\t<a href=\"https:\/\/diknetsecurite.com\/index.php\/services-de-protection-vip\">SERVICES DE PROTECTION VIP<\/a>\n\t\t\t\t<\/h4>\n\t\t\t\t\t\t\t<\/div>\n\t\t<\/div>\n\t\t\t\t<\/div>\n\t\t\t\t<\/div>\n\t\t\t\t\t<\/div>\n\t\t<\/div>\n\t\t\t\t\t\t\t<\/div>\n\t\t<\/section>\n\t\t\t\t\t\t<\/div>\n\t\t\t\t\t<\/div>\n\t\t","protected":false},"excerpt":{"rendered":"<p>S\u00c9CURIT\u00c9 DES \u00c9V\u00c9NEMENTS SP\u00c9CIAUX DIK NET SECURITE fournit une solution de s\u00e9curit\u00e9 compl\u00e8te pour votre \u00e9v\u00e9nement, quelle que soit sa taille. Votre \u00e9v\u00e9nement et le bon d\u00e9roulement de celui-ci sont en jeu, tout comme notre nom et notre r\u00e9putation\u2026 nous ne prenons pas de raccourcis et c&#8217;est pourquoi DIK NET SECURITE est largement consid\u00e9r\u00e9 comme &hellip;<\/p>\n<p class=\"read-more\"> <a class=\"\" href=\"https:\/\/diknetsecurite.com\/index.php\/securite-des-evenements-speciaux\/\"> <span class=\"screen-reader-text\">S\u00c9CURIT\u00c9 DES \u00c9V\u00c9NEMENTS SP\u00c9CIAUX<\/span> Lire la suite\u00a0\u00bb<\/a><\/p>\n","protected":false},"author":1,"featured_media":0,"parent":0,"menu_order":0,"comment_status":"closed","ping_status":"closed","template":"","meta":[],"_links":{"self":[{"href":"https:\/\/diknetsecurite.com\/index.php\/wp-json\/wp\/v2\/pages\/1977"}],"collection":[{"href":"https:\/\/diknetsecurite.com\/index.php\/wp-json\/wp\/v2\/pages"}],"about":[{"href":"https:\/\/diknetsecurite.com\/index.php\/wp-json\/wp\/v2\/types\/page"}],"author":[{"embeddable":true,"href":"https:\/\/diknetsecurite.com\/index.php\/wp-json\/wp\/v2\/users\/1"}],"replies":[{"embeddable":true,"href":"https:\/\/diknetsecurite.com\/index.php\/wp-json\/wp\/v2\/comments?post=1977"}],"version-history":[{"count":28,"href":"https:\/\/diknetsecurite.com\/index.php\/wp-json\/wp\/v2\/pages\/1977\/revisions"}],"predecessor-version":[{"id":2407,"href":"https:\/\/diknetsecurite.com\/index.php\/wp-json\/wp\/v2\/pages\/1977\/revisions\/2407"}],"wp:attachment":[{"href":"https:\/\/diknetsecurite.com\/index.php\/wp-json\/wp\/v2\/media?parent=1977"}],"curies":[{"name":"wp","href":"https:\/\/api.w.org\/{rel}","templated":true}]}}