{"id":1944,"date":"2021-05-12T09:49:13","date_gmt":"2021-05-12T09:49:13","guid":{"rendered":"https:\/\/diknetsecurite.com\/?page_id=1944"},"modified":"2021-05-18T17:42:45","modified_gmt":"2021-05-18T17:42:45","slug":"gesionnaire-de-securite-sur-site","status":"publish","type":"page","link":"https:\/\/diknetsecurite.com\/index.php\/gesionnaire-de-securite-sur-site\/","title":{"rendered":"GESTIONNAIRES DE S\u00c9CURIT\u00c9 SUR SITE"},"content":{"rendered":"\t\t<div data-elementor-type=\"wp-page\" data-elementor-id=\"1944\" class=\"elementor elementor-1944\" data-elementor-settings=\"[]\">\n\t\t\t\t\t\t\t<div class=\"elementor-section-wrap\">\n\t\t\t\t\t\t\t<section class=\"elementor-section elementor-top-section elementor-element elementor-element-c60571e elementor-section-boxed elementor-section-height-default elementor-section-height-default\" data-id=\"c60571e\" data-element_type=\"section\" data-settings=\"{&quot;_ha_eqh_enable&quot;:false}\">\n\t\t\t\t\t\t<div class=\"elementor-container elementor-column-gap-default\">\n\t\t\t\t\t<div class=\"elementor-column elementor-col-50 elementor-top-column elementor-element elementor-element-d8320db\" data-id=\"d8320db\" data-element_type=\"column\">\n\t\t\t<div class=\"elementor-widget-wrap elementor-element-populated\">\n\t\t\t\t\t\t\t\t<div class=\"elementor-element elementor-element-ea8d48c elementor-widget elementor-widget-heading\" data-id=\"ea8d48c\" data-element_type=\"widget\" data-widget_type=\"heading.default\">\n\t\t\t\t<div class=\"elementor-widget-container\">\n\t\t\t<h4 class=\"elementor-heading-title elementor-size-default\">GESTIONNAIRES DE S\u00c9CURIT\u00c9 SUR SITE<\/h4>\t\t<\/div>\n\t\t\t\t<\/div>\n\t\t\t\t<div class=\"elementor-element elementor-element-66258cf elementor-widget elementor-widget-image\" data-id=\"66258cf\" data-element_type=\"widget\" data-widget_type=\"image.default\">\n\t\t\t\t<div class=\"elementor-widget-container\">\n\t\t\t\t\t\t\t\t\t\t\t\t\t\t\t<img width=\"626\" height=\"540\" src=\"https:\/\/diknetsecurite.com\/wp-content\/uploads\/2021\/04\/img11.jpg\" class=\"attachment-large size-large\" alt=\"\" loading=\"lazy\" srcset=\"https:\/\/diknetsecurite.com\/wp-content\/uploads\/2021\/04\/img11.jpg 626w, https:\/\/diknetsecurite.com\/wp-content\/uploads\/2021\/04\/img11-300x259.jpg 300w\" sizes=\"(max-width: 626px) 100vw, 626px\" \/>\t\t\t\t\t\t\t\t\t\t\t\t\t\t\t<\/div>\n\t\t\t\t<\/div>\n\t\t\t\t<div class=\"elementor-element elementor-element-0de3b95 elementor-widget elementor-widget-text-editor\" data-id=\"0de3b95\" data-element_type=\"widget\" data-widget_type=\"text-editor.default\">\n\t\t\t\t<div class=\"elementor-widget-container\">\n\t\t\t\t\t\t\t\t<p>En toute s\u00e9curit\u00e9, <strong>la SOCIETE DIK NET SECURITE<\/strong>, sp\u00e9cialis\u00e9e dans la s\u00e9curit\u00e9 des personnes et leurs biens, propose des solutions adapt\u00e9es et ad\u00e9quates aux besoins de sa client\u00e8le en mettant \u00e0 disposition une \u00e9quipe compl\u00e8te d\u2019agents de s\u00e9curit\u00e9 et de gardiennage.<\/p><p>En effet, les agents de notre soci\u00e9t\u00e9 sont honn\u00eates, ponctuels, patients et rigoureux, poss\u00e9dant l\u2019esprit d\u2019\u00e9quipe avec une ma\u00eetrise parfaite de terrain et leur discipline. Outre des comp\u00e9tences professionnelles, nos agents de s\u00e9curit\u00e9 ont un casier judiciaire exempt\u00e9 de toute mention contradictoire \u00e0 la loi, les dipl\u00f4mes ainsi qu\u2019une carte d\u2019identit\u00e9 nationale ou professionnelle obligatoire d\u00e9livr\u00e9e par les autorit\u00e9s comp\u00e9tentes<em>. <\/em><\/p><p>C\u2019est pourquoi, <strong>DIK NET SECURITE<\/strong> dans sa phase de recrutement s\u00e9lectionne rigoureusement ses agents de s\u00e9curit\u00e9.<\/p><p>Ces qualit\u00e9s sont sp\u00e9cifiques \u00e0 nos agents, elles sont n\u00e9cessaires pour effectuer au mieux leurs fonctions en assurant la surveillance et la s\u00e9curit\u00e9 g\u00e9n\u00e9rale des sites et des personnes.<\/p><p>Ainsi gr\u00e2ce au professionnalisme de nos agents de s\u00e9curit\u00e9 votre site sera s\u00e9curis\u00e9, et ce par soucis d\u2019efficacit\u00e9, nos agents de s\u00e9curit\u00e9 se conformeront aux respects des valeurs et des missions qui leur seront confi\u00e9es.<\/p><p>\u00a0Nous disposons de l\u2019ensemble des mat\u00e9riels indispensables \u00e0 la bonne ex\u00e9cution de la prestation, notamment :<\/p><ul><li>\u00c9metteurs\u00a0r\u00e9cepteur VHF\u00a0;<\/li><li>Armes blanches\u00a0;<\/li><li>Lampes torches ;<\/li><li>Battons de police\u00a0;\u00a0<\/li><li>Menottes\u00a0;<\/li><li>A\u00e9rosols\u00a0de s\u00e9curit\u00e9\u00a0;\u00a0<\/li><li>D\u00e9tecteur de m\u00e9tal,<\/li><li>Syst\u00e8me de vid\u00e9osurveillance,<\/li><li>Syst\u00e8me de t\u00e9l\u00e9surveillance,<\/li><li>Syst\u00e8me de contr\u00f4le d\u2019acc\u00e8s,<\/li><li>Syst\u00e8me d\u2019alarme intrusion,<\/li><li>Syst\u00e8me d\u2019alarme incendie.<\/li><\/ul>\t\t\t\t\t\t<\/div>\n\t\t\t\t<\/div>\n\t\t\t\t\t<\/div>\n\t\t<\/div>\n\t\t\t\t<div class=\"elementor-column elementor-col-50 elementor-top-column elementor-element elementor-element-2e3f033\" data-id=\"2e3f033\" data-element_type=\"column\">\n\t\t\t<div class=\"elementor-widget-wrap elementor-element-populated\">\n\t\t\t\t\t\t\t\t<div class=\"elementor-element elementor-element-9b71d03 elementor-widget elementor-widget-heading\" data-id=\"9b71d03\" data-element_type=\"widget\" data-widget_type=\"heading.default\">\n\t\t\t\t<div class=\"elementor-widget-container\">\n\t\t\t<h4 class=\"elementor-heading-title elementor-size-default\">BIBLIOTH\u00c8QUE D\u2019IMAGES<\/h4>\t\t<\/div>\n\t\t\t\t<\/div>\n\t\t\t\t<div class=\"elementor-element elementor-element-0caaa8f elementor-arrows-position-inside elementor-pagination-position-outside elementor-widget elementor-widget-image-carousel\" data-id=\"0caaa8f\" data-element_type=\"widget\" data-settings=\"{&quot;slides_to_show&quot;:&quot;1&quot;,&quot;navigation&quot;:&quot;both&quot;,&quot;autoplay&quot;:&quot;yes&quot;,&quot;pause_on_hover&quot;:&quot;yes&quot;,&quot;pause_on_interaction&quot;:&quot;yes&quot;,&quot;autoplay_speed&quot;:5000,&quot;infinite&quot;:&quot;yes&quot;,&quot;effect&quot;:&quot;slide&quot;,&quot;speed&quot;:500}\" data-widget_type=\"image-carousel.default\">\n\t\t\t\t<div class=\"elementor-widget-container\">\n\t\t\t\t\t<div class=\"elementor-image-carousel-wrapper swiper-container\" dir=\"ltr\">\n\t\t\t<div class=\"elementor-image-carousel swiper-wrapper\">\n\t\t\t\t<div class=\"swiper-slide\"><figure class=\"swiper-slide-inner\"><img class=\"swiper-slide-image\" src=\"https:\/\/diknetsecurite.com\/wp-content\/uploads\/2021\/04\/unnamed.jpg\" alt=\"unnamed\" \/><\/figure><\/div><div class=\"swiper-slide\"><figure class=\"swiper-slide-inner\"><img class=\"swiper-slide-image\" src=\"https:\/\/diknetsecurite.com\/wp-content\/uploads\/2021\/04\/img20.jpg\" alt=\"PHOTO FRANCOIS DESTOC \/ LE TELEGRAMME LORIENT (56) : coronavirus Covid-19 fermeture des magasins agent de s\u00e9curit\u00e9\" \/><\/figure><\/div><div class=\"swiper-slide\"><figure class=\"swiper-slide-inner\"><img class=\"swiper-slide-image\" src=\"https:\/\/diknetsecurite.com\/wp-content\/uploads\/2021\/04\/img8.jpg\" alt=\"img8\" \/><\/figure><\/div><div class=\"swiper-slide\"><figure class=\"swiper-slide-inner\"><img class=\"swiper-slide-image\" src=\"https:\/\/diknetsecurite.com\/wp-content\/uploads\/2021\/04\/agent-de-securite.jpg\" alt=\"agent-de-s\u00e9curit\u00e9\" \/><\/figure><\/div><div class=\"swiper-slide\"><figure class=\"swiper-slide-inner\"><img class=\"swiper-slide-image\" src=\"https:\/\/diknetsecurite.com\/wp-content\/uploads\/2021\/04\/lmg10.jpg\" alt=\"lmg10\" \/><\/figure><\/div><div class=\"swiper-slide\"><figure class=\"swiper-slide-inner\"><img class=\"swiper-slide-image\" src=\"https:\/\/diknetsecurite.com\/wp-content\/uploads\/2021\/05\/img1.jpg\" alt=\"img1\" \/><\/figure><\/div>\t\t\t<\/div>\n\t\t\t\t\t\t\t\t\t\t\t\t<div class=\"swiper-pagination\"><\/div>\n\t\t\t\t\t\t\t\t\t\t\t\t\t<div class=\"elementor-swiper-button elementor-swiper-button-prev\">\n\t\t\t\t\t\t<i class=\"eicon-chevron-left\" aria-hidden=\"true\"><\/i>\n\t\t\t\t\t\t<span class=\"elementor-screen-only\">Pr\u00e9c\u00e9dent<\/span>\n\t\t\t\t\t<\/div>\n\t\t\t\t\t<div class=\"elementor-swiper-button elementor-swiper-button-next\">\n\t\t\t\t\t\t<i class=\"eicon-chevron-right\" aria-hidden=\"true\"><\/i>\n\t\t\t\t\t\t<span class=\"elementor-screen-only\">Suivant<\/span>\n\t\t\t\t\t<\/div>\n\t\t\t\t\t\t\t\t\t<\/div>\n\t\t\t\t<\/div>\n\t\t\t\t<\/div>\n\t\t\t\t<div class=\"elementor-element elementor-element-f21c998 elementor-widget elementor-widget-text-editor\" data-id=\"f21c998\" data-element_type=\"widget\" data-widget_type=\"text-editor.default\">\n\t\t\t\t<div class=\"elementor-widget-container\">\n\t\t\t\t\t\t\t\t<div data-id=\"2b1e928\" data-element_type=\"widget\" data-widget_type=\"heading.default\"><div><h2>Adresse<\/h2><\/div><\/div><div data-id=\"d8caeaa\" data-element_type=\"widget\" data-widget_type=\"heading.default\"><div><p>Pays : Guin\u00e9e<br \/>Ville : Conakry<br \/>Lieux : Commune de Ratoma (Nongo)<br \/>Tel : + 224 623 31 60 90<br \/>Email : <a href=\"https:\/\/diknetsecurite.com\/index.php\/contact\/\">infos@diknetsecurite.com<\/a><\/p><\/div><\/div>\t\t\t\t\t\t<\/div>\n\t\t\t\t<\/div>\n\t\t\t\t<div class=\"elementor-element elementor-element-2b8a65d elementor-widget elementor-widget-heading\" data-id=\"2b8a65d\" data-element_type=\"widget\" data-widget_type=\"heading.default\">\n\t\t\t\t<div class=\"elementor-widget-container\">\n\t\t\t<h2 class=\"elementor-heading-title elementor-size-default\">Voir aussi<\/h2>\t\t<\/div>\n\t\t\t\t<\/div>\n\t\t\t\t<div class=\"elementor-element elementor-element-cd3e2ad elementor-view-stacked elementor-vertical-align-top elementor-widget elementor-widget-icon-box\" data-id=\"cd3e2ad\" data-element_type=\"widget\" data-widget_type=\"icon-box.default\">\n\t\t\t\t<div class=\"elementor-widget-container\">\n\t\t\t\t\t<div class=\"elementor-icon-box-wrapper\">\n\t\t\t\t\t\t<div class=\"elementor-icon-box-content\">\n\t\t\t\t<h4 class=\"elementor-icon-box-title\">\n\t\t\t\t\t<a href=\"https:\/\/diknetsecurite.com\/index.php\/gesionnaire-de-securite-sur-site\">GESTIONNAIRES DE S\u00c9CURIT\u00c9 SUR SITE <\/a>\n\t\t\t\t<\/h4>\n\t\t\t\t\t\t\t<\/div>\n\t\t<\/div>\n\t\t\t\t<\/div>\n\t\t\t\t<\/div>\n\t\t\t\t<div class=\"elementor-element elementor-element-e262cc2 elementor-view-stacked elementor-vertical-align-top elementor-widget elementor-widget-icon-box\" data-id=\"e262cc2\" data-element_type=\"widget\" data-widget_type=\"icon-box.default\">\n\t\t\t\t<div class=\"elementor-widget-container\">\n\t\t\t\t\t<div class=\"elementor-icon-box-wrapper\">\n\t\t\t\t\t\t<div class=\"elementor-icon-box-content\">\n\t\t\t\t<h4 class=\"elementor-icon-box-title\">\n\t\t\t\t\t<a href=\"https:\/\/diknetsecurite.com\/index.php\/services-de-garde-industrielle\">SERVICES DE GARDE INDUSTRIELLE<\/a>\n\t\t\t\t<\/h4>\n\t\t\t\t\t\t\t<\/div>\n\t\t<\/div>\n\t\t\t\t<\/div>\n\t\t\t\t<\/div>\n\t\t\t\t<div class=\"elementor-element elementor-element-24d61ad elementor-view-stacked elementor-vertical-align-top elementor-widget elementor-widget-icon-box\" data-id=\"24d61ad\" data-element_type=\"widget\" data-widget_type=\"icon-box.default\">\n\t\t\t\t<div class=\"elementor-widget-container\">\n\t\t\t\t\t<div class=\"elementor-icon-box-wrapper\">\n\t\t\t\t\t\t<div class=\"elementor-icon-box-content\">\n\t\t\t\t<h4 class=\"elementor-icon-box-title\">\n\t\t\t\t\t<a href=\"https:\/\/diknetsecurite.com\/index.php\/securite-des-evenements-speciaux\">S\u00c9CURIT\u00c9 DES \u00c9V\u00c9NEMENTS SP\u00c9CIAUX<\/a>\n\t\t\t\t<\/h4>\n\t\t\t\t\t\t\t<\/div>\n\t\t<\/div>\n\t\t\t\t<\/div>\n\t\t\t\t<\/div>\n\t\t\t\t<div class=\"elementor-element elementor-element-f71be13 elementor-view-stacked elementor-vertical-align-top elementor-widget elementor-widget-icon-box\" data-id=\"f71be13\" data-element_type=\"widget\" data-widget_type=\"icon-box.default\">\n\t\t\t\t<div class=\"elementor-widget-container\">\n\t\t\t\t\t<div class=\"elementor-icon-box-wrapper\">\n\t\t\t\t\t\t<div class=\"elementor-icon-box-content\">\n\t\t\t\t<h4 class=\"elementor-icon-box-title\">\n\t\t\t\t\t<a href=\"https:\/\/diknetsecurite.com\/index.php\/services-de-protection-vip\">SERVICES DE PROTECTION VIP<\/a>\n\t\t\t\t<\/h4>\n\t\t\t\t\t\t\t<\/div>\n\t\t<\/div>\n\t\t\t\t<\/div>\n\t\t\t\t<\/div>\n\t\t\t\t\t<\/div>\n\t\t<\/div>\n\t\t\t\t\t\t\t<\/div>\n\t\t<\/section>\n\t\t\t\t\t\t<\/div>\n\t\t\t\t\t<\/div>\n\t\t","protected":false},"excerpt":{"rendered":"<p>GESTIONNAIRES DE S\u00c9CURIT\u00c9 SUR SITE En toute s\u00e9curit\u00e9, la SOCIETE DIK NET SECURITE, sp\u00e9cialis\u00e9e dans la s\u00e9curit\u00e9 des personnes et leurs biens, propose des solutions adapt\u00e9es et ad\u00e9quates aux besoins de sa client\u00e8le en mettant \u00e0 disposition une \u00e9quipe compl\u00e8te d\u2019agents de s\u00e9curit\u00e9 et de gardiennage. En effet, les agents de notre soci\u00e9t\u00e9 sont honn\u00eates, &hellip;<\/p>\n<p class=\"read-more\"> <a class=\"\" href=\"https:\/\/diknetsecurite.com\/index.php\/gesionnaire-de-securite-sur-site\/\"> <span class=\"screen-reader-text\">GESTIONNAIRES DE S\u00c9CURIT\u00c9 SUR SITE<\/span> Lire la suite\u00a0\u00bb<\/a><\/p>\n","protected":false},"author":1,"featured_media":0,"parent":0,"menu_order":0,"comment_status":"closed","ping_status":"closed","template":"","meta":[],"_links":{"self":[{"href":"https:\/\/diknetsecurite.com\/index.php\/wp-json\/wp\/v2\/pages\/1944"}],"collection":[{"href":"https:\/\/diknetsecurite.com\/index.php\/wp-json\/wp\/v2\/pages"}],"about":[{"href":"https:\/\/diknetsecurite.com\/index.php\/wp-json\/wp\/v2\/types\/page"}],"author":[{"embeddable":true,"href":"https:\/\/diknetsecurite.com\/index.php\/wp-json\/wp\/v2\/users\/1"}],"replies":[{"embeddable":true,"href":"https:\/\/diknetsecurite.com\/index.php\/wp-json\/wp\/v2\/comments?post=1944"}],"version-history":[{"count":49,"href":"https:\/\/diknetsecurite.com\/index.php\/wp-json\/wp\/v2\/pages\/1944\/revisions"}],"predecessor-version":[{"id":2413,"href":"https:\/\/diknetsecurite.com\/index.php\/wp-json\/wp\/v2\/pages\/1944\/revisions\/2413"}],"wp:attachment":[{"href":"https:\/\/diknetsecurite.com\/index.php\/wp-json\/wp\/v2\/media?parent=1944"}],"curies":[{"name":"wp","href":"https:\/\/api.w.org\/{rel}","templated":true}]}}