{"id":1376,"date":"2021-04-29T23:37:23","date_gmt":"2021-04-29T23:37:23","guid":{"rendered":"http:\/\/diknetsecurite.com\/?page_id=1376"},"modified":"2021-04-29T23:44:14","modified_gmt":"2021-04-29T23:44:14","slug":"nos-services-2","status":"publish","type":"page","link":"https:\/\/diknetsecurite.com\/index.php\/nos-services-2\/","title":{"rendered":"NOS SERVICES"},"content":{"rendered":"\t\t<div data-elementor-type=\"wp-page\" data-elementor-id=\"1376\" class=\"elementor elementor-1376\" data-elementor-settings=\"[]\">\n\t\t\t\t\t\t\t<div class=\"elementor-section-wrap\">\n\t\t\t\t\t\t\t<section class=\"elementor-section elementor-top-section elementor-element elementor-element-22625ef elementor-section-boxed elementor-section-height-default elementor-section-height-default\" data-id=\"22625ef\" data-element_type=\"section\" data-settings=\"{&quot;_ha_eqh_enable&quot;:false}\">\n\t\t\t\t\t\t<div class=\"elementor-container elementor-column-gap-default\">\n\t\t\t\t\t<div class=\"elementor-column elementor-col-33 elementor-top-column elementor-element elementor-element-efde84e\" data-id=\"efde84e\" data-element_type=\"column\">\n\t\t\t<div class=\"elementor-widget-wrap elementor-element-populated\">\n\t\t\t\t\t\t\t\t<div class=\"elementor-element elementor-element-963c1c0 elementor-view-default elementor-widget elementor-widget-icon\" data-id=\"963c1c0\" data-element_type=\"widget\" data-widget_type=\"icon.default\">\n\t\t\t\t<div class=\"elementor-widget-container\">\n\t\t\t\t\t<div class=\"elementor-icon-wrapper\">\n\t\t\t<div class=\"elementor-icon\">\n\t\t\t<i aria-hidden=\"true\" class=\"fas fa-thumbs-up\"><\/i>\t\t\t<\/div>\n\t\t<\/div>\n\t\t\t\t<\/div>\n\t\t\t\t<\/div>\n\t\t\t\t\t<\/div>\n\t\t<\/div>\n\t\t\t\t<div class=\"elementor-column elementor-col-33 elementor-top-column elementor-element elementor-element-da2dbbd\" data-id=\"da2dbbd\" data-element_type=\"column\">\n\t\t\t<div class=\"elementor-widget-wrap elementor-element-populated\">\n\t\t\t\t\t\t\t\t<div class=\"elementor-element elementor-element-12a1e12 elementor-widget elementor-widget-heading\" data-id=\"12a1e12\" data-element_type=\"widget\" data-widget_type=\"heading.default\">\n\t\t\t\t<div class=\"elementor-widget-container\">\n\t\t\t<h5 class=\"elementor-heading-title elementor-size-default\">Nos agents sont rev\u00eatus des tenues r\u00e9glementaires d\u2019usage et porteurs d\u2019un badge d\u2019identification personnel.<\/h5>\t\t<\/div>\n\t\t\t\t<\/div>\n\t\t\t\t\t<\/div>\n\t\t<\/div>\n\t\t\t\t<div class=\"elementor-column elementor-col-33 elementor-top-column elementor-element elementor-element-35f0b4c\" data-id=\"35f0b4c\" data-element_type=\"column\">\n\t\t\t<div class=\"elementor-widget-wrap\">\n\t\t\t\t\t\t\t\t\t<\/div>\n\t\t<\/div>\n\t\t\t\t\t\t\t<\/div>\n\t\t<\/section>\n\t\t\t\t<section class=\"elementor-section elementor-top-section elementor-element elementor-element-fea8b63 elementor-section-boxed elementor-section-height-default elementor-section-height-default\" data-id=\"fea8b63\" data-element_type=\"section\" data-settings=\"{&quot;_ha_eqh_enable&quot;:false}\">\n\t\t\t\t\t\t<div class=\"elementor-container elementor-column-gap-default\">\n\t\t\t\t\t<div class=\"elementor-column elementor-col-100 elementor-top-column elementor-element elementor-element-c663bcd\" data-id=\"c663bcd\" data-element_type=\"column\">\n\t\t\t<div class=\"elementor-widget-wrap elementor-element-populated\">\n\t\t\t\t\t\t\t\t<div class=\"elementor-element elementor-element-2083d61 elementor-widget elementor-widget-eael-adv-tabs\" data-id=\"2083d61\" data-element_type=\"widget\" data-widget_type=\"eael-adv-tabs.default\">\n\t\t\t\t<div class=\"elementor-widget-container\">\n\t\t\t        <div id=\"eael-advance-tabs-2083d61\" class=\"eael-advance-tabs eael-tabs-vertical\" data-tabid=\"2083d61\">\n            <div class=\"eael-tabs-nav\">\n                <ul class=\"\">\n                                            <li class=\"active-default\">\n                             <span class=\"eael-tab-title\">AGENT DE GARDIENNAGE<\/span>\n                        <\/li>\n                                            <li class=\"\">\n                             <span class=\"eael-tab-title\">AGENT DE SURVEILLANCE<\/span>\n                        <\/li>\n                                            <li class=\"inactive\">\n                             <span class=\"eael-tab-title\">SECURITE RAPROCHEE<\/span>\n                        <\/li>\n                                            <li class=\"inactive\">\n                             <span class=\"eael-tab-title\">SECURITE DES EVENEMENTS<\/span>\n                        <\/li>\n                                            <li class=\"inactive\">\n                             <span class=\"eael-tab-title\">AGENT COVID 19<\/span>\n                        <\/li>\n                                            <li class=\"inactive\">\n                             <span class=\"eael-tab-title\">MAITRE CHIEN<\/span>\n                        <\/li>\n                                            <li class=\"inactive\">\n                             <span class=\"eael-tab-title\">TRANSPORT PRESTIGE AVEC CHAUFFEUR PRIVE<\/span>\n                        <\/li>\n                                    <\/ul>\n            <\/div>\n            <div class=\"eael-tabs-content\">\n                \n                    <div class=\"clearfix active-default\">\n                                                    <h2>AGENT DE GARDIENNAGE<\/h2><p><img src=\"http:\/\/diknetsecurite.com\/wp-content\/uploads\/2021\/04\/img8.jpg\" \/><\/p><p>Sp\u00e9cialiste du\u00a0<strong>gardiennage et s\u00e9curit\u00e9<\/strong>, <strong>DIK NET SECURTIE<\/strong> propose les meilleures prestations dans les domaines qui peuvent correspondre aux attentes vari\u00e9es des clients.<\/p><p>Nous avons une liste compl\u00e8te de service de gardiennage et s\u00e9curit\u00e9 incluant<\/p><ul><li>Agent de gardiennage et de s\u00e9curit\u00e9\u00a0;<\/li><li>Protection rapproch\u00e9e\u00a0;<\/li><li>Installation de syst\u00e8me de s\u00e9curit\u00e9\u00a0;<\/li><li>Surveillance de magasin\u00a0;<\/li><li>S\u00e9curit\u00e9 \u00e9v\u00e8nementielle\u00a0;<\/li><li>Ma\u00eetre-chien.<\/li><\/ul><p>Tous nos services sont assur\u00e9s par un personnel qualifi\u00e9, form\u00e9 selon les normes et les r\u00e8gles du m\u00e9tier. Nos agents de garde peuvent mener des interventions en toute circonstance et \u00e0 toute heure du jour et de la nuit.<\/p><p>Notre\u00a0<strong>service de gardiennage<\/strong>\u00a0est mis en place pour dissuader les personnes malveillantes et pour lutter contre les risques d\u2019incendie sur tout site donn\u00e9. Nous assurons le gardiennage des entreprises, des chantiers en construction en effectuant des rondes r\u00e9guli\u00e8rement.<br \/>Nos agents de garde sont op\u00e9rationnels 24h\/24 et 7J\/7 pour combler les attentes de nos clients.<\/p>                                            <\/div>\n                \n                    <div class=\"clearfix \">\n                                                    <h2>AGENT DE SURVEILLANCE<\/h2><p><img src=\"http:\/\/diknetsecurite.com\/wp-content\/uploads\/2021\/04\/img33.jpg\" \/><\/p><p>Notre agent de surveillance est charg\u00e9 d\u2019accueillir vos visiteurs et votre personnel tout en assurant un contr\u00f4le d\u2019acc\u00e8s pour \u00e9viter toute intrusion par le biais des rondes de nos agents.<br \/><strong>Notre \u00e9quipe est \u00e9galement dispos\u00e9e \u00e0 faire les installations des cam\u00e9ras vid\u00e9o de surveillance et de syst\u00e8me d\u2019alarme dans les centres commerciaux, ou r\u00e9sidence priv\u00e9e.<\/strong><\/p>                                            <\/div>\n                \n                    <div class=\"clearfix inactive\">\n                                                    <h2>SECURITE RAPROCHEE<\/h2><p><img src=\"http:\/\/diknetsecurite.com\/wp-content\/uploads\/2021\/04\/dik11.jpg\" \/><\/p><p>Notre service d\u2019agent de protection est \u00e0 votre disposition pour prot\u00e9ger vos biens et votre propre personne. Notre\u00a0<strong>agent de protection rapproch\u00e9e<\/strong>\u00a0est en mesure d\u2019assurer votre s\u00e9curit\u00e9 lors des manifestions \u00e9v\u00e8nementielles, des f\u00eates, des c\u00e9r\u00e9monies, des sorties professionnelles et autres.<br \/>Ce dernier est form\u00e9 dans les normes pour se montrer toujours discrets et respectueux vis-\u00e0-vis de la vie priv\u00e9e de nos clients. Ce dernier peut se d\u00e9placer sur toute \u00e9tendue du territoire avec des mat\u00e9riels de protection adapt\u00e9s.<\/p>                                            <\/div>\n                \n                    <div class=\"clearfix inactive\">\n                                                    <h1>SECURITE DES EVENEMENTS<\/h1><p><img src=\"http:\/\/diknetsecurite.com\/wp-content\/uploads\/2021\/04\/unnamed.jpg\" \/><\/p><p>Pour votre s\u00e9curit\u00e9 \u00e9v\u00e8nementielle, nous avons recrut\u00e9s des agents sur des crit\u00e8res de choix et form\u00e9s sp\u00e9cialement dans la gestion de la foule et de conflits dans les r\u00e8gles de l\u2019art. Notre\u00a0<strong>service de s\u00e9curit\u00e9 \u00e9v\u00e8nementiel<\/strong>\u00a0est bas\u00e9 sur un bon encadrement et un accueil. Nos agents de s\u00e9curit\u00e9 contr\u00f4lent tous les acc\u00e8s et entr\u00e9es de l\u2019\u00e9v\u00e8nement afin d\u2019avoir une id\u00e9e de la liste des invit\u00e9s que ce soit pour un mariage, un anniversaire, un night-club, un d\u00eener gala, une c\u00e9r\u00e9monie de r\u00e9compense et bien plus encore. Ces derniers font en sorte de prot\u00e9ger les VIP en toute discr\u00e9tion et dans un cadre strictement l\u00e9gal.<\/p>                                            <\/div>\n                \n                    <div class=\"clearfix inactive\">\n                                                    <h2>AGENT COVID 19<\/h2><p><img src=\"http:\/\/diknetsecurite.com\/wp-content\/uploads\/2021\/04\/img23.jpg\" \/><\/p><p>Nos agents COVID 19 assurent efficacements la protection des personnes pour le respect des mesures sanitaires de cette pand\u00e9mie\u00a0 :<\/p><p><span dir=\"ltr\">D\u00e9sinfection des surfaces inertes, poign\u00e9es, chariots, containers \u00e0 d\u00e9chets, boutons <\/span><span dir=\"ltr\">de commande, \u00e9quipements \u00e9lectrom\u00e9nagers, interrupteurs, claviers d\u2019ordinateurs, <\/span><span dir=\"ltr\">murs des sanitaires, sols..., <\/span><span dir=\"ltr\">Privil\u00e9gier l\u2019intervention dans des bureaux vides afin d\u2019\u00e9vit<\/span><span dir=\"ltr\">er tout contact, <\/span><span dir=\"ltr\">Eliminer les d\u00e9chets selon la proc\u00e9dure suivante : mettre les d\u00e9chets \u00e0 risque infectieux <\/span><span dir=\"ltr\">dans un sac ferm\u00e9 qui sera ensuite jet\u00e9 dans un second sac poubelle<\/span><\/p>                                            <\/div>\n                \n                    <div class=\"clearfix inactive\">\n                                                    <h2>MAITRE CHIEN<\/h2><p><img src=\"http:\/\/diknetsecurite.com\/wp-content\/uploads\/2021\/04\/dik18.jpg\" \/><\/p><p>Tous nos chiens et mai\u0302tres-chiens sont form\u00e9s et certifi\u00e9s. Ils sont entrai\u0302n\u00e9s pour la d\u00e9tection d'intrus, la patrouille, la protection des mai\u0302tres-chiens, ainsi que pour la recherche et la perquisition. De plus, afin d\u2019assurer la qualit\u00e9 constante de leurs interventions, notre entrai\u0302neur proc\u00e8de r\u00e9guli\u00e8rement a\u0300 une \u00e9valuation et a\u0300 un entrai\u0302nement d\u2019appoint des chiens et des mai\u0302tres-chiens.<\/p>                                            <\/div>\n                \n                    <div class=\"clearfix inactive\">\n                                                    <h2>TRANSPORT PRESTIGE AVEC CHAUFFEUR PRIVE<\/h2><p>\u00a0<\/p><p>\u00a0<\/p><p>\u00a0<\/p><p>V\u00e9hicules d\u2019intervention (pick-up)\u00a0;<\/p><p>Cars personnels\u00a0;<\/p><p>Camionnettes\u00a0;<\/p><p>Motos \u00e0 deux roues.<\/p>                                            <\/div>\n                            <\/div>\n        <\/div>\n\t\t<\/div>\n\t\t\t\t<\/div>\n\t\t\t\t\t<\/div>\n\t\t<\/div>\n\t\t\t\t\t\t\t<\/div>\n\t\t<\/section>\n\t\t\t\t<section class=\"elementor-section elementor-top-section elementor-element elementor-element-864b2e6 elementor-section-boxed elementor-section-height-default elementor-section-height-default\" data-id=\"864b2e6\" data-element_type=\"section\" data-settings=\"{&quot;_ha_eqh_enable&quot;:false}\">\n\t\t\t\t\t\t<div class=\"elementor-container elementor-column-gap-default\">\n\t\t\t\t\t<div class=\"elementor-column elementor-col-100 elementor-top-column elementor-element elementor-element-e3af2cf\" data-id=\"e3af2cf\" data-element_type=\"column\">\n\t\t\t<div class=\"elementor-widget-wrap\">\n\t\t\t\t\t\t\t\t\t<\/div>\n\t\t<\/div>\n\t\t\t\t\t\t\t<\/div>\n\t\t<\/section>\n\t\t\t\t\t\t<\/div>\n\t\t\t\t\t<\/div>\n\t\t","protected":false},"excerpt":{"rendered":"<p>Nos agents sont rev\u00eatus des tenues r\u00e9glementaires d\u2019usage et porteurs d\u2019un badge d\u2019identification personnel. AGENT DE GARDIENNAGE AGENT DE SURVEILLANCE SECURITE RAPROCHEE SECURITE DES EVENEMENTS AGENT COVID 19 MAITRE CHIEN TRANSPORT PRESTIGE AVEC CHAUFFEUR PRIVE AGENT DE GARDIENNAGE Sp\u00e9cialiste du\u00a0gardiennage et s\u00e9curit\u00e9, DIK NET SECURTIE propose les meilleures prestations dans les domaines qui peuvent correspondre &hellip;<\/p>\n<p class=\"read-more\"> <a class=\"\" href=\"https:\/\/diknetsecurite.com\/index.php\/nos-services-2\/\"> <span class=\"screen-reader-text\">NOS SERVICES<\/span> Lire la suite\u00a0\u00bb<\/a><\/p>\n","protected":false},"author":1,"featured_media":0,"parent":0,"menu_order":0,"comment_status":"closed","ping_status":"closed","template":"","meta":[],"_links":{"self":[{"href":"https:\/\/diknetsecurite.com\/index.php\/wp-json\/wp\/v2\/pages\/1376"}],"collection":[{"href":"https:\/\/diknetsecurite.com\/index.php\/wp-json\/wp\/v2\/pages"}],"about":[{"href":"https:\/\/diknetsecurite.com\/index.php\/wp-json\/wp\/v2\/types\/page"}],"author":[{"embeddable":true,"href":"https:\/\/diknetsecurite.com\/index.php\/wp-json\/wp\/v2\/users\/1"}],"replies":[{"embeddable":true,"href":"https:\/\/diknetsecurite.com\/index.php\/wp-json\/wp\/v2\/comments?post=1376"}],"version-history":[{"count":1,"href":"https:\/\/diknetsecurite.com\/index.php\/wp-json\/wp\/v2\/pages\/1376\/revisions"}],"predecessor-version":[{"id":1386,"href":"https:\/\/diknetsecurite.com\/index.php\/wp-json\/wp\/v2\/pages\/1376\/revisions\/1386"}],"wp:attachment":[{"href":"https:\/\/diknetsecurite.com\/index.php\/wp-json\/wp\/v2\/media?parent=1376"}],"curies":[{"name":"wp","href":"https:\/\/api.w.org\/{rel}","templated":true}]}}