{"id":1373,"date":"2021-04-29T23:36:40","date_gmt":"2021-04-29T23:36:40","guid":{"rendered":"http:\/\/diknetsecurite.com\/?page_id=1373"},"modified":"2021-05-18T00:10:56","modified_gmt":"2021-05-18T00:10:56","slug":"maitre-chien","status":"publish","type":"page","link":"https:\/\/diknetsecurite.com\/index.php\/maitre-chien\/","title":{"rendered":"MAITRE CHIEN"},"content":{"rendered":"\t\t<div data-elementor-type=\"wp-page\" data-elementor-id=\"1373\" class=\"elementor elementor-1373\" data-elementor-settings=\"[]\">\n\t\t\t\t\t\t\t<div class=\"elementor-section-wrap\">\n\t\t\t\t\t\t\t<section class=\"elementor-section elementor-top-section elementor-element elementor-element-22625ef elementor-section-boxed elementor-section-height-default elementor-section-height-default\" data-id=\"22625ef\" data-element_type=\"section\" data-settings=\"{&quot;_ha_eqh_enable&quot;:false}\">\n\t\t\t\t\t\t<div class=\"elementor-container elementor-column-gap-default\">\n\t\t\t\t\t<div class=\"elementor-column elementor-col-33 elementor-top-column elementor-element elementor-element-efde84e\" data-id=\"efde84e\" data-element_type=\"column\">\n\t\t\t<div class=\"elementor-widget-wrap elementor-element-populated\">\n\t\t\t\t\t\t\t\t<div class=\"elementor-element elementor-element-963c1c0 elementor-view-default elementor-widget elementor-widget-icon\" data-id=\"963c1c0\" data-element_type=\"widget\" data-widget_type=\"icon.default\">\n\t\t\t\t<div class=\"elementor-widget-container\">\n\t\t\t\t\t<div class=\"elementor-icon-wrapper\">\n\t\t\t<div class=\"elementor-icon\">\n\t\t\t<i aria-hidden=\"true\" class=\"fas fa-thumbs-up\"><\/i>\t\t\t<\/div>\n\t\t<\/div>\n\t\t\t\t<\/div>\n\t\t\t\t<\/div>\n\t\t\t\t\t<\/div>\n\t\t<\/div>\n\t\t\t\t<div class=\"elementor-column elementor-col-33 elementor-top-column elementor-element elementor-element-da2dbbd\" data-id=\"da2dbbd\" data-element_type=\"column\">\n\t\t\t<div class=\"elementor-widget-wrap elementor-element-populated\">\n\t\t\t\t\t\t\t\t<div class=\"elementor-element elementor-element-12a1e12 elementor-widget elementor-widget-heading\" data-id=\"12a1e12\" data-element_type=\"widget\" data-widget_type=\"heading.default\">\n\t\t\t\t<div class=\"elementor-widget-container\">\n\t\t\t<h5 class=\"elementor-heading-title elementor-size-default\">Nos agents sont rev\u00eatus des tenues r\u00e9glementaires d\u2019usage et porteurs d\u2019un badge d\u2019identification personnel.<\/h5>\t\t<\/div>\n\t\t\t\t<\/div>\n\t\t\t\t\t<\/div>\n\t\t<\/div>\n\t\t\t\t<div class=\"elementor-column elementor-col-33 elementor-top-column elementor-element elementor-element-35f0b4c\" data-id=\"35f0b4c\" data-element_type=\"column\">\n\t\t\t<div class=\"elementor-widget-wrap\">\n\t\t\t\t\t\t\t\t\t<\/div>\n\t\t<\/div>\n\t\t\t\t\t\t\t<\/div>\n\t\t<\/section>\n\t\t\t\t<section class=\"elementor-section elementor-top-section elementor-element elementor-element-520d618 elementor-section-boxed elementor-section-height-default elementor-section-height-default\" data-id=\"520d618\" data-element_type=\"section\" data-settings=\"{&quot;_ha_eqh_enable&quot;:false}\">\n\t\t\t\t\t\t<div class=\"elementor-container elementor-column-gap-default\">\n\t\t\t\t\t<div class=\"elementor-column elementor-col-50 elementor-top-column elementor-element elementor-element-82194da\" data-id=\"82194da\" data-element_type=\"column\">\n\t\t\t<div class=\"elementor-widget-wrap elementor-element-populated\">\n\t\t\t\t\t\t\t\t<div class=\"elementor-element elementor-element-93b025b elementor-widget elementor-widget-heading\" data-id=\"93b025b\" data-element_type=\"widget\" data-widget_type=\"heading.default\">\n\t\t\t\t<div class=\"elementor-widget-container\">\n\t\t\t<h6 class=\"elementor-heading-title elementor-size-default\"><a href=\"https:\/\/diknetsecurite.com\/index.php\/agent-de-gardiennage\/\">AGENT DE GARDIENNAGE<\/a><\/h6>\t\t<\/div>\n\t\t\t\t<\/div>\n\t\t\t\t<div class=\"elementor-element elementor-element-bdb4fc6 elementor-widget elementor-widget-heading\" data-id=\"bdb4fc6\" data-element_type=\"widget\" data-widget_type=\"heading.default\">\n\t\t\t\t<div class=\"elementor-widget-container\">\n\t\t\t<h6 class=\"elementor-heading-title elementor-size-default\"><a href=\"https:\/\/diknetsecurite.com\/index.php\/agent-de-surveillance\/\"><span class=\"eael-tab-title\">AGENT DE SURVEILLANCE<\/span><\/a><\/h6>\t\t<\/div>\n\t\t\t\t<\/div>\n\t\t\t\t<div class=\"elementor-element elementor-element-8816574 elementor-widget elementor-widget-heading\" data-id=\"8816574\" data-element_type=\"widget\" data-widget_type=\"heading.default\">\n\t\t\t\t<div class=\"elementor-widget-container\">\n\t\t\t<h6 class=\"elementor-heading-title elementor-size-default\"><a href=\"https:\/\/diknetsecurite.com\/index.php\/securite-rapprochee\/\"><span class=\"eael-tab-title\">SECURITE RAPROCHEE<\/span><\/a><\/h6>\t\t<\/div>\n\t\t\t\t<\/div>\n\t\t\t\t<div class=\"elementor-element elementor-element-9c46076 elementor-widget elementor-widget-heading\" data-id=\"9c46076\" data-element_type=\"widget\" data-widget_type=\"heading.default\">\n\t\t\t\t<div class=\"elementor-widget-container\">\n\t\t\t<h6 class=\"elementor-heading-title elementor-size-default\"><a href=\"https:\/\/diknetsecurite.com\/index.php\/securite-des-evenements\/\"><span class=\"eael-tab-title\">SECURITE DES EVENEMENTS<\/span><\/a><\/h6>\t\t<\/div>\n\t\t\t\t<\/div>\n\t\t\t\t<div class=\"elementor-element elementor-element-7ba76ff elementor-widget elementor-widget-heading\" data-id=\"7ba76ff\" data-element_type=\"widget\" data-widget_type=\"heading.default\">\n\t\t\t\t<div class=\"elementor-widget-container\">\n\t\t\t<h6 class=\"elementor-heading-title elementor-size-default\"><a href=\"https:\/\/diknetsecurite.com\/index.php\/agent-covid-19\/\"><span class=\"eael-tab-title\">AGENT COVID 19<\/span><\/a><\/h6>\t\t<\/div>\n\t\t\t\t<\/div>\n\t\t\t\t<div class=\"elementor-element elementor-element-6f41d39 elementor-widget elementor-widget-heading\" data-id=\"6f41d39\" data-element_type=\"widget\" data-widget_type=\"heading.default\">\n\t\t\t\t<div class=\"elementor-widget-container\">\n\t\t\t<h6 class=\"elementor-heading-title elementor-size-default\"><a href=\"https:\/\/diknetsecurite.com\/index.php\/maitre-chien\/\">MAITRE CHIEN<\/a><\/h6>\t\t<\/div>\n\t\t\t\t<\/div>\n\t\t\t\t<div class=\"elementor-element elementor-element-248f115 elementor-widget elementor-widget-heading\" data-id=\"248f115\" data-element_type=\"widget\" data-widget_type=\"heading.default\">\n\t\t\t\t<div class=\"elementor-widget-container\">\n\t\t\t<h6 class=\"elementor-heading-title elementor-size-default\"><a href=\"https:\/\/diknetsecurite.com\/index.php\/transport-prestige-avec-chauffeur-prive\/\"><span class=\"eael-tab-title\">TRANSPORT PRESTIGE AVEC CHAUFFEUR PRIVE<\/span><\/a><\/h6>\t\t<\/div>\n\t\t\t\t<\/div>\n\t\t\t\t\t<\/div>\n\t\t<\/div>\n\t\t\t\t<div class=\"elementor-column elementor-col-50 elementor-top-column elementor-element elementor-element-7d1b9dc\" data-id=\"7d1b9dc\" data-element_type=\"column\">\n\t\t\t<div class=\"elementor-widget-wrap elementor-element-populated\">\n\t\t\t\t\t\t\t\t<div class=\"elementor-element elementor-element-c64d4e9 elementor-widget elementor-widget-text-editor\" data-id=\"c64d4e9\" data-element_type=\"widget\" data-widget_type=\"text-editor.default\">\n\t\t\t\t<div class=\"elementor-widget-container\">\n\t\t\t\t\t\t\t\t<div class=\"clearfix active-default\"><h2>MAITRE CHIEN<\/h2><p><img src=\"http:\/\/diknetsecurite.com\/wp-content\/uploads\/2021\/04\/dik18.jpg\" \/><\/p><p>Tous nos chiens et mai\u0302tres-chiens sont form\u00e9s cons\u00e9quemment. Ils sont entrai\u0302n\u00e9s pour la d\u00e9tection d&#8217;intrus, la patrouille, la protection des mai\u0302tres-chiens, ainsi que pour la recherche et la perquisition. De plus, afin d\u2019assurer la qualit\u00e9 constante de leurs interventions, notre entrai\u0302neur proc\u00e8de r\u00e9guli\u00e8rement a\u0300 une \u00e9valuation et a\u0300 un entrai\u0302nement d\u2019appoint des chiens et des mai\u0302tres-chiens.<\/p><\/div>\t\t\t\t\t\t<\/div>\n\t\t\t\t<\/div>\n\t\t\t\t\t<\/div>\n\t\t<\/div>\n\t\t\t\t\t\t\t<\/div>\n\t\t<\/section>\n\t\t\t\t\t\t<\/div>\n\t\t\t\t\t<\/div>\n\t\t","protected":false},"excerpt":{"rendered":"<p>Nos agents sont rev\u00eatus des tenues r\u00e9glementaires d\u2019usage et porteurs d\u2019un badge d\u2019identification personnel. AGENT DE GARDIENNAGE AGENT DE SURVEILLANCE SECURITE RAPROCHEE SECURITE DES EVENEMENTS AGENT COVID 19 MAITRE CHIEN TRANSPORT PRESTIGE AVEC CHAUFFEUR PRIVE MAITRE CHIEN Tous nos chiens et mai\u0302tres-chiens sont form\u00e9s cons\u00e9quemment. Ils sont entrai\u0302n\u00e9s pour la d\u00e9tection d&#8217;intrus, la patrouille, la &hellip;<\/p>\n<p class=\"read-more\"> <a class=\"\" href=\"https:\/\/diknetsecurite.com\/index.php\/maitre-chien\/\"> <span class=\"screen-reader-text\">MAITRE CHIEN<\/span> Lire la suite\u00a0\u00bb<\/a><\/p>\n","protected":false},"author":1,"featured_media":0,"parent":0,"menu_order":0,"comment_status":"closed","ping_status":"closed","template":"","meta":[],"_links":{"self":[{"href":"https:\/\/diknetsecurite.com\/index.php\/wp-json\/wp\/v2\/pages\/1373"}],"collection":[{"href":"https:\/\/diknetsecurite.com\/index.php\/wp-json\/wp\/v2\/pages"}],"about":[{"href":"https:\/\/diknetsecurite.com\/index.php\/wp-json\/wp\/v2\/types\/page"}],"author":[{"embeddable":true,"href":"https:\/\/diknetsecurite.com\/index.php\/wp-json\/wp\/v2\/users\/1"}],"replies":[{"embeddable":true,"href":"https:\/\/diknetsecurite.com\/index.php\/wp-json\/wp\/v2\/comments?post=1373"}],"version-history":[{"count":31,"href":"https:\/\/diknetsecurite.com\/index.php\/wp-json\/wp\/v2\/pages\/1373\/revisions"}],"predecessor-version":[{"id":2344,"href":"https:\/\/diknetsecurite.com\/index.php\/wp-json\/wp\/v2\/pages\/1373\/revisions\/2344"}],"wp:attachment":[{"href":"https:\/\/diknetsecurite.com\/index.php\/wp-json\/wp\/v2\/media?parent=1373"}],"curies":[{"name":"wp","href":"https:\/\/api.w.org\/{rel}","templated":true}]}}