{"id":1370,"date":"2021-04-29T23:36:11","date_gmt":"2021-04-29T23:36:11","guid":{"rendered":"http:\/\/diknetsecurite.com\/?page_id=1370"},"modified":"2021-05-18T00:05:14","modified_gmt":"2021-05-18T00:05:14","slug":"securite-des-evenements","status":"publish","type":"page","link":"https:\/\/diknetsecurite.com\/index.php\/securite-des-evenements\/","title":{"rendered":"SECURITE DES EVENEMENTS"},"content":{"rendered":"\t\t<div data-elementor-type=\"wp-page\" data-elementor-id=\"1370\" class=\"elementor elementor-1370\" data-elementor-settings=\"[]\">\n\t\t\t\t\t\t\t<div class=\"elementor-section-wrap\">\n\t\t\t\t\t\t\t<section class=\"elementor-section elementor-top-section elementor-element elementor-element-22625ef elementor-section-boxed elementor-section-height-default elementor-section-height-default\" data-id=\"22625ef\" data-element_type=\"section\" data-settings=\"{&quot;_ha_eqh_enable&quot;:false}\">\n\t\t\t\t\t\t<div class=\"elementor-container elementor-column-gap-default\">\n\t\t\t\t\t<div class=\"elementor-column elementor-col-33 elementor-top-column elementor-element elementor-element-efde84e\" data-id=\"efde84e\" data-element_type=\"column\">\n\t\t\t<div class=\"elementor-widget-wrap elementor-element-populated\">\n\t\t\t\t\t\t\t\t<div class=\"elementor-element elementor-element-963c1c0 elementor-view-default elementor-widget elementor-widget-icon\" data-id=\"963c1c0\" data-element_type=\"widget\" data-widget_type=\"icon.default\">\n\t\t\t\t<div class=\"elementor-widget-container\">\n\t\t\t\t\t<div class=\"elementor-icon-wrapper\">\n\t\t\t<div class=\"elementor-icon\">\n\t\t\t<i aria-hidden=\"true\" class=\"fas fa-thumbs-up\"><\/i>\t\t\t<\/div>\n\t\t<\/div>\n\t\t\t\t<\/div>\n\t\t\t\t<\/div>\n\t\t\t\t\t<\/div>\n\t\t<\/div>\n\t\t\t\t<div class=\"elementor-column elementor-col-33 elementor-top-column elementor-element elementor-element-da2dbbd\" data-id=\"da2dbbd\" data-element_type=\"column\">\n\t\t\t<div class=\"elementor-widget-wrap elementor-element-populated\">\n\t\t\t\t\t\t\t\t<div class=\"elementor-element elementor-element-12a1e12 elementor-widget elementor-widget-heading\" data-id=\"12a1e12\" data-element_type=\"widget\" data-widget_type=\"heading.default\">\n\t\t\t\t<div class=\"elementor-widget-container\">\n\t\t\t<h5 class=\"elementor-heading-title elementor-size-default\">Nos agents sont rev\u00eatus des tenues r\u00e9glementaires d\u2019usage et porteurs d\u2019un badge d\u2019identification personnel.<\/h5>\t\t<\/div>\n\t\t\t\t<\/div>\n\t\t\t\t\t<\/div>\n\t\t<\/div>\n\t\t\t\t<div class=\"elementor-column elementor-col-33 elementor-top-column elementor-element elementor-element-35f0b4c\" data-id=\"35f0b4c\" data-element_type=\"column\">\n\t\t\t<div class=\"elementor-widget-wrap\">\n\t\t\t\t\t\t\t\t\t<\/div>\n\t\t<\/div>\n\t\t\t\t\t\t\t<\/div>\n\t\t<\/section>\n\t\t\t\t<section class=\"elementor-section elementor-top-section elementor-element elementor-element-99836a4 elementor-section-boxed elementor-section-height-default elementor-section-height-default\" data-id=\"99836a4\" data-element_type=\"section\" data-settings=\"{&quot;_ha_eqh_enable&quot;:false}\">\n\t\t\t\t\t\t<div class=\"elementor-container elementor-column-gap-default\">\n\t\t\t\t\t<div class=\"elementor-column elementor-col-50 elementor-top-column elementor-element elementor-element-fc11c48\" data-id=\"fc11c48\" data-element_type=\"column\">\n\t\t\t<div class=\"elementor-widget-wrap elementor-element-populated\">\n\t\t\t\t\t\t\t\t<div class=\"elementor-element elementor-element-825ff3f elementor-widget elementor-widget-heading\" data-id=\"825ff3f\" data-element_type=\"widget\" data-widget_type=\"heading.default\">\n\t\t\t\t<div class=\"elementor-widget-container\">\n\t\t\t<h6 class=\"elementor-heading-title elementor-size-default\"><a href=\"https:\/\/diknetsecurite.com\/index.php\/agent-de-gardiennage\/\">AGENT DE GARDIENNAGE<\/a><\/h6>\t\t<\/div>\n\t\t\t\t<\/div>\n\t\t\t\t<div class=\"elementor-element elementor-element-1ea905d elementor-widget elementor-widget-heading\" data-id=\"1ea905d\" data-element_type=\"widget\" data-widget_type=\"heading.default\">\n\t\t\t\t<div class=\"elementor-widget-container\">\n\t\t\t<h6 class=\"elementor-heading-title elementor-size-default\"><a href=\"https:\/\/diknetsecurite.com\/index.php\/agent-de-surveillance\/\">AGENT DE SURVEILLANCE<\/a><\/h6>\t\t<\/div>\n\t\t\t\t<\/div>\n\t\t\t\t<div class=\"elementor-element elementor-element-3c2938e elementor-widget elementor-widget-heading\" data-id=\"3c2938e\" data-element_type=\"widget\" data-widget_type=\"heading.default\">\n\t\t\t\t<div class=\"elementor-widget-container\">\n\t\t\t<h6 class=\"elementor-heading-title elementor-size-default\"><a href=\"https:\/\/diknetsecurite.com\/index.php\/securite-rapprochee\/\"><span class=\"eael-tab-title\">SECURITE RAPROCHEE<\/span><\/a><\/h6>\t\t<\/div>\n\t\t\t\t<\/div>\n\t\t\t\t<div class=\"elementor-element elementor-element-45de26b elementor-widget elementor-widget-heading\" data-id=\"45de26b\" data-element_type=\"widget\" data-widget_type=\"heading.default\">\n\t\t\t\t<div class=\"elementor-widget-container\">\n\t\t\t<h6 class=\"elementor-heading-title elementor-size-default\"><a href=\"https:\/\/diknetsecurite.com\/index.php\/securite-des-evenements\/\">SECURITE DES EVENEMENTS<\/a><\/h6>\t\t<\/div>\n\t\t\t\t<\/div>\n\t\t\t\t<div class=\"elementor-element elementor-element-245c44f elementor-widget elementor-widget-heading\" data-id=\"245c44f\" data-element_type=\"widget\" data-widget_type=\"heading.default\">\n\t\t\t\t<div class=\"elementor-widget-container\">\n\t\t\t<h6 class=\"elementor-heading-title elementor-size-default\"><a href=\"https:\/\/diknetsecurite.com\/index.php\/agent-covid-19\/\"><span class=\"eael-tab-title\">AGENT COVID 19<\/span><\/a><\/h6>\t\t<\/div>\n\t\t\t\t<\/div>\n\t\t\t\t<div class=\"elementor-element elementor-element-3421e6d elementor-widget elementor-widget-heading\" data-id=\"3421e6d\" data-element_type=\"widget\" data-widget_type=\"heading.default\">\n\t\t\t\t<div class=\"elementor-widget-container\">\n\t\t\t<h6 class=\"elementor-heading-title elementor-size-default\"><a href=\"https:\/\/diknetsecurite.com\/index.php\/maitre-chien\/\"><span class=\"eael-tab-title\">MAITRE CHIEN<\/span><\/a><\/h6>\t\t<\/div>\n\t\t\t\t<\/div>\n\t\t\t\t<div class=\"elementor-element elementor-element-910abc2 elementor-widget elementor-widget-heading\" data-id=\"910abc2\" data-element_type=\"widget\" data-widget_type=\"heading.default\">\n\t\t\t\t<div class=\"elementor-widget-container\">\n\t\t\t<h6 class=\"elementor-heading-title elementor-size-default\"><a href=\"https:\/\/diknetsecurite.com\/index.php\/transport-prestige-avec-chauffeur-prive\/\"><span class=\"eael-tab-title\">TRANSPORT PRESTIGE AVEC CHAUFFEUR PRIVE<\/span><\/a><\/h6>\t\t<\/div>\n\t\t\t\t<\/div>\n\t\t\t\t\t<\/div>\n\t\t<\/div>\n\t\t\t\t<div class=\"elementor-column elementor-col-50 elementor-top-column elementor-element elementor-element-ccb588d\" data-id=\"ccb588d\" data-element_type=\"column\">\n\t\t\t<div class=\"elementor-widget-wrap elementor-element-populated\">\n\t\t\t\t\t\t\t\t<div class=\"elementor-element elementor-element-906e5bc elementor-widget elementor-widget-text-editor\" data-id=\"906e5bc\" data-element_type=\"widget\" data-widget_type=\"text-editor.default\">\n\t\t\t\t<div class=\"elementor-widget-container\">\n\t\t\t\t\t\t\t\t<div class=\"clearfix active-default\"><h2>SECURITE DES EVENEMENTS<\/h2><p><img src=\"http:\/\/diknetsecurite.com\/wp-content\/uploads\/2021\/05\/img23.jpg\" \/><\/p><p>Pour votre s\u00e9curit\u00e9 \u00e9v\u00e8nementielle, nous avons recrut\u00e9s des agents sur des crit\u00e8res de choix et form\u00e9s sp\u00e9cialement dans la gestion de la foule et de conflits dans les r\u00e8gles de l\u2019art. Notre\u00a0<strong>service de s\u00e9curit\u00e9 \u00e9v\u00e8nementiel<\/strong> est bas\u00e9 sur un bon encadrement et un accueil chaleureux. Nos agents de s\u00e9curit\u00e9 contr\u00f4lent tous les acc\u00e8s et entr\u00e9es de l\u2019\u00e9v\u00e8nement afin d\u2019avoir une id\u00e9e de la liste des invit\u00e9s que ce soit pour un mariage, un anniversaire, un night-club, un d\u00eener gala, une c\u00e9r\u00e9monie de r\u00e9compense et bien d&#8217;autres. Ces derniers font en sorte de prot\u00e9ger les VIP en toute circonstance, dans la plus grande discr\u00e9tion et dans un cadre strictement l\u00e9gal.<\/p><\/div>\t\t\t\t\t\t<\/div>\n\t\t\t\t<\/div>\n\t\t\t\t\t<\/div>\n\t\t<\/div>\n\t\t\t\t\t\t\t<\/div>\n\t\t<\/section>\n\t\t\t\t\t\t<\/div>\n\t\t\t\t\t<\/div>\n\t\t","protected":false},"excerpt":{"rendered":"<p>Nos agents sont rev\u00eatus des tenues r\u00e9glementaires d\u2019usage et porteurs d\u2019un badge d\u2019identification personnel. AGENT DE GARDIENNAGE AGENT DE SURVEILLANCE SECURITE RAPROCHEE SECURITE DES EVENEMENTS AGENT COVID 19 MAITRE CHIEN TRANSPORT PRESTIGE AVEC CHAUFFEUR PRIVE SECURITE DES EVENEMENTS Pour votre s\u00e9curit\u00e9 \u00e9v\u00e8nementielle, nous avons recrut\u00e9s des agents sur des crit\u00e8res de choix et form\u00e9s sp\u00e9cialement &hellip;<\/p>\n<p class=\"read-more\"> <a class=\"\" href=\"https:\/\/diknetsecurite.com\/index.php\/securite-des-evenements\/\"> <span class=\"screen-reader-text\">SECURITE DES EVENEMENTS<\/span> Lire la suite\u00a0\u00bb<\/a><\/p>\n","protected":false},"author":1,"featured_media":0,"parent":0,"menu_order":0,"comment_status":"closed","ping_status":"closed","template":"","meta":[],"_links":{"self":[{"href":"https:\/\/diknetsecurite.com\/index.php\/wp-json\/wp\/v2\/pages\/1370"}],"collection":[{"href":"https:\/\/diknetsecurite.com\/index.php\/wp-json\/wp\/v2\/pages"}],"about":[{"href":"https:\/\/diknetsecurite.com\/index.php\/wp-json\/wp\/v2\/types\/page"}],"author":[{"embeddable":true,"href":"https:\/\/diknetsecurite.com\/index.php\/wp-json\/wp\/v2\/users\/1"}],"replies":[{"embeddable":true,"href":"https:\/\/diknetsecurite.com\/index.php\/wp-json\/wp\/v2\/comments?post=1370"}],"version-history":[{"count":23,"href":"https:\/\/diknetsecurite.com\/index.php\/wp-json\/wp\/v2\/pages\/1370\/revisions"}],"predecessor-version":[{"id":2338,"href":"https:\/\/diknetsecurite.com\/index.php\/wp-json\/wp\/v2\/pages\/1370\/revisions\/2338"}],"wp:attachment":[{"href":"https:\/\/diknetsecurite.com\/index.php\/wp-json\/wp\/v2\/media?parent=1370"}],"curies":[{"name":"wp","href":"https:\/\/api.w.org\/{rel}","templated":true}]}}