{"id":1369,"date":"2021-04-29T23:36:03","date_gmt":"2021-04-29T23:36:03","guid":{"rendered":"http:\/\/diknetsecurite.com\/?page_id=1369"},"modified":"2021-08-04T22:59:02","modified_gmt":"2021-08-04T22:59:02","slug":"securite-rapprochee","status":"publish","type":"page","link":"https:\/\/diknetsecurite.com\/index.php\/securite-rapprochee\/","title":{"rendered":"SECURITE RAPPROCHEE"},"content":{"rendered":"\t\t<div data-elementor-type=\"wp-page\" data-elementor-id=\"1369\" class=\"elementor elementor-1369\" data-elementor-settings=\"[]\">\n\t\t\t\t\t\t\t<div class=\"elementor-section-wrap\">\n\t\t\t\t\t\t\t<section class=\"elementor-section elementor-top-section elementor-element elementor-element-22625ef elementor-section-boxed elementor-section-height-default elementor-section-height-default\" data-id=\"22625ef\" data-element_type=\"section\" data-settings=\"{&quot;_ha_eqh_enable&quot;:false}\">\n\t\t\t\t\t\t<div class=\"elementor-container elementor-column-gap-default\">\n\t\t\t\t\t<div class=\"elementor-column elementor-col-33 elementor-top-column elementor-element elementor-element-efde84e\" data-id=\"efde84e\" data-element_type=\"column\">\n\t\t\t<div class=\"elementor-widget-wrap elementor-element-populated\">\n\t\t\t\t\t\t\t\t<div class=\"elementor-element elementor-element-963c1c0 elementor-view-default elementor-widget elementor-widget-icon\" data-id=\"963c1c0\" data-element_type=\"widget\" data-widget_type=\"icon.default\">\n\t\t\t\t<div class=\"elementor-widget-container\">\n\t\t\t\t\t<div class=\"elementor-icon-wrapper\">\n\t\t\t<div class=\"elementor-icon\">\n\t\t\t<i aria-hidden=\"true\" class=\"fas fa-thumbs-up\"><\/i>\t\t\t<\/div>\n\t\t<\/div>\n\t\t\t\t<\/div>\n\t\t\t\t<\/div>\n\t\t\t\t\t<\/div>\n\t\t<\/div>\n\t\t\t\t<div class=\"elementor-column elementor-col-33 elementor-top-column elementor-element elementor-element-da2dbbd\" data-id=\"da2dbbd\" data-element_type=\"column\">\n\t\t\t<div class=\"elementor-widget-wrap elementor-element-populated\">\n\t\t\t\t\t\t\t\t<div class=\"elementor-element elementor-element-12a1e12 elementor-widget elementor-widget-heading\" data-id=\"12a1e12\" data-element_type=\"widget\" data-widget_type=\"heading.default\">\n\t\t\t\t<div class=\"elementor-widget-container\">\n\t\t\t<h5 class=\"elementor-heading-title elementor-size-default\">Nos agents sont rev\u00eatus des tenues r\u00e9glementaires d\u2019usage et porteurs d\u2019un badge d\u2019identification personnel.<\/h5>\t\t<\/div>\n\t\t\t\t<\/div>\n\t\t\t\t\t<\/div>\n\t\t<\/div>\n\t\t\t\t<div class=\"elementor-column elementor-col-33 elementor-top-column elementor-element elementor-element-35f0b4c\" data-id=\"35f0b4c\" data-element_type=\"column\">\n\t\t\t<div class=\"elementor-widget-wrap\">\n\t\t\t\t\t\t\t\t\t<\/div>\n\t\t<\/div>\n\t\t\t\t\t\t\t<\/div>\n\t\t<\/section>\n\t\t\t\t<section class=\"elementor-section elementor-top-section elementor-element elementor-element-8257d17 elementor-section-boxed elementor-section-height-default elementor-section-height-default\" data-id=\"8257d17\" data-element_type=\"section\" data-settings=\"{&quot;_ha_eqh_enable&quot;:false}\">\n\t\t\t\t\t\t<div class=\"elementor-container elementor-column-gap-default\">\n\t\t\t\t\t<div class=\"elementor-column elementor-col-50 elementor-top-column elementor-element elementor-element-466d6d0\" data-id=\"466d6d0\" data-element_type=\"column\">\n\t\t\t<div class=\"elementor-widget-wrap elementor-element-populated\">\n\t\t\t\t\t\t\t\t<div class=\"elementor-element elementor-element-82963a3 elementor-widget elementor-widget-heading\" data-id=\"82963a3\" data-element_type=\"widget\" data-widget_type=\"heading.default\">\n\t\t\t\t<div class=\"elementor-widget-container\">\n\t\t\t<h6 class=\"elementor-heading-title elementor-size-default\"><a href=\"https:\/\/diknetsecurite.com\/index.php\/agent-de-gardiennage\/\">AGENT DE GARDIENNAGE<\/a><\/h6>\t\t<\/div>\n\t\t\t\t<\/div>\n\t\t\t\t<div class=\"elementor-element elementor-element-de36cfc elementor-widget elementor-widget-heading\" data-id=\"de36cfc\" data-element_type=\"widget\" data-widget_type=\"heading.default\">\n\t\t\t\t<div class=\"elementor-widget-container\">\n\t\t\t<h6 class=\"elementor-heading-title elementor-size-default\"><a href=\"https:\/\/diknetsecurite.com\/index.php\/agent-de-surveillance\/\">AGENT DE SURVEILLANCE<\/a><\/h6>\t\t<\/div>\n\t\t\t\t<\/div>\n\t\t\t\t<div class=\"elementor-element elementor-element-b399cb4 elementor-widget elementor-widget-heading\" data-id=\"b399cb4\" data-element_type=\"widget\" data-widget_type=\"heading.default\">\n\t\t\t\t<div class=\"elementor-widget-container\">\n\t\t\t<h6 class=\"elementor-heading-title elementor-size-default\"><a href=\"https:\/\/diknetsecurite.com\/index.php\/securite-rapprochee\/\">SECURITE RAPROCHEE<\/a><\/h6>\t\t<\/div>\n\t\t\t\t<\/div>\n\t\t\t\t<div class=\"elementor-element elementor-element-09aca14 elementor-widget elementor-widget-heading\" data-id=\"09aca14\" data-element_type=\"widget\" data-widget_type=\"heading.default\">\n\t\t\t\t<div class=\"elementor-widget-container\">\n\t\t\t<h6 class=\"elementor-heading-title elementor-size-default\"><a href=\"https:\/\/diknetsecurite.com\/index.php\/securite-des-evenements\/\"><span class=\"eael-tab-title\">SECURITE DES EVENEMENTS<\/span><\/a><\/h6>\t\t<\/div>\n\t\t\t\t<\/div>\n\t\t\t\t<div class=\"elementor-element elementor-element-571ad5c elementor-widget elementor-widget-heading\" data-id=\"571ad5c\" data-element_type=\"widget\" data-widget_type=\"heading.default\">\n\t\t\t\t<div class=\"elementor-widget-container\">\n\t\t\t<h6 class=\"elementor-heading-title elementor-size-default\"><a href=\"https:\/\/diknetsecurite.com\/index.php\/agent-covid-19\/\"><span class=\"eael-tab-title\">AGENT COVID 19<\/span><\/a><\/h6>\t\t<\/div>\n\t\t\t\t<\/div>\n\t\t\t\t<div class=\"elementor-element elementor-element-f9a44a7 elementor-widget elementor-widget-heading\" data-id=\"f9a44a7\" data-element_type=\"widget\" data-widget_type=\"heading.default\">\n\t\t\t\t<div class=\"elementor-widget-container\">\n\t\t\t<h6 class=\"elementor-heading-title elementor-size-default\"><a href=\"https:\/\/diknetsecurite.com\/index.php\/maitre-chien\/\"><span class=\"eael-tab-title\">MAITRE CHIEN<\/span><\/a><\/h6>\t\t<\/div>\n\t\t\t\t<\/div>\n\t\t\t\t<div class=\"elementor-element elementor-element-c6431c0 elementor-widget elementor-widget-heading\" data-id=\"c6431c0\" data-element_type=\"widget\" data-widget_type=\"heading.default\">\n\t\t\t\t<div class=\"elementor-widget-container\">\n\t\t\t<h6 class=\"elementor-heading-title elementor-size-default\"><a href=\"https:\/\/diknetsecurite.com\/index.php\/transport-prestige-avec-chauffeur-prive\/\"><span class=\"eael-tab-title\">TRANSPORT PRESTIGE AVEC CHAUFFEUR PRIVE<\/span><\/a><\/h6>\t\t<\/div>\n\t\t\t\t<\/div>\n\t\t\t\t\t<\/div>\n\t\t<\/div>\n\t\t\t\t<div class=\"elementor-column elementor-col-50 elementor-top-column elementor-element elementor-element-1053619\" data-id=\"1053619\" data-element_type=\"column\">\n\t\t\t<div class=\"elementor-widget-wrap elementor-element-populated\">\n\t\t\t\t\t\t\t\t<div class=\"elementor-element elementor-element-22283ce elementor-widget elementor-widget-text-editor\" data-id=\"22283ce\" data-element_type=\"widget\" data-widget_type=\"text-editor.default\">\n\t\t\t\t<div class=\"elementor-widget-container\">\n\t\t\t\t\t\t\t\t<div class=\"clearfix active-default\"><h2>SECURITE RAPROCHEE<\/h2><p><img loading=\"lazy\" class=\"alignnone wp-image-2597 size-full\" src=\"https:\/\/diknetsecurite.com\/wp-content\/uploads\/2021\/08\/img4.jpg\" alt=\"\" width=\"540\" height=\"724\" srcset=\"https:\/\/diknetsecurite.com\/wp-content\/uploads\/2021\/08\/img4.jpg 540w, https:\/\/diknetsecurite.com\/wp-content\/uploads\/2021\/08\/img4-224x300.jpg 224w\" sizes=\"(max-width: 540px) 100vw, 540px\" \/><\/p><p>Notre service d\u2019agents de protection est \u00e0 votre disposition pour prot\u00e9ger vos biens et votre propre personne. Notre <strong>agent de protection rapproch\u00e9e<\/strong>\u00a0est en mesure d\u2019assurer votre s\u00e9curit\u00e9 lors des manifestions \u00e9v\u00e8nementielles, des f\u00eates, des c\u00e9r\u00e9monies, des sorties professionnelles et autres.<br \/>Ce dernier est form\u00e9 dans les normes pour se montrer toujours discrets et respectueux vis-\u00e0-vis de la vie priv\u00e9e de nos clients. Ce dernier peut se d\u00e9placer sur toute \u00e9tendue du territoire avec des mat\u00e9riels de protection adapt\u00e9s.<\/p><\/div>\t\t\t\t\t\t<\/div>\n\t\t\t\t<\/div>\n\t\t\t\t\t<\/div>\n\t\t<\/div>\n\t\t\t\t\t\t\t<\/div>\n\t\t<\/section>\n\t\t\t\t\t\t<\/div>\n\t\t\t\t\t<\/div>\n\t\t","protected":false},"excerpt":{"rendered":"<p>Nos agents sont rev\u00eatus des tenues r\u00e9glementaires d\u2019usage et porteurs d\u2019un badge d\u2019identification personnel. AGENT DE GARDIENNAGE AGENT DE SURVEILLANCE SECURITE RAPROCHEE SECURITE DES EVENEMENTS AGENT COVID 19 MAITRE CHIEN TRANSPORT PRESTIGE AVEC CHAUFFEUR PRIVE SECURITE RAPROCHEE Notre service d\u2019agents de protection est \u00e0 votre disposition pour prot\u00e9ger vos biens et votre propre personne. Notre &hellip;<\/p>\n<p class=\"read-more\"> <a class=\"\" href=\"https:\/\/diknetsecurite.com\/index.php\/securite-rapprochee\/\"> <span class=\"screen-reader-text\">SECURITE RAPPROCHEE<\/span> Lire la suite\u00a0\u00bb<\/a><\/p>\n","protected":false},"author":1,"featured_media":0,"parent":0,"menu_order":0,"comment_status":"closed","ping_status":"closed","template":"","meta":[],"_links":{"self":[{"href":"https:\/\/diknetsecurite.com\/index.php\/wp-json\/wp\/v2\/pages\/1369"}],"collection":[{"href":"https:\/\/diknetsecurite.com\/index.php\/wp-json\/wp\/v2\/pages"}],"about":[{"href":"https:\/\/diknetsecurite.com\/index.php\/wp-json\/wp\/v2\/types\/page"}],"author":[{"embeddable":true,"href":"https:\/\/diknetsecurite.com\/index.php\/wp-json\/wp\/v2\/users\/1"}],"replies":[{"embeddable":true,"href":"https:\/\/diknetsecurite.com\/index.php\/wp-json\/wp\/v2\/comments?post=1369"}],"version-history":[{"count":25,"href":"https:\/\/diknetsecurite.com\/index.php\/wp-json\/wp\/v2\/pages\/1369\/revisions"}],"predecessor-version":[{"id":2600,"href":"https:\/\/diknetsecurite.com\/index.php\/wp-json\/wp\/v2\/pages\/1369\/revisions\/2600"}],"wp:attachment":[{"href":"https:\/\/diknetsecurite.com\/index.php\/wp-json\/wp\/v2\/media?parent=1369"}],"curies":[{"name":"wp","href":"https:\/\/api.w.org\/{rel}","templated":true}]}}