{"id":1221,"date":"2021-04-29T20:53:48","date_gmt":"2021-04-29T20:53:48","guid":{"rendered":"http:\/\/diknetsecurite.com\/?page_id=1221"},"modified":"2021-04-29T21:10:23","modified_gmt":"2021-04-29T21:10:23","slug":"nous-rejoindre","status":"publish","type":"page","link":"https:\/\/diknetsecurite.com\/index.php\/nous-rejoindre\/","title":{"rendered":"NOUS REJOINDRE"},"content":{"rendered":"\t\t<div data-elementor-type=\"wp-page\" data-elementor-id=\"1221\" class=\"elementor elementor-1221\" data-elementor-settings=\"[]\">\n\t\t\t\t\t\t\t<div class=\"elementor-section-wrap\">\n\t\t\t\t\t\t\t<section class=\"elementor-section elementor-top-section elementor-element elementor-element-5d9deff elementor-section-boxed elementor-section-height-default elementor-section-height-default\" data-id=\"5d9deff\" data-element_type=\"section\" data-settings=\"{&quot;_ha_eqh_enable&quot;:false}\">\n\t\t\t\t\t\t<div class=\"elementor-container elementor-column-gap-default\">\n\t\t\t\t\t<div class=\"elementor-column elementor-col-50 elementor-top-column elementor-element elementor-element-fa2d2de\" data-id=\"fa2d2de\" data-element_type=\"column\">\n\t\t\t<div class=\"elementor-widget-wrap elementor-element-populated\">\n\t\t\t\t\t\t\t\t<div class=\"elementor-element elementor-element-ab7b3f4 elementor-widget elementor-widget-heading\" data-id=\"ab7b3f4\" data-element_type=\"widget\" data-widget_type=\"heading.default\">\n\t\t\t\t<div class=\"elementor-widget-container\">\n\t\t\t<h2 class=\"elementor-heading-title elementor-size-default\">NOUS REJOINDRE<\/h2>\t\t<\/div>\n\t\t\t\t<\/div>\n\t\t\t\t<div class=\"elementor-element elementor-element-03dacf9 elementor-widget elementor-widget-text-editor\" data-id=\"03dacf9\" data-element_type=\"widget\" data-widget_type=\"text-editor.default\">\n\t\t\t\t<div class=\"elementor-widget-container\">\n\t\t\t\t\t\t\t\t<p>Nous offrons des stages et emploi \u00e0 toutes personnes int\u00e9ress\u00e9 par la s\u00e9curit\u00e9.<\/p><p>Notre mission est d\u2019instaurer la paix, la qui\u00e9tude sociale et la cr\u00e9ation de l\u2019emploi pour les jeunes (homes et femmes) et la lutte contre le ch\u00f4mage<\/p>\t\t\t\t\t\t<\/div>\n\t\t\t\t<\/div>\n\t\t\t\t<div class=\"elementor-element elementor-element-27c8a66 eael-wpforms-form-button-full-width eael-wpforms-labels-yes elementor-widget elementor-widget-eael-wpforms\" data-id=\"27c8a66\" data-element_type=\"widget\" data-widget_type=\"eael-wpforms.default\">\n\t\t\t\t<div class=\"elementor-widget-container\">\n\t\t\t            <div class=\"eael-contact-form eael-wpforms eael-contact-form-align-left\">\n                                <div class=\"wpforms-container wpforms-container-full\" id=\"wpforms-1172\"><form id=\"wpforms-form-1172\" class=\"wpforms-validate wpforms-form\" data-formid=\"1172\" method=\"post\" enctype=\"multipart\/form-data\" action=\"\/index.php\/wp-json\/wp\/v2\/pages\/1221?wpforms_form_id=1172\" data-token=\"7246c1e1d8dea0060b3bdc5ca6bdc1b1\"><div class=\"wpforms-head-container\"><\/div><noscript class=\"wpforms-error-noscript\">Veuillez activer JavaScript dans votre navigateur pour remplir ce formulaire.<\/noscript><div class=\"wpforms-field-container\"><div id=\"wpforms-1172-field_0-container\" class=\"wpforms-field wpforms-field-name\" data-field-id=\"0\"><label class=\"wpforms-field-label\" for=\"wpforms-1172-field_0\">Nom <span class=\"wpforms-required-label\">*<\/span><\/label><div class=\"wpforms-field-row wpforms-field-medium\"><div class=\"wpforms-field-row-block wpforms-first wpforms-one-half\"><input type=\"text\" id=\"wpforms-1172-field_0\" class=\"wpforms-field-name-first wpforms-field-required\" name=\"wpforms[fields][0][first]\" required><label for=\"wpforms-1172-field_0\" class=\"wpforms-field-sublabel after \">Pr\u00e9nom<\/label><\/div><div class=\"wpforms-field-row-block wpforms-one-half\"><input type=\"text\" id=\"wpforms-1172-field_0-last\" class=\"wpforms-field-name-last wpforms-field-required\" name=\"wpforms[fields][0][last]\" required><label for=\"wpforms-1172-field_0-last\" class=\"wpforms-field-sublabel after \">Nom<\/label><\/div><\/div><\/div><div id=\"wpforms-1172-field_13-container\" class=\"wpforms-field wpforms-field-email\" data-field-id=\"13\"><label class=\"wpforms-field-label\" for=\"wpforms-1172-field_13\">E-mail <span class=\"wpforms-required-label\">*<\/span><\/label><input type=\"email\" id=\"wpforms-1172-field_13\" class=\"wpforms-field-medium wpforms-field-required\" name=\"wpforms[fields][13]\" required><\/div><div id=\"wpforms-1172-field_8-container\" class=\"wpforms-field wpforms-field-phone\" data-field-id=\"8\"><label class=\"wpforms-field-label\" for=\"wpforms-1172-field_8\">T\u00e9l\u00e9phone <span class=\"wpforms-required-label\">*<\/span><\/label><input type=\"tel\" id=\"wpforms-1172-field_8\" class=\"wpforms-field-medium wpforms-field-required wpforms-smart-phone-field\" data-rule-smart-phone-field=\"true\" name=\"wpforms[fields][8]\" placeholder=\" \" required><\/div><div id=\"wpforms-1172-field_10-container\" class=\"wpforms-field wpforms-field-payment-multiple wpforms-list-3-columns\" data-field-id=\"10\"><label class=\"wpforms-field-label\" for=\"wpforms-1172-field_10\">Fonction souhait\u00e9e <span class=\"wpforms-required-label\">*<\/span><\/label><ul id=\"wpforms-1172-field_10\" class=\"wpforms-field-required\"><li class=\"choice-1\"><input type=\"radio\" id=\"wpforms-1172-field_10_1\" class=\"wpforms-payment-price\" data-amount=\"10.00\" name=\"wpforms[fields][10]\" value=\"1\" required ><label class=\"wpforms-field-label-inline\" for=\"wpforms-1172-field_10_1\">Agent de gardiennage<\/label><\/li><li class=\"choice-2\"><input type=\"radio\" id=\"wpforms-1172-field_10_2\" class=\"wpforms-payment-price\" data-amount=\"25.00\" name=\"wpforms[fields][10]\" value=\"2\" required ><label class=\"wpforms-field-label-inline\" for=\"wpforms-1172-field_10_2\">Agent de s\u00e9curit\u00e9<\/label><\/li><li class=\"choice-3\"><input type=\"radio\" id=\"wpforms-1172-field_10_3\" class=\"wpforms-payment-price\" data-amount=\"50.00\" name=\"wpforms[fields][10]\" value=\"3\" required ><label class=\"wpforms-field-label-inline\" for=\"wpforms-1172-field_10_3\">Agent de protection<\/label><\/li><li class=\"choice-4\"><input type=\"radio\" id=\"wpforms-1172-field_10_4\" class=\"wpforms-payment-price\" data-amount=\"0.00\" name=\"wpforms[fields][10]\" value=\"4\" required ><label class=\"wpforms-field-label-inline\" for=\"wpforms-1172-field_10_4\">S\u00e9curit\u00e9 rapproch\u00e9e<\/label><\/li><li class=\"choice-5\"><input type=\"radio\" id=\"wpforms-1172-field_10_5\" class=\"wpforms-payment-price\" data-amount=\"0.00\" name=\"wpforms[fields][10]\" value=\"5\" required ><label class=\"wpforms-field-label-inline\" for=\"wpforms-1172-field_10_5\">S\u00e9curit\u00e9 des \u00e9venements<\/label><\/li><li class=\"choice-6\"><input type=\"radio\" id=\"wpforms-1172-field_10_6\" class=\"wpforms-payment-price\" data-amount=\"0.00\" name=\"wpforms[fields][10]\" value=\"6\" required ><label class=\"wpforms-field-label-inline\" for=\"wpforms-1172-field_10_6\">Ma\u00eetre chien<\/label><\/li><li class=\"choice-7\"><input type=\"radio\" id=\"wpforms-1172-field_10_7\" class=\"wpforms-payment-price\" data-amount=\"0.00\" name=\"wpforms[fields][10]\" value=\"7\" required ><label class=\"wpforms-field-label-inline\" for=\"wpforms-1172-field_10_7\">Agent COVID 19<\/label><\/li><li class=\"choice-8\"><input type=\"radio\" id=\"wpforms-1172-field_10_8\" class=\"wpforms-payment-price\" data-amount=\"0.00\" name=\"wpforms[fields][10]\" value=\"8\" required ><label class=\"wpforms-field-label-inline\" for=\"wpforms-1172-field_10_8\">Chauffeur priv\u00e9e<\/label><\/li><\/ul><\/div><div id=\"wpforms-1172-field_9-container\" class=\"wpforms-field wpforms-field-file-upload\" data-field-id=\"9\"><label class=\"wpforms-field-label\" for=\"wpforms-1172-field_9\">Extrait de Naissance <span class=\"wpforms-required-label\">*<\/span><\/label><input type=\"file\" id=\"wpforms-1172-field_9\" class=\"wpforms-field-required\" data-rule-extension=\"pdf,jpeg\" data-rule-maxsize=\"167772160\" name=\"wpforms_1172_9\" accept=\".pdf,.jpeg\" required><div class=\"wpforms-field-description\">Formats autoris\u00e9s : PDF, JPEG<\/div><\/div><div id=\"wpforms-1172-field_14-container\" class=\"wpforms-field wpforms-field-file-upload\" data-field-id=\"14\"><label class=\"wpforms-field-label\" for=\"wpforms-1172-field_14\">Carte d&#039;indentit\u00e9 nationale <span class=\"wpforms-required-label\">*<\/span><\/label><input type=\"file\" id=\"wpforms-1172-field_14\" class=\"wpforms-field-required\" data-rule-extension=\"pdf,jpeg\" data-rule-maxsize=\"167772160\" name=\"wpforms_1172_14\" accept=\".pdf,.jpeg\" required><div class=\"wpforms-field-description\">Formats autoris\u00e9s : PDF, JPEG<\/div><\/div><div id=\"wpforms-1172-field_15-container\" class=\"wpforms-field wpforms-field-file-upload\" data-field-id=\"15\"><label class=\"wpforms-field-label\" for=\"wpforms-1172-field_15\">Casier Judiciaire <span class=\"wpforms-required-label\">*<\/span><\/label><input type=\"file\" id=\"wpforms-1172-field_15\" class=\"wpforms-field-required\" data-rule-extension=\"pdf,jpeg\" data-rule-maxsize=\"167772160\" name=\"wpforms_1172_15\" accept=\".pdf,.jpeg\" required><div class=\"wpforms-field-description\">Formats autoris\u00e9s : PDF, JPEG<\/div><\/div><div id=\"wpforms-1172-field_16-container\" class=\"wpforms-field wpforms-field-file-upload\" data-field-id=\"16\"><label class=\"wpforms-field-label\" for=\"wpforms-1172-field_16\">Certificat de nationalit\u00e9 <span class=\"wpforms-required-label\">*<\/span><\/label><input type=\"file\" id=\"wpforms-1172-field_16\" class=\"wpforms-field-required\" data-rule-extension=\"pdf,jpeg\" data-rule-maxsize=\"167772160\" name=\"wpforms_1172_16\" accept=\".pdf,.jpeg\" required><div class=\"wpforms-field-description\">Formats autoris\u00e9s : PDF, JPEG<\/div><\/div><div id=\"wpforms-1172-field_17-container\" class=\"wpforms-field wpforms-field-file-upload\" data-field-id=\"17\"><label class=\"wpforms-field-label\" for=\"wpforms-1172-field_17\">Certificat de r\u00e9sidence <span class=\"wpforms-required-label\">*<\/span><\/label><input type=\"file\" id=\"wpforms-1172-field_17\" class=\"wpforms-field-required\" data-rule-extension=\"pdf,jpeg\" data-rule-maxsize=\"167772160\" name=\"wpforms_1172_17\" accept=\".pdf,.jpeg\" required><div class=\"wpforms-field-description\">Formats autoris\u00e9s : PDF, JPEG<\/div><\/div><div id=\"wpforms-1172-field_18-container\" class=\"wpforms-field wpforms-field-file-upload\" data-field-id=\"18\"><label class=\"wpforms-field-label\" for=\"wpforms-1172-field_18\">Photo d&#039;identit\u00e9 <span class=\"wpforms-required-label\">*<\/span><\/label><input type=\"file\" id=\"wpforms-1172-field_18\" class=\"wpforms-field-required\" data-rule-extension=\"pdf,jpeg\" data-rule-maxsize=\"167772160\" name=\"wpforms_1172_18\" accept=\".pdf,.jpeg\" required><div class=\"wpforms-field-description\">Formats autoris\u00e9s : PDF, JPEG<\/div><\/div><div id=\"wpforms-1172-field_19-container\" class=\"wpforms-field wpforms-field-file-upload\" data-field-id=\"19\"><label class=\"wpforms-field-label\" for=\"wpforms-1172-field_19\">Visite contre visite <span class=\"wpforms-required-label\">*<\/span><\/label><input type=\"file\" id=\"wpforms-1172-field_19\" class=\"wpforms-field-required\" data-rule-extension=\"pdf,jpeg\" data-rule-maxsize=\"167772160\" name=\"wpforms_1172_19\" accept=\".pdf,.jpeg\" required><div class=\"wpforms-field-description\">Formats autoris\u00e9s : PDF, JPEG<\/div><\/div><div id=\"wpforms-1172-field_11-container\" class=\"wpforms-field wpforms-field-textarea\" data-field-id=\"11\"><label class=\"wpforms-field-label\" for=\"wpforms-1172-field_11\">Votre demande <span class=\"wpforms-required-label\">*<\/span><\/label><textarea id=\"wpforms-1172-field_11\" class=\"wpforms-field-medium wpforms-field-required\" name=\"wpforms[fields][11]\" required><\/textarea><div class=\"wpforms-field-description\">500 caract\u00e8res maximum<\/div><\/div><\/div><div class=\"wpforms-field wpforms-field-hp\"><label for=\"wpforms-1172-field-hp\" class=\"wpforms-field-label\">Phone<\/label><input type=\"text\" name=\"wpforms[hp]\" id=\"wpforms-1172-field-hp\" class=\"wpforms-field-medium\"><\/div><div class=\"wpforms-submit-container\" ><input type=\"hidden\" name=\"wpforms[id]\" value=\"1172\"><input type=\"hidden\" name=\"wpforms[author]\" value=\"1\"><button type=\"submit\" name=\"wpforms[submit]\" class=\"wpforms-submit \" id=\"wpforms-submit-1172\" value=\"wpforms-submit\" aria-live=\"assertive\" data-alt-text=\"Envoi...\" data-submit-text=\"Envoyer\">Envoyer<\/button><\/div><\/form><\/div>  <!-- .wpforms-container -->            <\/div>\n\t\t<\/div>\n\t\t\t\t<\/div>\n\t\t\t\t\t<\/div>\n\t\t<\/div>\n\t\t\t\t<div class=\"elementor-column elementor-col-50 elementor-top-column elementor-element elementor-element-b466377\" data-id=\"b466377\" data-element_type=\"column\">\n\t\t\t<div class=\"elementor-widget-wrap elementor-element-populated\">\n\t\t\t\t\t\t\t\t<div class=\"elementor-element elementor-element-bc066d0 elementor-view-stacked elementor-shape-circle elementor-widget elementor-widget-icon\" data-id=\"bc066d0\" data-element_type=\"widget\" data-widget_type=\"icon.default\">\n\t\t\t\t<div class=\"elementor-widget-container\">\n\t\t\t\t\t<div class=\"elementor-icon-wrapper\">\n\t\t\t<div class=\"elementor-icon\">\n\t\t\t<i aria-hidden=\"true\" class=\"fas fa-server\"><\/i>\t\t\t<\/div>\n\t\t<\/div>\n\t\t\t\t<\/div>\n\t\t\t\t<\/div>\n\t\t\t\t<div class=\"elementor-element elementor-element-5db5b25 elementor-widget elementor-widget-heading\" data-id=\"5db5b25\" data-element_type=\"widget\" data-widget_type=\"heading.default\">\n\t\t\t\t<div class=\"elementor-widget-container\">\n\t\t\t<h2 class=\"elementor-heading-title elementor-size-default\">Nos Services<\/h2>\t\t<\/div>\n\t\t\t\t<\/div>\n\t\t\t\t<div class=\"elementor-element elementor-element-c79b319 elementor-widget elementor-widget-eael-adv-accordion\" data-id=\"c79b319\" data-element_type=\"widget\" data-widget_type=\"eael-adv-accordion.default\">\n\t\t\t\t<div class=\"elementor-widget-container\">\n\t\t\t        <div class=\"eael-adv-accordion\" id=\"eael-adv-accordion-c79b319\" data-accordion-id=\"c79b319\" data-accordion-type=\"accordion\" data-toogle-speed=\"300\">\n    <div class=\"eael-accordion-list\">\n                <div id=\"elementor-tab-title-2091\" class=\"elementor-tab-title eael-accordion-header\" tabindex=\"2091\" data-tab=\"1\" role=\"tab\" aria-controls=\"elementor-tab-content-2091\"><i aria-hidden=\"true\" class=\"fa-accordion-icon fas fa-plus\"><\/i><span class=\"eael-accordion-tab-title\">SERVICE GARDIENNAGE ET SECURITE<\/span><i aria-hidden=\"true\" class=\"fa-toggle fas fa-angle-right\"><\/i><\/div><div id=\"elementor-tab-content-2091\" class=\"eael-accordion-content clearfix\" data-tab=\"1\" role=\"tabpanel\" aria-labelledby=\"elementor-tab-title-2091\"><p><p>Notre\u00a0<strong>service de gardiennage<\/strong>\u00a0est mis en place pour dissuader les personnes malveillantes et pour lutter contre les risques d\u2019incendie sur tout site donn\u00e9. Nous assurons le gardiennage des entreprises, des chantiers en construction en effectuant des rondes r\u00e9guli\u00e8rement.<br \/>Nos agents de garde sont op\u00e9rationnels 24h\/24 et 7J\/7 pour combler les attentes de nos clients.<\/p><\/p><\/div>\n                <\/div><div class=\"eael-accordion-list\">\n                <div id=\"elementor-tab-title-2092\" class=\"elementor-tab-title eael-accordion-header\" tabindex=\"2092\" data-tab=\"2\" role=\"tab\" aria-controls=\"elementor-tab-content-2092\"><i aria-hidden=\"true\" class=\"fa-accordion-icon fas fa-plus\"><\/i><span class=\"eael-accordion-tab-title\">AGENT DE SURVEILLANCE<\/span><i aria-hidden=\"true\" class=\"fa-toggle fas fa-angle-right\"><\/i><\/div><div id=\"elementor-tab-content-2092\" class=\"eael-accordion-content clearfix\" data-tab=\"2\" role=\"tabpanel\" aria-labelledby=\"elementor-tab-title-2092\"><p><p>Notre agent de surveillance est charg\u00e9 d\u2019accueillir vos visiteurs et votre personnel tout en assurant un contr\u00f4le d\u2019acc\u00e8s pour \u00e9viter toute intrusion par le biais des rondes de nos agents.<br \/><strong>Notre \u00e9quipe est \u00e9galement dispos\u00e9e \u00e0 faire les installations des cam\u00e9ras vid\u00e9o de surveillance et de syst\u00e8me d\u2019alarme dans les centres commerciaux, ou r\u00e9sidence priv\u00e9e.<\/strong><\/p><\/p><\/div>\n                <\/div><div class=\"eael-accordion-list\">\n                <div id=\"elementor-tab-title-2093\" class=\"elementor-tab-title eael-accordion-header\" tabindex=\"2093\" data-tab=\"3\" role=\"tab\" aria-controls=\"elementor-tab-content-2093\"><i aria-hidden=\"true\" class=\"fa-accordion-icon fas fa-plus\"><\/i><span class=\"eael-accordion-tab-title\">AGENT DE PROTECTION<\/span><i aria-hidden=\"true\" class=\"fa-toggle fas fa-angle-right\"><\/i><\/div><div id=\"elementor-tab-content-2093\" class=\"eael-accordion-content clearfix\" data-tab=\"3\" role=\"tabpanel\" aria-labelledby=\"elementor-tab-title-2093\"><p><p>Notre service d\u2019agent de protection est \u00e0 votre disposition pour prot\u00e9ger vos biens et votre propre personne. Notre\u00a0<strong>agent de protection rapproch\u00e9e<\/strong>\u00a0est en mesure d\u2019assurer votre s\u00e9curit\u00e9 lors des manifestions \u00e9v\u00e8nementielles, des f\u00eates, des c\u00e9r\u00e9monies, des sorties professionnelles et autres.<br \/>Ce dernier est form\u00e9 dans les normes pour se montrer toujours discrets et respectueux vis-\u00e0-vis de la vie priv\u00e9e de nos clients. Ce dernier peut se d\u00e9placer sur toute \u00e9tendue du territoire avec des mat\u00e9riels de protection adapt\u00e9s<\/p><\/p><\/div>\n                <\/div><div class=\"eael-accordion-list\">\n                <div id=\"elementor-tab-title-2094\" class=\"elementor-tab-title eael-accordion-header\" tabindex=\"2094\" data-tab=\"4\" role=\"tab\" aria-controls=\"elementor-tab-content-2094\"><i aria-hidden=\"true\" class=\"fa-accordion-icon fas fa-plus\"><\/i><span class=\"eael-accordion-tab-title\">SECURITE EVENEMENTIELLE<\/span><i aria-hidden=\"true\" class=\"fa-toggle fas fa-angle-right\"><\/i><\/div><div id=\"elementor-tab-content-2094\" class=\"eael-accordion-content clearfix\" data-tab=\"4\" role=\"tabpanel\" aria-labelledby=\"elementor-tab-title-2094\"><p><p>Pour votre s\u00e9curit\u00e9 \u00e9v\u00e8nementielle, nous avons recrut\u00e9s des agents sur des crit\u00e8res de choix et form\u00e9s sp\u00e9cialement dans la gestion de la foule et de conflits dans les r\u00e8gles de l\u2019art. Notre\u00a0<strong>service de s\u00e9curit\u00e9 \u00e9v\u00e8nementiel<\/strong>\u00a0est bas\u00e9 sur un bon encadrement et un accueil. Nos agents de s\u00e9curit\u00e9 contr\u00f4lent tous les acc\u00e8s et entr\u00e9es de l\u2019\u00e9v\u00e8nement afin d\u2019avoir une id\u00e9e de la liste des invit\u00e9s que ce soit pour un mariage, un anniversaire, un night-club, un d\u00eener gala, une c\u00e9r\u00e9monie de r\u00e9compense et bien plus encore. Ces derniers font en sorte de prot\u00e9ger les VIP en toute discr\u00e9tion et dans un cadre strictement l\u00e9gal<\/p><\/p><\/div>\n                <\/div><\/div>\t\t<\/div>\n\t\t\t\t<\/div>\n\t\t\t\t\t<\/div>\n\t\t<\/div>\n\t\t\t\t\t\t\t<\/div>\n\t\t<\/section>\n\t\t\t\t\t\t<\/div>\n\t\t\t\t\t<\/div>\n\t\t","protected":false},"excerpt":{"rendered":"<p>NOUS REJOINDRE Nous offrons des stages et emploi \u00e0 toutes personnes int\u00e9ress\u00e9 par la s\u00e9curit\u00e9. Notre mission est d\u2019instaurer la paix, la qui\u00e9tude sociale et la cr\u00e9ation de l\u2019emploi pour les jeunes (homes et femmes) et la lutte contre le ch\u00f4mage Please enable JavaScript in your browser to complete this form.Nom *Pr\u00e9nomNomEmail *T\u00e9l\u00e9phone *Fonction souhait\u00e9e &hellip;<\/p>\n<p class=\"read-more\"> <a class=\"\" href=\"https:\/\/diknetsecurite.com\/index.php\/nous-rejoindre\/\"> <span class=\"screen-reader-text\">NOUS REJOINDRE<\/span> Lire la suite\u00a0\u00bb<\/a><\/p>\n","protected":false},"author":1,"featured_media":0,"parent":0,"menu_order":0,"comment_status":"closed","ping_status":"closed","template":"","meta":[],"_links":{"self":[{"href":"https:\/\/diknetsecurite.com\/index.php\/wp-json\/wp\/v2\/pages\/1221"}],"collection":[{"href":"https:\/\/diknetsecurite.com\/index.php\/wp-json\/wp\/v2\/pages"}],"about":[{"href":"https:\/\/diknetsecurite.com\/index.php\/wp-json\/wp\/v2\/types\/page"}],"author":[{"embeddable":true,"href":"https:\/\/diknetsecurite.com\/index.php\/wp-json\/wp\/v2\/users\/1"}],"replies":[{"embeddable":true,"href":"https:\/\/diknetsecurite.com\/index.php\/wp-json\/wp\/v2\/comments?post=1221"}],"version-history":[{"count":4,"href":"https:\/\/diknetsecurite.com\/index.php\/wp-json\/wp\/v2\/pages\/1221\/revisions"}],"predecessor-version":[{"id":1231,"href":"https:\/\/diknetsecurite.com\/index.php\/wp-json\/wp\/v2\/pages\/1221\/revisions\/1231"}],"wp:attachment":[{"href":"https:\/\/diknetsecurite.com\/index.php\/wp-json\/wp\/v2\/media?parent=1221"}],"curies":[{"name":"wp","href":"https:\/\/api.w.org\/{rel}","templated":true}]}}